{"id":57619,"date":"2021-12-21T15:05:09","date_gmt":"2021-12-21T14:05:09","guid":{"rendered":"https:\/\/www.kinderwunsch-institut.at\/treemates\/"},"modified":"2023-12-06T14:14:56","modified_gmt":"2023-12-06T13:14:56","slug":"treemates","status":"publish","type":"page","link":"https:\/\/www.kinderwunsch-institut.at\/hr\/treemates\/","title":{"rendered":"TreeMates"},"content":{"rendered":"<style>.kb-row-layout-id_416a9b-43 > .kt-row-column-wrap{align-content:start;}:where(.kb-row-layout-id_416a9b-43 > .kt-row-column-wrap) > .wp-block-kadence-column{justify-content:start;}.kb-row-layout-id_416a9b-43 > .kt-row-column-wrap{column-gap:80px;row-gap:var(--global-kb-gap-md, 2rem);padding-top:var(--global-kb-spacing-sm, 1.5rem);padding-bottom:var(--global-kb-spacing-sm, 1.5rem);grid-template-columns:minmax(0, calc(50% - ((80px * 1 )\/2)))minmax(0, calc(50% - ((80px * 1 )\/2)));}.kb-row-layout-id_416a9b-43 > .kt-row-layout-overlay{opacity:0.30;}@media all and (max-width: 1024px){.kb-row-layout-id_416a9b-43 > .kt-row-column-wrap{grid-template-columns:repeat(2, minmax(0, 1fr));}}@media all and (max-width: 767px){.kb-row-layout-id_416a9b-43 > .kt-row-column-wrap{grid-template-columns:minmax(0, 1fr);}}<\/style><div class=\"kb-row-layout-wrap kb-row-layout-id_416a9b-43 alignnone wp-block-kadence-rowlayout\"><div class=\"kt-row-column-wrap kt-has-2-columns kt-row-layout-equal kt-tab-layout-inherit kt-mobile-layout-row kt-row-valign-top\">\n<style>.kadence-column_393be5-78 > .kt-inside-inner-col,.kadence-column_393be5-78 > .kt-inside-inner-col:before{border-top-left-radius:0px;border-top-right-radius:0px;border-bottom-right-radius:0px;border-bottom-left-radius:0px;}.kadence-column_393be5-78 > .kt-inside-inner-col{column-gap:var(--global-kb-gap-sm, 1rem);}.kadence-column_393be5-78 > .kt-inside-inner-col{flex-direction:column;}.kadence-column_393be5-78 > .kt-inside-inner-col > .aligncenter{width:100%;}.kadence-column_393be5-78 > .kt-inside-inner-col:before{opacity:0.3;}.kadence-column_393be5-78{position:relative;}@media all and (max-width: 1024px){.kadence-column_393be5-78 > .kt-inside-inner-col{flex-direction:column;justify-content:center;}}@media all and (max-width: 767px){.kadence-column_393be5-78 > .kt-inside-inner-col{flex-direction:column;justify-content:center;}}<\/style>\n<div class=\"wp-block-kadence-column kadence-column_393be5-78 inner-column-1\"><div class=\"kt-inside-inner-col\">\n<h1 class=\"wp-block-heading\">Na\u0161e srce kuca za budu\u0107nost na\u0161e djece<\/h1>\n\n\n\n<p class=\"has-primary-darker-color has-text-color\">\u010cinimo svijet pomalo zelenijim i djelujemo aktivno protiv klimatskih promjena. Svaki put, kada na\u0161em insititu \u201eKinderwunsch Institut\u201c mjerimo pozitivan rad srca djeteta u maternici, zajedno s udru\u017eenjem&nbsp;<a href=\"https:\/\/www.treemates.net\/\" target=\"_blank\" rel=\"noreferrer noopener\">TreeMates<\/a>&nbsp;sadimo jedno drvo. Isto tako, svakom digitalnom konzultacijom i razgovorem putem telefonskih poziva, ne \u0161tedimo samo CO2-emisije koje nastaju putovanjem u visini od od 185 g\/km, ve\u0107 i u tom slu\u010daju zasadimo po razgovoru jedno drvo.<\/p>\n\n\n<div class=\"treemates__counter\">Ve\u0107 zasa\u0111eno stabala: <span id=\"treemates__tree-counter\">728<\/span><\/div>\n\n\n\n<div class=\"wp-block-buttons is-layout-flex wp-block-buttons-is-layout-flex\">\n<div class=\"wp-block-button button-treemates\"><a class=\"wp-block-button__link wp-element-button\" href=\"https:\/\/kiwi.treemates.net\/\">PRIDRU\u017dITE SE SADA<\/a><\/div>\n<\/div>\n\n\n<style>.wp-block-kadence-spacer.kt-block-spacer-_782cb4-f8 .kt-block-spacer{height:60px;}.wp-block-kadence-spacer.kt-block-spacer-_782cb4-f8 .kt-divider{border-top-width:1px;height:1px;border-top-color:#eee;width:80%;border-top-style:solid;}<\/style>\n<div class=\"wp-block-kadence-spacer aligncenter kt-block-spacer-_782cb4-f8\"><div class=\"kt-block-spacer kt-block-spacer-halign-center\"><\/div><\/div>\n\n\n\n<p><strong>\u0160to je TreeMates?<\/strong><\/p>\n\n\n\n<p>TreeMates je projekt za odr\u017eivo po\u0161umljavanje. U tropima, gdje je posljednjih desetlje\u0107a pra\u0161uma sustavno uni\u0161tavana, lokalni farmeri ponovno sade drve\u0107e uz va\u0161u pomo\u0107. Osim pozitivnog u\u010dinka na globalnu klimu, mo\u017ee se ona taj na\u010din obnoviti i stani\u0161te za \u017eivotinje i ljude.<\/p>\n<\/div><\/div>\n\n\n<style>.kadence-column_84f0dd-0e > .kt-inside-inner-col,.kadence-column_84f0dd-0e > .kt-inside-inner-col:before{border-top-left-radius:0px;border-top-right-radius:0px;border-bottom-right-radius:0px;border-bottom-left-radius:0px;}.kadence-column_84f0dd-0e > .kt-inside-inner-col{column-gap:var(--global-kb-gap-sm, 1rem);}.kadence-column_84f0dd-0e > .kt-inside-inner-col{flex-direction:column;}.kadence-column_84f0dd-0e > .kt-inside-inner-col > .aligncenter{width:100%;}.kadence-column_84f0dd-0e > .kt-inside-inner-col:before{opacity:0.3;}.kadence-column_84f0dd-0e{position:relative;}@media all and (max-width: 1024px){.kadence-column_84f0dd-0e > .kt-inside-inner-col{flex-direction:column;justify-content:center;}}@media all and (max-width: 767px){.kadence-column_84f0dd-0e > .kt-inside-inner-col{flex-direction:column;justify-content:center;}}<\/style>\n<div class=\"wp-block-kadence-column kadence-column_84f0dd-0e inner-column-2\"><div class=\"kt-inside-inner-col\">\n<figure class=\"wp-block-image aligncenter size-full fancy__img-bubble fancy__img-bubble--primary is-style-default\"><img loading=\"lazy\" decoding=\"async\" width=\"609\" height=\"800\" src=\"https:\/\/www.kinderwunsch-institut.at\/wp-content\/uploads\/2022\/03\/treemates2.png\" alt=\"\" class=\"wp-image-1218\" srcset=\"https:\/\/www.kinderwunsch-institut.at\/wp-content\/uploads\/2022\/03\/treemates2.png 609w, https:\/\/www.kinderwunsch-institut.at\/wp-content\/uploads\/2022\/03\/treemates2-228x300.png 228w\" sizes=\"auto, (max-width: 609px) 100vw, 609px\" \/><\/figure>\n<\/div><\/div>\n\n<\/div><\/div>","protected":false},"excerpt":{"rendered":"<p>Na\u0161e srce kuca za budu\u0107nost na\u0161e djece \u010cinimo svijet pomalo zelenijim i djelujemo aktivno protiv klimatskih promjena. Svaki put, kada na\u0161em insititu \u201eKinderwunsch Institut\u201c mjerimo pozitivan rad srca djeteta u maternici, zajedno s udru\u017eenjem&nbsp;TreeMates&nbsp;sadimo jedno drvo. Isto tako, svakom digitalnom konzultacijom i razgovorem putem telefonskih poziva, ne \u0161tedimo samo CO2-emisije koje nastaju putovanjem u visini [&hellip;]<\/p>\n","protected":false},"author":2,"featured_media":0,"parent":0,"menu_order":19,"comment_status":"closed","ping_status":"closed","template":"","meta":{"_acf_changed":false,"inline_featured_image":false,"_kad_blocks_custom_css":"","_kad_blocks_head_custom_js":"","_kad_blocks_body_custom_js":"","_kad_blocks_footer_custom_js":"","footnotes":""},"class_list":["post-57619","page","type-page","status-publish","hentry"],"acf":[],"featured_image_src_large":false,"author_info":{"display_name":"content","author_link":"https:\/\/www.kinderwunsch-institut.at\/hr\/author\/content\/"},"comment_info":0,"taxonomy_info":[],"_links":{"self":[{"href":"https:\/\/www.kinderwunsch-institut.at\/hr\/wp-json\/wp\/v2\/pages\/57619","targetHints":{"allow":["GET"]}}],"collection":[{"href":"https:\/\/www.kinderwunsch-institut.at\/hr\/wp-json\/wp\/v2\/pages"}],"about":[{"href":"https:\/\/www.kinderwunsch-institut.at\/hr\/wp-json\/wp\/v2\/types\/page"}],"author":[{"embeddable":true,"href":"https:\/\/www.kinderwunsch-institut.at\/hr\/wp-json\/wp\/v2\/users\/2"}],"replies":[{"embeddable":true,"href":"https:\/\/www.kinderwunsch-institut.at\/hr\/wp-json\/wp\/v2\/comments?post=57619"}],"version-history":[{"count":7,"href":"https:\/\/www.kinderwunsch-institut.at\/hr\/wp-json\/wp\/v2\/pages\/57619\/revisions"}],"predecessor-version":[{"id":59954,"href":"https:\/\/www.kinderwunsch-institut.at\/hr\/wp-json\/wp\/v2\/pages\/57619\/revisions\/59954"}],"wp:attachment":[{"href":"https:\/\/www.kinderwunsch-institut.at\/hr\/wp-json\/wp\/v2\/media?parent=57619"}],"curies":[{"name":"wp","href":"https:\/\/api.w.org\/{rel}","templated":true}]}}