{"id":57617,"date":"2022-03-28T09:34:34","date_gmt":"2022-03-28T07:34:34","guid":{"rendered":"https:\/\/www.kinderwunsch-institut.at\/impressum\/"},"modified":"2023-09-14T12:48:16","modified_gmt":"2023-09-14T10:48:16","slug":"impresum","status":"publish","type":"page","link":"https:\/\/www.kinderwunsch-institut.at\/hr\/impresum\/","title":{"rendered":"Impresum"},"content":{"rendered":"\n<p>Das Kinderwunsch Institut Schenk GmbH<br>Institut za reprodukcijsku medicinu i klini\u010dku embriologiju<\/p>\n\n\n\n<h3 class=\"wp-block-heading\">Adresa i kontakt<\/h3>\n\n\n\n<p>Am Sendergrund 11 + 12<br>A-8143 Dobl<br>T&nbsp;+43 (0) 3136 55111<br>F&nbsp;+43 (0) 3136 55111 15<br>E&nbsp;<a href=\"mailto:office@kinderwunsch-institut.at\" target=\"_blank\" rel=\"noreferrer noopener\">office@kinderwunsch-institut.at<\/a><br><br><strong>Bankovna veza:<\/strong><br>Raiffeisenbank Leibnitz,<br>Oznaka banke BLZ: 38206<br>Broj ra\u010duna: 147256<br>IBAN: AT10 3820 6000 0014 7256, <br>BIC: RZSTAT2G206<\/p>\n\n\n\n<p>PDV:&nbsp;ATU 482 352 08<br>Mati\u010dni broj tvrtke:&nbsp;190 139 t<br>Austrijski sud pri kojem se vodi registar trgova\u010dkih dru\u0161tava:<br>Pokrajinski sud za gra\u0111anske stvari Graz \u201eLandesgericht f\u00fcr ZRS Graz\u201c<br><br><strong>Izvr\u0161ni direktor:<\/strong><br>Prim. Priv. Doz. Dr. med.univ, Michael Schenk, MAS<br><br><strong>\u010clanstvo u komori:<\/strong><br>\u010clan Savezne gospodarske komore Austrije<br><br><strong>Nadzorno tijelo:<\/strong><br>Vlada savezne pokrajine \u0160tajerske \u201eStmk. Landesregierung\u201c,<br>pravni odjel RA 12\/\u00d6\u00c4K (Lije\u010dni\u010dka komora Austrije)<br><br><strong>Koncept\/dizajn\/izrada web stranice:<\/strong><br>Promid\u017ebena agencija \"Madison Werbeagentur\", <a href=\"https:\/\/www.madison.at\/\" target=\"_blank\" rel=\"noreferrer noopener\">www.madison.at<\/a>&nbsp;x&nbsp;Tronic Innovation GmbH,&nbsp;<a href=\"https:\/\/tronic.digital\/\" target=\"_blank\" rel=\"noreferrer noopener\">www.tronic-i.com<\/a><\/p>\n\n\n\n<h3 class=\"wp-block-heading\">Slike, ilustracije<\/h3>\n\n\n\n<p>Institut \u201cKinderwunsch Institut Schenk GmbH\u201d, Luef Light, promid\u017ebena agencija \u201cMadison Werbeagentur\u201d, Florian Lierzer, Unsplash, Anastasiia Chepinska on Unsplash, Mart Production on Pexels, Italo Melo on Pexels, Alicia Petresc on Unsplash, Kelly Sikkema on Unsplash, Drew Hays on Unsplash, Kyrie Kim on Unsplash, Deon Black on Pexels, Thisisengineering on Pexels, Lina Trochez on Unsplash, Clay Banks on Unsplash, Anthony Shkraba on Pexels, Hans Reniers on Unsplash<\/p>\n\n\n\n<h3 class=\"wp-block-heading\">Pravne upute<\/h3>\n\n\n\n<p>Na\u0161a web stranica je za\u0161ti\u0107ena autorskim pravom. Za svako kori\u0161tenje u komercijalne ili politi\u010dke svrhe, u cijelosti, djelomi\u010dno ili u modificiranom obliku, potrebna je prethodna pismena suglasnost instituta \u201eKinderwunsch Institut Schenk GmbH\u201c. Dopu\u0161teno je ispisivanje, kopiranje ili preuzimanje datoteka samo za privatnu upotrebu. Linkovi tre\u0107ih, koji se nalaze na na\u0161oj web stranici ni na koji na\u010din ne podlije\u017eu na\u0161em utjecaju. Unato\u010d pa\u017eljivom sastavljanju web stranica, ne mo\u017ee se preuzeti nikakva odgovornost za to\u010dnost i potpunost navedenih informacija. Zadr\u017eavamo pravo izmjena u bilo kojem trenutku.<\/p>\n\n\n\n<p>\u00a9 Institut \u201eDas Kinderwunsch Institut Schenk GmbH\u201c, sva prava pridr\u017eana.<\/p>\n","protected":false},"excerpt":{"rendered":"<p>Das Kinderwunsch Institut Schenk GmbHInstitut za reprodukcijsku medicinu i klini\u010dku embriologiju Adresa i kontakt Am Sendergrund 11 + 12A-8143 DoblT&nbsp;+43 (0) 3136 55111F&nbsp;+43 (0) 3136 55111 15E&nbsp;office@kinderwunsch-institut.at Bankovna veza:Raiffeisenbank Leibnitz,Oznaka banke BLZ: 38206Broj ra\u010duna: 147256IBAN: AT10 3820 6000 0014 7256, BIC: RZSTAT2G206 PDV:&nbsp;ATU 482 352 08Mati\u010dni broj tvrtke:&nbsp;190 139 tAustrijski sud pri kojem se vodi [&hellip;]<\/p>\n","protected":false},"author":2,"featured_media":0,"parent":0,"menu_order":17,"comment_status":"closed","ping_status":"open","template":"","meta":{"_acf_changed":false,"inline_featured_image":false,"_kad_blocks_custom_css":"","_kad_blocks_head_custom_js":"","_kad_blocks_body_custom_js":"","_kad_blocks_footer_custom_js":"","footnotes":""},"class_list":["post-57617","page","type-page","status-publish","hentry"],"acf":[],"featured_image_src_large":false,"author_info":{"display_name":"content","author_link":"https:\/\/www.kinderwunsch-institut.at\/hr\/author\/content\/"},"comment_info":0,"taxonomy_info":[],"_links":{"self":[{"href":"https:\/\/www.kinderwunsch-institut.at\/hr\/wp-json\/wp\/v2\/pages\/57617","targetHints":{"allow":["GET"]}}],"collection":[{"href":"https:\/\/www.kinderwunsch-institut.at\/hr\/wp-json\/wp\/v2\/pages"}],"about":[{"href":"https:\/\/www.kinderwunsch-institut.at\/hr\/wp-json\/wp\/v2\/types\/page"}],"author":[{"embeddable":true,"href":"https:\/\/www.kinderwunsch-institut.at\/hr\/wp-json\/wp\/v2\/users\/2"}],"replies":[{"embeddable":true,"href":"https:\/\/www.kinderwunsch-institut.at\/hr\/wp-json\/wp\/v2\/comments?post=57617"}],"version-history":[{"count":12,"href":"https:\/\/www.kinderwunsch-institut.at\/hr\/wp-json\/wp\/v2\/pages\/57617\/revisions"}],"predecessor-version":[{"id":59553,"href":"https:\/\/www.kinderwunsch-institut.at\/hr\/wp-json\/wp\/v2\/pages\/57617\/revisions\/59553"}],"wp:attachment":[{"href":"https:\/\/www.kinderwunsch-institut.at\/hr\/wp-json\/wp\/v2\/media?parent=57617"}],"curies":[{"name":"wp","href":"https:\/\/api.w.org\/{rel}","templated":true}]}}