{"id":57605,"date":"2021-12-21T15:07:55","date_gmt":"2021-12-21T14:07:55","guid":{"rendered":"https:\/\/www.kinderwunsch-institut.at\/newsletter\/"},"modified":"2023-09-11T16:18:01","modified_gmt":"2023-09-11T14:18:01","slug":"newsletter","status":"publish","type":"page","link":"https:\/\/www.kinderwunsch-institut.at\/hr\/newsletter\/","title":{"rendered":"Newsletter"},"content":{"rendered":"<style>.kb-row-layout-id_72893a-02 > .kt-row-column-wrap{align-content:start;}:where(.kb-row-layout-id_72893a-02 > .kt-row-column-wrap) > .wp-block-kadence-column{justify-content:start;}.kb-row-layout-id_72893a-02 > .kt-row-column-wrap{column-gap:var(--global-kb-gap-md, 2rem);row-gap:var(--global-kb-gap-md, 2rem);padding-top:var(--global-kb-spacing-sm, 1.5rem);padding-bottom:var(--global-kb-spacing-sm, 1.5rem);grid-template-columns:minmax(0, calc(65% - ((var(--global-kb-gap-md, 2rem) * 1 )\/2)))minmax(0, calc(35% - ((var(--global-kb-gap-md, 2rem) * 1 )\/2)));}.kb-row-layout-id_72893a-02 > .kt-row-layout-overlay{opacity:0.30;}@media all and (max-width: 1024px){.kb-row-layout-id_72893a-02 > .kt-row-column-wrap{grid-template-columns:repeat(2, minmax(0, 1fr));}}@media all and (max-width: 767px){.kb-row-layout-id_72893a-02 > .kt-row-column-wrap{grid-template-columns:minmax(0, 1fr);}}<\/style><div class=\"kb-row-layout-wrap kb-row-layout-id_72893a-02 alignnone wp-block-kadence-rowlayout\"><div class=\"kt-row-column-wrap kt-has-2-columns kt-row-layout-equal kt-tab-layout-inherit kt-mobile-layout-row kt-row-valign-top\">\n<style>.kadence-column_f4b009-75 > .kt-inside-inner-col,.kadence-column_f4b009-75 > .kt-inside-inner-col:before{border-top-left-radius:0px;border-top-right-radius:0px;border-bottom-right-radius:0px;border-bottom-left-radius:0px;}.kadence-column_f4b009-75 > .kt-inside-inner-col{column-gap:var(--global-kb-gap-sm, 1rem);}.kadence-column_f4b009-75 > .kt-inside-inner-col{flex-direction:column;}.kadence-column_f4b009-75 > .kt-inside-inner-col > .aligncenter{width:100%;}.kadence-column_f4b009-75 > .kt-inside-inner-col:before{opacity:0.3;}.kadence-column_f4b009-75{position:relative;}@media all and (max-width: 1024px){.kadence-column_f4b009-75 > .kt-inside-inner-col{flex-direction:column;justify-content:center;}}@media all and (max-width: 767px){.kadence-column_f4b009-75 > .kt-inside-inner-col{flex-direction:column;justify-content:center;}}<\/style>\n<div class=\"wp-block-kadence-column kadence-column_f4b009-75 inner-column-1\"><div class=\"kt-inside-inner-col\">\n<h1 class=\"wp-block-heading\">Na\u0161 newsletter \u201e\u017delja za djetetom\u201c<\/h1>\n\n\n\n<p class=\"has-primary-darker-color has-text-color\">Newsletter za sve one, koji \u017eele uskoro dr\u017eati svoje novoro\u0111en\u010de u rukama. S pravim medicinskim savjetima od Dr. Schenka za opu\u0161teno ostvarenje trudno\u0107e. Kao stru\u010dnjak reprodukcijske medicine, on se preko 20 godina bavi temom plodnosti i \u017eelja za djetetom. Njegove medicinske preporuke Vas dovode jedan korak bli\u017ee do ostvarenja Va\u0161e \u017eelje za djetetom. Osim nedavnih studija vezana za temu plodnost i ostvarenje trudno\u0107e, kao i novih terapijskih pristupa, pokazat \u0107emo Vam i interno sve o na\u0161em institutu \u201eKinderwunsch Institut\u201c.<\/p>\n\n\n<style>.wp-block-kadence-spacer.kt-block-spacer-_a4313e-8e .kt-block-spacer{height:40px;}.wp-block-kadence-spacer.kt-block-spacer-_a4313e-8e .kt-divider{border-top-width:1px;height:1px;border-top-color:#eee;width:80%;border-top-style:solid;}<\/style>\n<div class=\"wp-block-kadence-spacer aligncenter kt-block-spacer-_a4313e-8e\"><div class=\"kt-block-spacer kt-block-spacer-halign-center\"><\/div><\/div>\n\n\n<form action=\"https:\/\/nl.tronic-i.com\/subscribe\" class=\"nl-form\" method=\"POST\" accept-charset=\"utf-8\">\n    <div class=\"contact__1col\">\n        <div class=\"nl__input-wrapper\">\n            <label for=\"name\">Name<\/label>\n            <input type=\"text\" name=\"name\" id=\"name\"\/>\n        <\/div>\n        \n        <div class=\"nl__input-wrapper\">\n            <label for=\"email\">Email<\/label>\n            <input type=\"email\" name=\"email\" id=\"email\"\/>\n        <\/div>\n\n        <label class=\"nl__privacy\">\n            <input type=\"checkbox\" required>\n            <span>\n                Time dajem svoju izjavu da sam suglasan\/na da se moji podaci iz moje e-mail-adrese smiju pohraniti od instituta \"Das Kinderwunsch Institut Schenk GmbH\" u svrhu dostavljanja i primanja newslettera o novostima iz instituta \u201eKinderwunsch Institut\u201c, te da se u skladu s Izjavom o za\u0161titi podataka mogu koristiti. Ovak pristanak je dobrovoljan i mo\u017ee se u svako doba opozvati s u\u010dinkom i u budu\u0107nost prema institutu \"Das Kinderwunsch Institut Schenk GmbH\" putem e-mail-adrese <a href=\"mailto:office@kinderwunsch-institut.at\">office@kinderwunsch-institut.at<\/a>.            <\/span>\n        <\/label>\n        \n    \n        <input type=\"hidden\" name=\"list\" value=\"oaDgMJB8CZ763flsxmhD9BYw\"\/>\n        <input type=\"hidden\" name=\"subform\" value=\"yes\"\/>\n        <input type=\"submit\" name=\"submit\" id=\"submit\" value=\"Prijavi se\" disabled\/>\n    <\/div>\n<\/form>\n<\/div><\/div>\n\n\n<style>.kadence-column_ace6e9-35 > .kt-inside-inner-col,.kadence-column_ace6e9-35 > .kt-inside-inner-col:before{border-top-left-radius:0px;border-top-right-radius:0px;border-bottom-right-radius:0px;border-bottom-left-radius:0px;}.kadence-column_ace6e9-35 > .kt-inside-inner-col{column-gap:var(--global-kb-gap-sm, 1rem);}.kadence-column_ace6e9-35 > .kt-inside-inner-col{flex-direction:column;}.kadence-column_ace6e9-35 > .kt-inside-inner-col > .aligncenter{width:100%;}.kadence-column_ace6e9-35 > .kt-inside-inner-col:before{opacity:0.3;}.kadence-column_ace6e9-35{position:relative;}@media all and (max-width: 1024px){.kadence-column_ace6e9-35 > .kt-inside-inner-col{flex-direction:column;justify-content:center;}}@media all and (max-width: 767px){.kadence-column_ace6e9-35 > .kt-inside-inner-col{flex-direction:column;justify-content:center;}}<\/style>\n<div class=\"wp-block-kadence-column kadence-column_ace6e9-35 inner-column-2\"><div class=\"kt-inside-inner-col\">\n<figure class=\"wp-block-image aligncenter size-full is-resized is-style-default\"><img loading=\"lazy\" decoding=\"async\" src=\"https:\/\/www.kinderwunsch-institut.at\/wp-content\/uploads\/2022\/02\/Kinderwunsch_Nesletter.png\" alt=\"\" class=\"wp-image-436\" width=\"601\" height=\"489\" srcset=\"https:\/\/www.kinderwunsch-institut.at\/wp-content\/uploads\/2022\/02\/Kinderwunsch_Nesletter.png 601w, https:\/\/www.kinderwunsch-institut.at\/wp-content\/uploads\/2022\/02\/Kinderwunsch_Nesletter-300x244.png 300w\" sizes=\"auto, (max-width: 601px) 100vw, 601px\" \/><\/figure>\n<\/div><\/div>\n\n<\/div><\/div>","protected":false},"excerpt":{"rendered":"<p>Na\u0161 newsletter \u201e\u017delja za djetetom\u201c Newsletter za sve one, koji \u017eele uskoro dr\u017eati svoje novoro\u0111en\u010de u rukama. S pravim medicinskim savjetima od Dr. Schenka za opu\u0161teno ostvarenje trudno\u0107e. Kao stru\u010dnjak reprodukcijske medicine, on se preko 20 godina bavi temom plodnosti i \u017eelja za djetetom. Njegove medicinske preporuke Vas dovode jedan korak bli\u017ee do ostvarenja Va\u0161e [&hellip;]<\/p>\n","protected":false},"author":2,"featured_media":0,"parent":0,"menu_order":14,"comment_status":"closed","ping_status":"closed","template":"","meta":{"_acf_changed":false,"inline_featured_image":false,"_kad_blocks_custom_css":"","_kad_blocks_head_custom_js":"","_kad_blocks_body_custom_js":"","_kad_blocks_footer_custom_js":"","footnotes":""},"class_list":["post-57605","page","type-page","status-publish","hentry"],"acf":[],"featured_image_src_large":false,"author_info":{"display_name":"content","author_link":"https:\/\/www.kinderwunsch-institut.at\/hr\/author\/content\/"},"comment_info":0,"taxonomy_info":[],"_links":{"self":[{"href":"https:\/\/www.kinderwunsch-institut.at\/hr\/wp-json\/wp\/v2\/pages\/57605","targetHints":{"allow":["GET"]}}],"collection":[{"href":"https:\/\/www.kinderwunsch-institut.at\/hr\/wp-json\/wp\/v2\/pages"}],"about":[{"href":"https:\/\/www.kinderwunsch-institut.at\/hr\/wp-json\/wp\/v2\/types\/page"}],"author":[{"embeddable":true,"href":"https:\/\/www.kinderwunsch-institut.at\/hr\/wp-json\/wp\/v2\/users\/2"}],"replies":[{"embeddable":true,"href":"https:\/\/www.kinderwunsch-institut.at\/hr\/wp-json\/wp\/v2\/comments?post=57605"}],"version-history":[{"count":2,"href":"https:\/\/www.kinderwunsch-institut.at\/hr\/wp-json\/wp\/v2\/pages\/57605\/revisions"}],"predecessor-version":[{"id":59559,"href":"https:\/\/www.kinderwunsch-institut.at\/hr\/wp-json\/wp\/v2\/pages\/57605\/revisions\/59559"}],"wp:attachment":[{"href":"https:\/\/www.kinderwunsch-institut.at\/hr\/wp-json\/wp\/v2\/media?parent=57605"}],"curies":[{"name":"wp","href":"https:\/\/api.w.org\/{rel}","templated":true}]}}