{"id":57591,"date":"2021-12-21T15:10:22","date_gmt":"2021-12-21T14:10:22","guid":{"rendered":"https:\/\/www.kinderwunsch-institut.at\/forschung\/fred\/"},"modified":"2025-03-19T12:41:25","modified_gmt":"2025-03-19T11:41:25","slug":"fred","status":"publish","type":"page","link":"https:\/\/www.kinderwunsch-institut.at\/hr\/istrazivanja\/fred\/","title":{"rendered":"FRED"},"content":{"rendered":"\n<h1 class=\"wp-block-heading has-text-align-center\">Na\u0161e istra\u017eiva\u010dko dru\u0161tvo FRED<\/h1>\n\n\n\n<p class=\"has-text-align-center\">Znati\u017eelja je osnova razvoja i budu\u0107nosti. Time ne mislim samo na prve korake kojima od malih nogu kora\u010damo u \u017eivot, ve\u0107 o onom \u0161to mene i moj rad, kao medicinskog stru\u010dnjaka za reprodukciju i embrijologu, pokre\u0107e. U tom pogledu nisam sam: Dru\u0161tvo za istra\u017eivanje FRED koje je osnovano u lipnju 2015. u institutu \u201eKinderwunsch Institut\u201c, u mjestu Dobl kod Graza, \u010dini platformu za geneti\u010dare i lije\u010dnike koji kora\u010daju novim stazama u humanoj genetici i reprodukcijskoj medicini.<\/p>\n\n\n\n<p class=\"has-text-align-center\">Svi mi gradimo most izme\u0111u sveu\u010dili\u0161nog i prakti\u010dnog istra\u017eivanja, te promi\u010demo ne samo svijest, ve\u0107 i reprodukcijsko medicinske mjere za pogo\u0111ene parove. Za ovo se zala\u017ee dru\u0161tvo za istra\u017eivanje FRED sa \u010detiri klju\u010dna podru\u010dja: Fertility, Research, Education i Development (plodnost, istra\u017eivanje, naobrazba i razvoj).<\/p>\n\n\n<style>.kb-row-layout-id57591_9697f7-8a > .kt-row-column-wrap{align-content:start;}:where(.kb-row-layout-id57591_9697f7-8a > .kt-row-column-wrap) > .wp-block-kadence-column{justify-content:start;}.kb-row-layout-id57591_9697f7-8a > .kt-row-column-wrap{column-gap:var(--global-kb-gap-md, 2rem);row-gap:var(--global-kb-gap-md, 2rem);padding-top:0px;padding-bottom:1px;grid-template-columns:minmax(0, 1fr);}.kb-row-layout-id57591_9697f7-8a > .kt-row-layout-overlay{opacity:0.30;}@media all and (max-width: 1024px){.kb-row-layout-id57591_9697f7-8a > .kt-row-column-wrap{grid-template-columns:minmax(0, 1fr);}}@media all and (max-width: 767px){.kb-row-layout-id57591_9697f7-8a > .kt-row-column-wrap{grid-template-columns:minmax(0, 1fr);}}<\/style><div class=\"kb-row-layout-wrap kb-row-layout-id57591_9697f7-8a alignnone wp-block-kadence-rowlayout\"><div class=\"kt-row-column-wrap kt-has-1-columns kt-row-layout-equal kt-tab-layout-inherit kt-mobile-layout-row kt-row-valign-top\">\n<style>.kadence-column57591_3520f0-62 > .kt-inside-inner-col,.kadence-column57591_3520f0-62 > .kt-inside-inner-col:before{border-top-left-radius:0px;border-top-right-radius:0px;border-bottom-right-radius:0px;border-bottom-left-radius:0px;}.kadence-column57591_3520f0-62 > .kt-inside-inner-col{column-gap:var(--global-kb-gap-sm, 1rem);}.kadence-column57591_3520f0-62 > .kt-inside-inner-col{flex-direction:column;}.kadence-column57591_3520f0-62 > .kt-inside-inner-col > .aligncenter{width:100%;}.kadence-column57591_3520f0-62 > .kt-inside-inner-col:before{opacity:0.3;}.kadence-column57591_3520f0-62{position:relative;}@media all and (max-width: 1024px){.kadence-column57591_3520f0-62 > .kt-inside-inner-col{flex-direction:column;justify-content:center;}}@media all and (max-width: 767px){.kadence-column57591_3520f0-62 > .kt-inside-inner-col{flex-direction:column;justify-content:center;}}<\/style>\n<div class=\"wp-block-kadence-column kadence-column57591_3520f0-62 inner-column-1\"><div class=\"kt-inside-inner-col\"><style>.kb-row-layout-id57591_e213b6-b3 > .kt-row-column-wrap{align-content:start;}:where(.kb-row-layout-id57591_e213b6-b3 > .kt-row-column-wrap) > .wp-block-kadence-column{justify-content:start;}.kb-row-layout-id57591_e213b6-b3 > .kt-row-column-wrap{column-gap:var(--global-kb-gap-lg, 4rem);row-gap:var(--global-kb-gap-md, 2rem);padding-top:var(--global-kb-spacing-sm, 1.5rem);padding-bottom:var(--global-kb-spacing-sm, 1.5rem);}.kb-row-layout-id57591_e213b6-b3 > .kt-row-column-wrap > div:not(.added-for-specificity){grid-column:initial;}.kb-row-layout-id57591_e213b6-b3 > .kt-row-column-wrap{grid-template-columns:repeat(4, minmax(0, 1fr));}.kb-row-layout-id57591_e213b6-b3 > .kt-row-layout-overlay{opacity:0.30;}@media all and (max-width: 1024px){.kb-row-layout-id57591_e213b6-b3 > .kt-row-column-wrap > div:not(.added-for-specificity){grid-column:initial;}}@media all and (max-width: 1024px){.kb-row-layout-id57591_e213b6-b3 > .kt-row-column-wrap{grid-template-columns:repeat(4, minmax(0, 1fr));}}@media all and (max-width: 767px){.kb-row-layout-id57591_e213b6-b3 > .kt-row-column-wrap > div:not(.added-for-specificity){grid-column:initial;}.kb-row-layout-id57591_e213b6-b3 > .kt-row-column-wrap{grid-template-columns:minmax(0, 1fr);}}<\/style><div class=\"kb-row-layout-wrap kb-row-layout-id57591_e213b6-b3 alignnone kiwi__justified-cols wp-block-kadence-rowlayout\"><div class=\"kt-row-column-wrap kt-has-4-columns kt-row-layout-equal kt-tab-layout-inherit kt-mobile-layout-row kt-row-valign-top\">\n<style>.kadence-column57591_2e5bf4-96 > .kt-inside-inner-col,.kadence-column57591_2e5bf4-96 > .kt-inside-inner-col:before{border-top-left-radius:0px;border-top-right-radius:0px;border-bottom-right-radius:0px;border-bottom-left-radius:0px;}.kadence-column57591_2e5bf4-96 > .kt-inside-inner-col{column-gap:var(--global-kb-gap-sm, 1rem);}.kadence-column57591_2e5bf4-96 > .kt-inside-inner-col{flex-direction:column;}.kadence-column57591_2e5bf4-96 > .kt-inside-inner-col > .aligncenter{width:100%;}.kadence-column57591_2e5bf4-96 > .kt-inside-inner-col:before{opacity:0.3;}.kadence-column57591_2e5bf4-96{position:relative;}@media all and (max-width: 1024px){.kadence-column57591_2e5bf4-96 > .kt-inside-inner-col{flex-direction:column;justify-content:center;}}@media all and (max-width: 767px){.kadence-column57591_2e5bf4-96 > .kt-inside-inner-col{flex-direction:column;justify-content:center;}}<\/style>\n<div class=\"wp-block-kadence-column kadence-column57591_2e5bf4-96 inner-column-1\" data-aos=\"fade-up\" data-aos-delay=\"50\"><div class=\"kt-inside-inner-col\">\n<figure class=\"wp-block-image size-thumbnail\"><img loading=\"lazy\" decoding=\"async\" width=\"150\" height=\"150\" src=\"https:\/\/www.kinderwunsch-institut.at\/wp-content\/uploads\/2022\/03\/Forschung-150x150.png\" alt=\"\" class=\"wp-image-1395\" srcset=\"https:\/\/www.kinderwunsch-institut.at\/wp-content\/uploads\/2022\/03\/Forschung-150x150.png 150w, https:\/\/www.kinderwunsch-institut.at\/wp-content\/uploads\/2022\/03\/Forschung-300x300.png 300w, https:\/\/www.kinderwunsch-institut.at\/wp-content\/uploads\/2022\/03\/Forschung-40x40.png 40w, https:\/\/www.kinderwunsch-institut.at\/wp-content\/uploads\/2022\/03\/Forschung.png 346w\" sizes=\"auto, (max-width: 150px) 100vw, 150px\" \/><\/figure>\n\n\n\n<h3 class=\"wp-block-heading\">Fertility<\/h3>\n\n\n\n<p>U istra\u017eiva\u010dkim projektima vezanim za plodnost, zajedno sa sveu\u010dili\u0161tima i partnerima iz znanosti i gospodarstva FRED sebe vidi kao skup ideja i promotora \u017eive razmjene ideja, iz koje razmjene proizilazi ne\u0161to novo (\u017eivot).<\/p>\n<\/div><\/div>\n\n\n<style>.kadence-column57591_5c6178-fc > .kt-inside-inner-col,.kadence-column57591_5c6178-fc > .kt-inside-inner-col:before{border-top-left-radius:0px;border-top-right-radius:0px;border-bottom-right-radius:0px;border-bottom-left-radius:0px;}.kadence-column57591_5c6178-fc > .kt-inside-inner-col{column-gap:var(--global-kb-gap-sm, 1rem);}.kadence-column57591_5c6178-fc > .kt-inside-inner-col{flex-direction:column;}.kadence-column57591_5c6178-fc > .kt-inside-inner-col > .aligncenter{width:100%;}.kadence-column57591_5c6178-fc > .kt-inside-inner-col:before{opacity:0.3;}.kadence-column57591_5c6178-fc{position:relative;}@media all and (max-width: 1024px){.kadence-column57591_5c6178-fc > .kt-inside-inner-col{flex-direction:column;justify-content:center;}}@media all and (max-width: 767px){.kadence-column57591_5c6178-fc > .kt-inside-inner-col{flex-direction:column;justify-content:center;}}<\/style>\n<div class=\"wp-block-kadence-column kadence-column57591_5c6178-fc inner-column-2\" data-aos=\"fade-up\" data-aos-delay=\"200\"><div class=\"kt-inside-inner-col\">\n<figure class=\"wp-block-image size-thumbnail\"><img loading=\"lazy\" decoding=\"async\" width=\"150\" height=\"150\" src=\"https:\/\/www.kinderwunsch-institut.at\/wp-content\/uploads\/2022\/03\/Forschung2-1-150x150.png\" alt=\"\" class=\"wp-image-1411\" srcset=\"https:\/\/www.kinderwunsch-institut.at\/wp-content\/uploads\/2022\/03\/Forschung2-1-150x150.png 150w, https:\/\/www.kinderwunsch-institut.at\/wp-content\/uploads\/2022\/03\/Forschung2-1-300x300.png 300w, https:\/\/www.kinderwunsch-institut.at\/wp-content\/uploads\/2022\/03\/Forschung2-1-40x40.png 40w, https:\/\/www.kinderwunsch-institut.at\/wp-content\/uploads\/2022\/03\/Forschung2-1.png 346w\" sizes=\"auto, (max-width: 150px) 100vw, 150px\" \/><\/figure>\n\n\n\n<h3 class=\"wp-block-heading\">Research<\/h3>\n\n\n\n<p>Ovo podru\u010dje se bavi istra\u017eivanjem biomarkera. Teku\u0107ine koje se ina\u010de odbacuju, kao \u0161to su ostaci seruma, sjemena plazma, folikularne teku\u0107ine ili supernatanti kulture prospektivno se sakupljaju uz pristanak na\u0161ih pacijenata. Ovi uzorci pokazuju metabolizam spolnih stanica.<\/p>\n\n\n\n<p>Odre\u0111ena mjerna vrijednost predvi\u0111a, da li je stanica prikladna ili ne. Ovi sakupljeni uzorci koji se koriste za istra\u017eivanje biomarkera pohranjuju se od 2013. zamrzavaju u biobanci. Na osnovu skupova podataka smo u mogu\u0107no\u0161\u0107u da na\u0161im istra\u017eiva\u010dkim skupinama, kao i industriji ponudimo uzorke, \u0161to \u0161tedi dragocjeno vrijeme razvoja, a time i tro\u0161kove.<\/p>\n<\/div><\/div>\n\n\n<style>.kadence-column57591_08e770-6c > .kt-inside-inner-col,.kadence-column57591_08e770-6c > .kt-inside-inner-col:before{border-top-left-radius:0px;border-top-right-radius:0px;border-bottom-right-radius:0px;border-bottom-left-radius:0px;}.kadence-column57591_08e770-6c > .kt-inside-inner-col{column-gap:var(--global-kb-gap-sm, 1rem);}.kadence-column57591_08e770-6c > .kt-inside-inner-col{flex-direction:column;}.kadence-column57591_08e770-6c > .kt-inside-inner-col > .aligncenter{width:100%;}.kadence-column57591_08e770-6c > .kt-inside-inner-col:before{opacity:0.3;}.kadence-column57591_08e770-6c{position:relative;}@media all and (max-width: 1024px){.kadence-column57591_08e770-6c > .kt-inside-inner-col{flex-direction:column;justify-content:center;}}@media all and (max-width: 767px){.kadence-column57591_08e770-6c > .kt-inside-inner-col{flex-direction:column;justify-content:center;}}<\/style>\n<div class=\"wp-block-kadence-column kadence-column57591_08e770-6c inner-column-3\" data-aos=\"fade-up\" data-aos-delay=\"400\"><div class=\"kt-inside-inner-col\">\n<figure class=\"wp-block-image size-thumbnail\"><img loading=\"lazy\" decoding=\"async\" width=\"150\" height=\"150\" src=\"https:\/\/www.kinderwunsch-institut.at\/wp-content\/uploads\/2022\/03\/Forschung3-150x150.png\" alt=\"\" class=\"wp-image-1403\" srcset=\"https:\/\/www.kinderwunsch-institut.at\/wp-content\/uploads\/2022\/03\/Forschung3-150x150.png 150w, https:\/\/www.kinderwunsch-institut.at\/wp-content\/uploads\/2022\/03\/Forschung3-300x300.png 300w, https:\/\/www.kinderwunsch-institut.at\/wp-content\/uploads\/2022\/03\/Forschung3-40x40.png 40w, https:\/\/www.kinderwunsch-institut.at\/wp-content\/uploads\/2022\/03\/Forschung3.png 346w\" sizes=\"auto, (max-width: 150px) 100vw, 150px\" \/><\/figure>\n\n\n\n<h3 class=\"wp-block-heading\">Education<\/h3>\n\n\n\n<p>Bitno te\u017ei\u0161te FREDA-a dru\u0161tva za istra\u017eivanje je na\u0161 program obuke: Na\u0161a\u00a0 istra\u017eiva\u010dka infrastruktura omogu\u0107uje kao Open Space, interdisciplinarno okupljanje ljudi radi bavljenja znano\u0161\u0107u. Osim na\u0161ih opremljenih prostorija nudimo i jedinstvene aktivnosti podu\u010davanja: Radionicom \u201e\u010cudo \u017eivota\u201c \u2013 \u201eMikrowunder\u201c koju je pokrenula g\u0111a. Claudia Schenk-Hauschka, osvje\u0161tavamo u\u010denike svih uzrasta o temi reprodukcije i obavljamo va\u017ean obrazovni rad.<\/p>\n\n\n\n<p>U na\u0161oj akademiji FRED-Academy kreirali smo program stru\u010dnog osposobljavanja prilago\u0111en reprodukcijskoj medicini tj., u Europi jedinstven postdiplomski master te\u010daj \"Klini\u010dka embriologija\" - - u suradnji s Uni for Life. Do danas je vi\u0161e od 70 studenata diplomiralo za mastera \u201eMaster of Science Clinical Embryology\u201c.<\/p>\n<\/div><\/div>\n\n\n<style>.kadence-column57591_de6347-0f > .kt-inside-inner-col,.kadence-column57591_de6347-0f > .kt-inside-inner-col:before{border-top-left-radius:0px;border-top-right-radius:0px;border-bottom-right-radius:0px;border-bottom-left-radius:0px;}.kadence-column57591_de6347-0f > .kt-inside-inner-col{column-gap:var(--global-kb-gap-sm, 1rem);}.kadence-column57591_de6347-0f > .kt-inside-inner-col{flex-direction:column;}.kadence-column57591_de6347-0f > .kt-inside-inner-col > .aligncenter{width:100%;}.kadence-column57591_de6347-0f > .kt-inside-inner-col:before{opacity:0.3;}.kadence-column57591_de6347-0f{position:relative;}@media all and (max-width: 1024px){.kadence-column57591_de6347-0f > .kt-inside-inner-col{flex-direction:column;justify-content:center;}}@media all and (max-width: 767px){.kadence-column57591_de6347-0f > .kt-inside-inner-col{flex-direction:column;justify-content:center;}}<\/style>\n<div class=\"wp-block-kadence-column kadence-column57591_de6347-0f inner-column-4\" data-aos=\"fade-up\" data-aos-delay=\"600\"><div class=\"kt-inside-inner-col\">\n<figure class=\"wp-block-image size-thumbnail\"><img loading=\"lazy\" decoding=\"async\" width=\"150\" height=\"150\" src=\"https:\/\/www.kinderwunsch-institut.at\/wp-content\/uploads\/2022\/03\/Forschung4-150x150.png\" alt=\"\" class=\"wp-image-1406\" srcset=\"https:\/\/www.kinderwunsch-institut.at\/wp-content\/uploads\/2022\/03\/Forschung4-150x150.png 150w, https:\/\/www.kinderwunsch-institut.at\/wp-content\/uploads\/2022\/03\/Forschung4-300x300.png 300w, https:\/\/www.kinderwunsch-institut.at\/wp-content\/uploads\/2022\/03\/Forschung4-40x40.png 40w, https:\/\/www.kinderwunsch-institut.at\/wp-content\/uploads\/2022\/03\/Forschung4.png 346w\" sizes=\"auto, (max-width: 150px) 100vw, 150px\" \/><\/figure>\n\n\n\n<h3 class=\"wp-block-heading\">Development<\/h3>\n\n\n\n<p>Ste\u010dena znanja s podru\u010dja razvoja primjenjujemo u novim proizvodima i uslugama. U to spada i proizvodnja biomarker testova, koji \u0107e uskoro biti primjenjivi, te koji \u0107e se internaconalno mo\u0107i koristiti za brzu ocjenu svakog pojedina\u010dnog zametka. I u ovom podru\u010dju sura\u0111ujemo na nekoliko projekata s na\u0161im partnerima: centrom \u201eCharit\u00e9 Berlin\u201c, medicinskim sveu\u010dili\u0161tem \u201eMed Uni\u201c i tehni\u010dkim sveu\u010dili\u0161tima \u201eTU Graz\u201c i FH Joanneum, kao i sa industrijskim partnerima. Na\u0161 zajedni\u010dki cilj je, da na\u0161a znati\u017eelja i upornost u znanstvenim istra\u017eivanjima bude\u00a0 nagra\u0111ena Va\u0161im \u017eeljenim djetetom!<\/p>\n<\/div><\/div>\n\n<\/div><\/div><\/div><\/div>\n\n<\/div><\/div>\n\n<style>.kb-row-layout-id57591_30793b-d7 > .kt-row-column-wrap{align-content:start;}:where(.kb-row-layout-id57591_30793b-d7 > .kt-row-column-wrap) > .wp-block-kadence-column{justify-content:start;}.kb-row-layout-id57591_30793b-d7 > .kt-row-column-wrap{column-gap:var(--global-kb-gap-md, 2rem);row-gap:var(--global-kb-gap-md, 2rem);padding-top:var(--global-kb-spacing-sm, 1.5rem);padding-bottom:var(--global-kb-spacing-sm, 1.5rem);grid-template-columns:minmax(0, 1fr);}.kb-row-layout-id57591_30793b-d7 > .kt-row-layout-overlay{opacity:0.30;}@media all and (max-width: 1024px){.kb-row-layout-id57591_30793b-d7 > .kt-row-column-wrap{grid-template-columns:minmax(0, 1fr);}}@media all and (max-width: 767px){.kb-row-layout-id57591_30793b-d7 > .kt-row-column-wrap{grid-template-columns:minmax(0, 1fr);}}<\/style><div class=\"kb-row-layout-wrap kb-row-layout-id57591_30793b-d7 alignnone wp-block-kadence-rowlayout\"><div class=\"kt-row-column-wrap kt-has-1-columns kt-row-layout-equal kt-tab-layout-inherit kt-mobile-layout-row kt-row-valign-top\">\n<style>.kadence-column57591_a7dc6c-07 > .kt-inside-inner-col,.kadence-column57591_a7dc6c-07 > .kt-inside-inner-col:before{border-top-left-radius:0px;border-top-right-radius:0px;border-bottom-right-radius:0px;border-bottom-left-radius:0px;}.kadence-column57591_a7dc6c-07 > .kt-inside-inner-col{column-gap:var(--global-kb-gap-sm, 1rem);}.kadence-column57591_a7dc6c-07 > .kt-inside-inner-col{flex-direction:column;}.kadence-column57591_a7dc6c-07 > .kt-inside-inner-col > .aligncenter{width:100%;}.kadence-column57591_a7dc6c-07 > .kt-inside-inner-col:before{opacity:0.3;}.kadence-column57591_a7dc6c-07{position:relative;}@media all and (max-width: 1024px){.kadence-column57591_a7dc6c-07 > .kt-inside-inner-col{flex-direction:column;justify-content:center;}}@media all and (max-width: 767px){.kadence-column57591_a7dc6c-07 > .kt-inside-inner-col{flex-direction:column;justify-content:center;}}<\/style>\n<div class=\"wp-block-kadence-column kadence-column57591_a7dc6c-07 inner-column-1\"><div class=\"kt-inside-inner-col\">\n<div class=\"wp-block-buttons is-content-justification-center is-layout-flex wp-container-core-buttons-is-layout-16018d1d wp-block-buttons-is-layout-flex\">\n<div class=\"wp-block-button is-style-fill\"><a class=\"wp-block-button__link wp-element-button\" href=\"http:\/\/www.fred-science.com\/\">Ovdje mo\u017eete do\u0107i do FRED<\/a><\/div>\n<\/div>\n<\/div><\/div>\n\n<\/div><\/div>","protected":false},"excerpt":{"rendered":"<p>Na\u0161e istra\u017eiva\u010dko dru\u0161tvo FRED Znati\u017eelja je osnova razvoja i budu\u0107nosti. Time ne mislim samo na prve korake kojima od malih nogu kora\u010damo u \u017eivot, ve\u0107 o onom \u0161to mene i moj rad, kao medicinskog stru\u010dnjaka za reprodukciju i embrijologu, pokre\u0107e. U tom pogledu nisam sam: Dru\u0161tvo za istra\u017eivanje FRED koje je osnovano u lipnju 2015. [&hellip;]<\/p>\n","protected":false},"author":2,"featured_media":0,"parent":57589,"menu_order":2,"comment_status":"closed","ping_status":"closed","template":"","meta":{"_acf_changed":false,"inline_featured_image":false,"_kad_blocks_custom_css":"","_kad_blocks_head_custom_js":"","_kad_blocks_body_custom_js":"","_kad_blocks_footer_custom_js":"","footnotes":""},"class_list":["post-57591","page","type-page","status-publish","hentry"],"acf":[],"featured_image_src_large":false,"author_info":{"display_name":"content","author_link":"https:\/\/www.kinderwunsch-institut.at\/hr\/author\/content\/"},"comment_info":0,"taxonomy_info":[],"_links":{"self":[{"href":"https:\/\/www.kinderwunsch-institut.at\/hr\/wp-json\/wp\/v2\/pages\/57591","targetHints":{"allow":["GET"]}}],"collection":[{"href":"https:\/\/www.kinderwunsch-institut.at\/hr\/wp-json\/wp\/v2\/pages"}],"about":[{"href":"https:\/\/www.kinderwunsch-institut.at\/hr\/wp-json\/wp\/v2\/types\/page"}],"author":[{"embeddable":true,"href":"https:\/\/www.kinderwunsch-institut.at\/hr\/wp-json\/wp\/v2\/users\/2"}],"replies":[{"embeddable":true,"href":"https:\/\/www.kinderwunsch-institut.at\/hr\/wp-json\/wp\/v2\/comments?post=57591"}],"version-history":[{"count":9,"href":"https:\/\/www.kinderwunsch-institut.at\/hr\/wp-json\/wp\/v2\/pages\/57591\/revisions"}],"predecessor-version":[{"id":63780,"href":"https:\/\/www.kinderwunsch-institut.at\/hr\/wp-json\/wp\/v2\/pages\/57591\/revisions\/63780"}],"up":[{"embeddable":true,"href":"https:\/\/www.kinderwunsch-institut.at\/hr\/wp-json\/wp\/v2\/pages\/57589"}],"wp:attachment":[{"href":"https:\/\/www.kinderwunsch-institut.at\/hr\/wp-json\/wp\/v2\/media?parent=57591"}],"curies":[{"name":"wp","href":"https:\/\/api.w.org\/{rel}","templated":true}]}}