{"id":57587,"date":"2021-11-12T11:09:17","date_gmt":"2021-11-12T10:09:17","guid":{"rendered":"https:\/\/www.kinderwunsch-institut.at\/kinderwunsch-tv\/"},"modified":"2023-09-14T16:52:53","modified_gmt":"2023-09-14T14:52:53","slug":"tv-kanal-zelja-za-djetetom","status":"publish","type":"page","link":"https:\/\/www.kinderwunsch-institut.at\/hr\/tv-kanal-zelja-za-djetetom\/","title":{"rendered":"TV kanal \u201e\u017delja za djetetom\u201c"},"content":{"rendered":"<style>.kb-row-layout-id_ca1a22-5c > .kt-row-column-wrap{align-content:start;}:where(.kb-row-layout-id_ca1a22-5c > .kt-row-column-wrap) > .wp-block-kadence-column{justify-content:start;}.kb-row-layout-id_ca1a22-5c > .kt-row-column-wrap{column-gap:var(--global-kb-gap-md, 2rem);row-gap:var(--global-kb-gap-md, 2rem);padding-top:var(--global-kb-spacing-sm, 1.5rem);padding-bottom:var(--global-kb-spacing-sm, 1.5rem);grid-template-columns:repeat(2, minmax(0, 1fr));}.kb-row-layout-id_ca1a22-5c > .kt-row-layout-overlay{opacity:0.30;}@media all and (max-width: 1024px){.kb-row-layout-id_ca1a22-5c > .kt-row-column-wrap{grid-template-columns:repeat(2, minmax(0, 1fr));}}@media all and (max-width: 767px){.kb-row-layout-id_ca1a22-5c > .kt-row-column-wrap{grid-template-columns:minmax(0, 1fr);}}<\/style><div class=\"kb-row-layout-wrap kb-row-layout-id_ca1a22-5c alignnone wp-block-kadence-rowlayout\"><div class=\"kt-row-column-wrap kt-has-2-columns kt-row-layout-equal kt-tab-layout-inherit kt-mobile-layout-row kt-row-valign-top\">\n<style>.kadence-column_2204c1-9e > .kt-inside-inner-col,.kadence-column_2204c1-9e > .kt-inside-inner-col:before{border-top-left-radius:0px;border-top-right-radius:0px;border-bottom-right-radius:0px;border-bottom-left-radius:0px;}.kadence-column_2204c1-9e > .kt-inside-inner-col{column-gap:var(--global-kb-gap-sm, 1rem);}.kadence-column_2204c1-9e > .kt-inside-inner-col{flex-direction:column;}.kadence-column_2204c1-9e > .kt-inside-inner-col > .aligncenter{width:100%;}.kadence-column_2204c1-9e > .kt-inside-inner-col:before{opacity:0.3;}.kadence-column_2204c1-9e{position:relative;}@media all and (max-width: 1024px){.kadence-column_2204c1-9e > .kt-inside-inner-col{flex-direction:column;justify-content:center;}}@media all and (max-width: 767px){.kadence-column_2204c1-9e > .kt-inside-inner-col{flex-direction:column;justify-content:center;}}<\/style>\n<div class=\"wp-block-kadence-column kadence-column_2204c1-9e inner-column-1\"><div class=\"kt-inside-inner-col\">\n<figure class=\"wp-block-image size-full is-style-default\"><img loading=\"lazy\" decoding=\"async\" width=\"472\" height=\"522\" src=\"https:\/\/www.kinderwunsch-institut.at\/wp-content\/uploads\/2022\/02\/Kinderwunsch_TV.png\" alt=\"\" class=\"wp-image-430\" srcset=\"https:\/\/www.kinderwunsch-institut.at\/wp-content\/uploads\/2022\/02\/Kinderwunsch_TV.png 472w, https:\/\/www.kinderwunsch-institut.at\/wp-content\/uploads\/2022\/02\/Kinderwunsch_TV-271x300.png 271w\" sizes=\"auto, (max-width: 472px) 100vw, 472px\" \/><\/figure>\n<\/div><\/div>\n\n\n<style>.kadence-column_90eda0-26 > .kt-inside-inner-col,.kadence-column_90eda0-26 > .kt-inside-inner-col:before{border-top-left-radius:0px;border-top-right-radius:0px;border-bottom-right-radius:0px;border-bottom-left-radius:0px;}.kadence-column_90eda0-26 > .kt-inside-inner-col{column-gap:var(--global-kb-gap-sm, 1rem);}.kadence-column_90eda0-26 > .kt-inside-inner-col{flex-direction:column;}.kadence-column_90eda0-26 > .kt-inside-inner-col > .aligncenter{width:100%;}.kadence-column_90eda0-26 > .kt-inside-inner-col:before{opacity:0.3;}.kadence-column_90eda0-26{position:relative;}@media all and (max-width: 1024px){.kadence-column_90eda0-26 > .kt-inside-inner-col{flex-direction:column;justify-content:center;}}@media all and (max-width: 767px){.kadence-column_90eda0-26 > .kt-inside-inner-col{flex-direction:column;justify-content:center;}}<\/style>\n<div class=\"wp-block-kadence-column kadence-column_90eda0-26 inner-column-2\"><div class=\"kt-inside-inner-col\">\n<h1 class=\"wp-block-heading\">Jednostavno saznajte<br>vi\u0161e uz TV \u201e\u017delja za djetetom\u201c<\/h1>\n\n\n\n<p class=\"has-primary-darker-color has-text-color\">U na\u0161oj novoj video seriji TV \u201e\u017delja za djetetom\u201c obja\u0161njavamo Vam sve u vezi sa \u017eeljom za djecom na jednostavan i sa\u017eet na\u010din. Koje nove mogu\u0107nosti nam pru\u017ea moderna medicina s novim genetskim testom embrija? \u0160to sve mogu biti uzroci neispunjene \u017eelje za djetetom? Koje mogu\u0107nosti potpomognute oplodnje postoje? To i mnogo toga vi\u0161e mo\u017eete saznati iz na\u0161ih video snimaka! <strong>Video zapisi imaju engleske titlove.<\/strong><\/p>\n<\/div><\/div>\n\n<\/div><\/div>\n\n<style>.wp-block-kadence-spacer.kt-block-spacer-_77471b-11 .kt-block-spacer{height:100px;}.wp-block-kadence-spacer.kt-block-spacer-_77471b-11 .kt-divider{border-top-width:1px;height:1px;border-top-color:#eee;width:80%;border-top-style:solid;}<\/style>\n<div class=\"wp-block-kadence-spacer aligncenter kt-block-spacer-_77471b-11\"><div class=\"kt-block-spacer kt-block-spacer-halign-center\"><\/div><\/div>\n\n\n\n<div class=\"kiwitv-grid\">\n\n            \n        <section class=\"card\">\n            <h4>Odabir jajnih i sjemenih stanica<\/h4>\n            \n                            <video width=\"560\" height=\"315\" poster=\"https:\/\/www.kinderwunsch-institut.at\/wp-content\/uploads\/2023\/02\/KIWI_TV_Thumbnail.jpg\" controls>\n                    <source src=\"https:\/\/www.kinderwunsch-institut.at\/wp-content\/uploads\/2023\/03\/Eizell-und-Samenspenderauswahl.mp4\">\n                <\/video>\n            \n                        <div>\n                <!-- wp:paragraph -->\n<p>Dr. Michael Schenk govori o pretpostavkama za donaciju jajnih i sjemenih stanica.<\/p>\n<!-- \/wp:paragraph -->            <\/div>\n        <\/section>\n\n            \n        <section class=\"card\">\n            <h4>Donacija jajnih stanice<\/h4>\n            \n                            <video width=\"560\" height=\"315\" poster=\"https:\/\/www.kinderwunsch-institut.at\/wp-content\/uploads\/2023\/02\/KIWI_TV_Thumbnail.jpg\" controls>\n                    <source src=\"https:\/\/www.kinderwunsch-institut.at\/wp-content\/uploads\/2023\/03\/Eizellspende.mp4\">\n                <\/video>\n            \n                        <div>\n                <!-- wp:paragraph -->\n<p>Dr. Michael Schenk govori o tome na koji na\u010din se to\u010dno odvija donacija jajnih stanica u institutu \u201eKinderwunsch Institut\u201c.<\/p>\n<!-- \/wp:paragraph -->            <\/div>\n        <\/section>\n\n            \n        <section class=\"card\">\n            <h4>\u0160to je FertiBot?<\/h4>\n            \n                            <video width=\"560\" height=\"315\" poster=\"https:\/\/www.kinderwunsch-institut.at\/wp-content\/uploads\/2023\/02\/KIWI_TV_Thumbnail.jpg\" controls>\n                    <source src=\"https:\/\/www.kinderwunsch-institut.at\/wp-content\/uploads\/2023\/02\/FertigBot.mp4\">\n                <\/video>\n            \n                        <div>\n                <!-- wp:paragraph -->\n<p>Dr. Schenk Vam govori o testu FertiBot \u2013 digitalnom testu plodnosti instituta \u201eKinderwunsch Institut\u201c.<\/p>\n<!-- \/wp:paragraph -->            <\/div>\n        <\/section>\n\n            \n        <section class=\"card\">\n            <h4>Kasno maj\u010dinstvo<\/h4>\n            \n                            <video width=\"560\" height=\"315\" poster=\"https:\/\/www.kinderwunsch-institut.at\/wp-content\/uploads\/2023\/02\/KIWI_TV_Thumbnail.jpg\" controls>\n                    <source src=\"https:\/\/www.kinderwunsch-institut.at\/wp-content\/uploads\/2023\/03\/Spaetes-Mutterglueck.mp4\">\n                <\/video>\n            \n                        <div>\n                <!-- wp:paragraph -->\n<p>U dana\u0161nje doba mnogi odga\u0111aju planiranje obitelji i \u010dini kasno maj\u010dinstvo dru\u0161tvenom normom. Ali kada je kasno prekasno? U video snimci dr. Michael Schenk govori o biolo\u0161kom satu, o dobi i \u017eelji za djetetom.<\/p>\n<!-- \/wp:paragraph -->            <\/div>\n        <\/section>\n\n            \n        <section class=\"card\">\n            <h4>Na koji na\u010din \u017eivotni stil utje\u010de na ostvarivanje \u017eeljene trudno\u0107e<\/h4>\n            \n                            <video width=\"560\" height=\"315\" poster=\"https:\/\/www.kinderwunsch-institut.at\/wp-content\/uploads\/2023\/02\/KIWI_TV_Thumbnail.jpg\" controls>\n                    <source src=\"https:\/\/www.kinderwunsch-institut.at\/wp-content\/uploads\/2023\/03\/Lebensstil.mp4\">\n                <\/video>\n            \n                        <div>\n                <!-- wp:paragraph -->\n<p>Za\u0161to pu\u0161enje cigareta i konzumiranje alkohola ne dovodi do \u017eeljenog djeteta? Zato \u0161to oba faktora neugodno utje\u010du na kvalitet mu\u0161kog sjemena. U video snimci dr. Schenk obja\u0161njava to\u010dnije \u0161to je razlog tome.<\/p>\n<!-- \/wp:paragraph -->            <\/div>\n        <\/section>\n\n            \n        <section class=\"card\">\n            <h4>Hormonska kontracepcija i njen utjecaj na ostvarivanje trudno\u0107e<\/h4>\n            \n                            <video width=\"560\" height=\"315\" poster=\"https:\/\/www.kinderwunsch-institut.at\/wp-content\/uploads\/2023\/02\/KIWI_TV_Thumbnail.jpg\" controls>\n                    <source src=\"https:\/\/www.kinderwunsch-institut.at\/wp-content\/uploads\/2023\/03\/Hormonelle-Verhuetung.mp4\">\n                <\/video>\n            \n                        <div>\n                <!-- wp:paragraph -->\n<p>Hormoni \u2013 da li su dobri ili lo\u0161i? U video snimci dr. Michael Schenk govori o povezanosti kontracepcije i ostvarivanja \u017eeljene trudno\u0107e.<\/p>\n<!-- \/wp:paragraph -->            <\/div>\n        <\/section>\n\n            \n        <section class=\"card\">\n            <h4>Novi beskontaktni \"Embrace genetski test\"<\/h4>\n            \n                            <video width=\"560\" height=\"315\" poster=\"https:\/\/www.kinderwunsch-institut.at\/wp-content\/uploads\/2023\/02\/KIWI_TV_Thumbnail.jpg\" controls>\n                    <source src=\"https:\/\/www.kinderwunsch-institut.at\/wp-content\/uploads\/2023\/03\/Embryo-Gen-Test.mp4\">\n                <\/video>\n            \n                        <div>\n                <!-- wp:paragraph -->\n<p>Dr. Michael Schenk obja\u0161njava EMBRACE genetski test laboratorija \u201eIgenomix\u201c, koji predstavlja novu neinvazivnu preimplantacijsku geneti\u010dku analizu embrija i koji ve\u0107 od 27.08.2020. nudimo u na\u0161em institutu \u201eKinderwunsch Institut\u201c.<\/p>\n<!-- \/wp:paragraph -->            <\/div>\n        <\/section>\n\n            \n        <section class=\"card\">\n            <h4>Trudno\u0107a unato\u010d bolesti?<\/h4>\n            \n                            <video width=\"560\" height=\"315\" poster=\"https:\/\/www.kinderwunsch-institut.at\/wp-content\/uploads\/2023\/02\/KIWI_TV_Thumbnail.jpg\" controls>\n                    <source src=\"https:\/\/www.kinderwunsch-institut.at\/wp-content\/uploads\/2023\/03\/Schwangerschaft-trotz-Krankheit.mp4\">\n                <\/video>\n            \n                        <div>\n                <!-- wp:paragraph -->\n<p>Zdrava osoba lak\u0161e mo\u017ee ostvariti trudno\u0107u. U video snimci dr. Schenk obja\u0161njava koje bolesti predstavljaju rizik za ostvarivanje trudno\u0107e i umanjenje plodnosti.<\/p>\n<!-- \/wp:paragraph -->            <\/div>\n        <\/section>\n\n            \n        <section class=\"card\">\n            <h4>\u0160to negativno utje\u010de na mu\u0161ku plodnost?<\/h4>\n            \n                            <video width=\"560\" height=\"315\" poster=\"https:\/\/www.kinderwunsch-institut.at\/wp-content\/uploads\/2023\/02\/KIWI_TV_Thumbnail.jpg\" controls>\n                    <source src=\"https:\/\/www.kinderwunsch-institut.at\/wp-content\/uploads\/2023\/03\/Maennliche-Fruchtbarkeit.mp4\">\n                <\/video>\n            \n                        <div>\n                <!-- wp:paragraph -->\n<p>Dr. Michael Schenk obja\u0161njava u video snimci koje vrste bolesti mogu negativno utjecati na mu\u0161ku plodnost.<\/p>\n<!-- \/wp:paragraph -->            <\/div>\n        <\/section>\n\n            \n        <section class=\"card\">\n            <h4>Utjecaj dobi kod \u017eelje za djetetom<\/h4>\n            \n                            <video width=\"560\" height=\"315\" poster=\"https:\/\/www.kinderwunsch-institut.at\/wp-content\/uploads\/2023\/02\/KIWI_TV_Thumbnail.jpg\" controls>\n                    <source src=\"https:\/\/www.kinderwunsch-institut.at\/wp-content\/uploads\/2023\/03\/Alterseinfluss-beim-Kinderwunsch.mp4\">\n                <\/video>\n            \n                        <div>\n                <!-- wp:paragraph -->\n<p>Vje\u010dno plodni? Mnogi misle da kod ispunjavanja \u017eelje za djetetom vrijem ne igra veliku ulogu. Ali ipak, starosna dob utje\u010de na plodnost kako kod \u017eena, tako i kod mu\u0161karaca. Dr. Schenk obja\u0161njava za\u0161to je to tako.<\/p>\n<!-- \/wp:paragraph -->            <\/div>\n        <\/section>\n\n            \n        <section class=\"card\">\n            <h4>Istra\u017eivanja i studije u institutu \u201eKinderwunsch Institut\"<\/h4>\n            \n                            <video width=\"560\" height=\"315\" poster=\"https:\/\/www.kinderwunsch-institut.at\/wp-content\/uploads\/2023\/02\/KIWI_TV_Thumbnail.jpg\" controls>\n                    <source src=\"https:\/\/www.kinderwunsch-institut.at\/wp-content\/uploads\/2023\/03\/Forschung-und-Studien.mp4\">\n                <\/video>\n            \n                        <div>\n                <!-- wp:paragraph -->\n<p>Dr. Gregor Weiss, voditelj odjela znanosti i istra\u017eivanja u ovoj video snimci obja\u0161njava na koji su na\u010din strukturirana podru\u010dja znanosti i istra\u017eivanja<\/p>\n<!-- \/wp:paragraph -->            <\/div>\n        <\/section>\n\n    \n<\/div>\n\n\n<style>.wp-block-kadence-spacer.kt-block-spacer-_956d7a-24 .kt-block-spacer{height:100px;}.wp-block-kadence-spacer.kt-block-spacer-_956d7a-24 .kt-divider{border-top-width:1px;height:1px;border-top-color:#eee;width:80%;border-top-style:solid;}<\/style>\n<div class=\"wp-block-kadence-spacer aligncenter kt-block-spacer-_956d7a-24\"><div class=\"kt-block-spacer kt-block-spacer-halign-center\"><\/div><\/div>\n\n\n<style>.kb-row-layout-id_ab9f82-6c > .kt-row-column-wrap{align-content:start;}:where(.kb-row-layout-id_ab9f82-6c > .kt-row-column-wrap) > .wp-block-kadence-column{justify-content:start;}.kb-row-layout-id_ab9f82-6c > .kt-row-column-wrap{column-gap:var(--global-kb-gap-md, 2rem);row-gap:var(--global-kb-gap-md, 2rem);padding-top:var(--global-kb-spacing-sm, 1.5rem);padding-bottom:var(--global-kb-spacing-sm, 1.5rem);grid-template-columns:repeat(2, minmax(0, 1fr));}.kb-row-layout-id_ab9f82-6c > .kt-row-layout-overlay{opacity:0.30;}@media all and (max-width: 1024px){.kb-row-layout-id_ab9f82-6c > .kt-row-column-wrap{grid-template-columns:repeat(2, minmax(0, 1fr));}}@media all and (max-width: 767px){.kb-row-layout-id_ab9f82-6c > .kt-row-column-wrap{grid-template-columns:minmax(0, 1fr);}}<\/style><div class=\"kb-row-layout-wrap kb-row-layout-id_ab9f82-6c alignnone wp-block-kadence-rowlayout\"><div class=\"kt-row-column-wrap kt-has-2-columns kt-row-layout-equal kt-tab-layout-inherit kt-mobile-layout-row kt-row-valign-top\">\n<style>.kadence-column_76ba6e-1d > .kt-inside-inner-col,.kadence-column_76ba6e-1d > .kt-inside-inner-col:before{border-top-left-radius:0px;border-top-right-radius:0px;border-bottom-right-radius:0px;border-bottom-left-radius:0px;}.kadence-column_76ba6e-1d > .kt-inside-inner-col{column-gap:var(--global-kb-gap-sm, 1rem);}.kadence-column_76ba6e-1d > .kt-inside-inner-col{flex-direction:column;}.kadence-column_76ba6e-1d > .kt-inside-inner-col > .aligncenter{width:100%;}.kadence-column_76ba6e-1d > .kt-inside-inner-col:before{opacity:0.3;}.kadence-column_76ba6e-1d{position:relative;}@media all and (max-width: 1024px){.kadence-column_76ba6e-1d > .kt-inside-inner-col{flex-direction:column;justify-content:center;}}@media all and (max-width: 767px){.kadence-column_76ba6e-1d > .kt-inside-inner-col{flex-direction:column;justify-content:center;}}<\/style>\n<div class=\"wp-block-kadence-column kadence-column_76ba6e-1d inner-column-1\"><div class=\"kt-inside-inner-col\">\n<h2 class=\"wp-block-heading\">Sretno do kraja \u017eivota<br>po\u010dinje sada!<\/h2>\n\n\n\n<p class=\"has-primary-darker-color has-text-color\">Roda ne donosi samo bebe \u2013 nekada i po\u0161tu<\/p>\n\n\n\n<p class=\"has-primary-darker-color has-text-color\">Newsletter za sve one, koji \u017eele uskoro dr\u017eati svoje novoro\u0111en\u010de u rukama. S pravim medicinskim savjetima od Dr. Schenk za opu\u0161teno ostvarenje trudno\u0107e.<\/p>\n\n\n\n<div class=\"wp-block-buttons is-layout-flex wp-block-buttons-is-layout-flex\">\n<div class=\"wp-block-button\"><a class=\"wp-block-button__link wp-element-button\" href=\"https:\/\/www.kinderwunsch-institut.at\/newsletter\/\">RPRIJAVITE SE ZA NEWSLETTER<\/a><\/div>\n<\/div>\n<\/div><\/div>\n\n\n<style>.kadence-column_7c9497-52 > .kt-inside-inner-col,.kadence-column_7c9497-52 > .kt-inside-inner-col:before{border-top-left-radius:0px;border-top-right-radius:0px;border-bottom-right-radius:0px;border-bottom-left-radius:0px;}.kadence-column_7c9497-52 > .kt-inside-inner-col{column-gap:var(--global-kb-gap-sm, 1rem);}.kadence-column_7c9497-52 > .kt-inside-inner-col{flex-direction:column;}.kadence-column_7c9497-52 > .kt-inside-inner-col > .aligncenter{width:100%;}.kadence-column_7c9497-52 > .kt-inside-inner-col:before{opacity:0.3;}.kadence-column_7c9497-52{position:relative;}@media all and (max-width: 1024px){.kadence-column_7c9497-52 > .kt-inside-inner-col{flex-direction:column;justify-content:center;}}@media all and (max-width: 767px){.kadence-column_7c9497-52 > .kt-inside-inner-col{flex-direction:column;justify-content:center;}}<\/style>\n<div class=\"wp-block-kadence-column kadence-column_7c9497-52 inner-column-2\"><div class=\"kt-inside-inner-col\">\n<figure class=\"wp-block-image aligncenter size-full is-resized is-style-default\"><img loading=\"lazy\" decoding=\"async\" src=\"https:\/\/www.kinderwunsch-institut.at\/wp-content\/uploads\/2022\/02\/Kinderwunsch_Nesletter.png\" alt=\"\" class=\"wp-image-436\" width=\"451\" height=\"367\" srcset=\"https:\/\/www.kinderwunsch-institut.at\/wp-content\/uploads\/2022\/02\/Kinderwunsch_Nesletter.png 601w, https:\/\/www.kinderwunsch-institut.at\/wp-content\/uploads\/2022\/02\/Kinderwunsch_Nesletter-300x244.png 300w\" sizes=\"auto, (max-width: 451px) 100vw, 451px\" \/><\/figure>\n<\/div><\/div>\n\n<\/div><\/div>","protected":false},"excerpt":{"rendered":"<p>Jednostavno saznajtevi\u0161e uz TV \u201e\u017delja za djetetom\u201c U na\u0161oj novoj video seriji TV \u201e\u017delja za djetetom\u201c obja\u0161njavamo Vam sve u vezi sa \u017eeljom za djecom na jednostavan i sa\u017eet na\u010din. Koje nove mogu\u0107nosti nam pru\u017ea moderna medicina s novim genetskim testom embrija? \u0160to sve mogu biti uzroci neispunjene \u017eelje za djetetom? Koje mogu\u0107nosti potpomognute oplodnje [&hellip;]<\/p>\n","protected":false},"author":1,"featured_media":0,"parent":0,"menu_order":7,"comment_status":"closed","ping_status":"closed","template":"","meta":{"_acf_changed":false,"inline_featured_image":false,"_kad_blocks_custom_css":"","_kad_blocks_head_custom_js":"","_kad_blocks_body_custom_js":"","_kad_blocks_footer_custom_js":"","footnotes":""},"class_list":["post-57587","page","type-page","status-publish","hentry"],"acf":[],"featured_image_src_large":false,"author_info":{"display_name":"tronic","author_link":"https:\/\/www.kinderwunsch-institut.at\/hr\/author\/tronic\/"},"comment_info":0,"taxonomy_info":[],"_links":{"self":[{"href":"https:\/\/www.kinderwunsch-institut.at\/hr\/wp-json\/wp\/v2\/pages\/57587","targetHints":{"allow":["GET"]}}],"collection":[{"href":"https:\/\/www.kinderwunsch-institut.at\/hr\/wp-json\/wp\/v2\/pages"}],"about":[{"href":"https:\/\/www.kinderwunsch-institut.at\/hr\/wp-json\/wp\/v2\/types\/page"}],"author":[{"embeddable":true,"href":"https:\/\/www.kinderwunsch-institut.at\/hr\/wp-json\/wp\/v2\/users\/1"}],"replies":[{"embeddable":true,"href":"https:\/\/www.kinderwunsch-institut.at\/hr\/wp-json\/wp\/v2\/comments?post=57587"}],"version-history":[{"count":9,"href":"https:\/\/www.kinderwunsch-institut.at\/hr\/wp-json\/wp\/v2\/pages\/57587\/revisions"}],"predecessor-version":[{"id":59677,"href":"https:\/\/www.kinderwunsch-institut.at\/hr\/wp-json\/wp\/v2\/pages\/57587\/revisions\/59677"}],"wp:attachment":[{"href":"https:\/\/www.kinderwunsch-institut.at\/hr\/wp-json\/wp\/v2\/media?parent=57587"}],"curies":[{"name":"wp","href":"https:\/\/api.w.org\/{rel}","templated":true}]}}