{"id":57585,"date":"2021-12-21T15:09:24","date_gmt":"2021-12-21T14:09:24","guid":{"rendered":"https:\/\/www.kinderwunsch-institut.at\/behandlungsmethoden\/gleichgeschlechtliche-paare\/"},"modified":"2023-09-14T12:12:18","modified_gmt":"2023-09-14T10:12:18","slug":"istospolni-parovi","status":"publish","type":"page","link":"https:\/\/www.kinderwunsch-institut.at\/hr\/metode-medicinski-potpomognute-oplodnje\/istospolni-parovi\/","title":{"rendered":"Istospolni parovi"},"content":{"rendered":"<style>.kb-row-layout-id_715368-ce > .kt-row-column-wrap{align-content:start;}:where(.kb-row-layout-id_715368-ce > .kt-row-column-wrap) > .wp-block-kadence-column{justify-content:start;}.kb-row-layout-id_715368-ce > .kt-row-column-wrap{column-gap:80px;row-gap:var(--global-kb-gap-md, 2rem);padding-top:var(--global-kb-spacing-sm, 1.5rem);padding-bottom:var(--global-kb-spacing-sm, 1.5rem);grid-template-columns:minmax(0, 1fr) minmax(0, 2fr);}.kb-row-layout-id_715368-ce > .kt-row-layout-overlay{opacity:0.30;}@media all and (max-width: 1024px){.kb-row-layout-id_715368-ce > .kt-row-column-wrap{grid-template-columns:minmax(0, 1fr) minmax(0, 2fr);}}@media all and (max-width: 767px){.kb-row-layout-id_715368-ce > .kt-row-column-wrap{grid-template-columns:minmax(0, 1fr);}}<\/style><div class=\"kb-row-layout-wrap kb-row-layout-id_715368-ce alignnone wp-block-kadence-rowlayout\"><div class=\"kt-row-column-wrap kt-has-2-columns kt-row-layout-right-golden kt-tab-layout-inherit kt-mobile-layout-row kt-row-valign-top\">\n<style>.kadence-column_cb9880-5f > .kt-inside-inner-col,.kadence-column_cb9880-5f > .kt-inside-inner-col:before{border-top-left-radius:0px;border-top-right-radius:0px;border-bottom-right-radius:0px;border-bottom-left-radius:0px;}.kadence-column_cb9880-5f > .kt-inside-inner-col{column-gap:var(--global-kb-gap-sm, 1rem);}.kadence-column_cb9880-5f > .kt-inside-inner-col{flex-direction:column;}.kadence-column_cb9880-5f > .kt-inside-inner-col > .aligncenter{width:100%;}.kadence-column_cb9880-5f > .kt-inside-inner-col:before{opacity:0.3;}.kadence-column_cb9880-5f{text-align:center;}.kadence-column_cb9880-5f{position:relative;}@media all and (max-width: 1024px){.kadence-column_cb9880-5f > .kt-inside-inner-col{flex-direction:column;justify-content:center;}}@media all and (max-width: 767px){.kadence-column_cb9880-5f > .kt-inside-inner-col{flex-direction:column;justify-content:center;}}<\/style>\n<div class=\"wp-block-kadence-column kadence-column_cb9880-5f inner-column-1\"><div class=\"kt-inside-inner-col\">\n<figure class=\"wp-block-image size-full is-style-default\"><img loading=\"lazy\" decoding=\"async\" width=\"699\" height=\"854\" src=\"https:\/\/www.kinderwunsch-institut.at\/wp-content\/uploads\/2022\/03\/Kinderwunsch_Gleichgeschlechtliches_Paar.png\" alt=\"\" class=\"wp-image-816\" srcset=\"https:\/\/www.kinderwunsch-institut.at\/wp-content\/uploads\/2022\/03\/Kinderwunsch_Gleichgeschlechtliches_Paar.png 699w, https:\/\/www.kinderwunsch-institut.at\/wp-content\/uploads\/2022\/03\/Kinderwunsch_Gleichgeschlechtliches_Paar-246x300.png 246w\" sizes=\"auto, (max-width: 699px) 100vw, 699px\" \/><\/figure>\n<\/div><\/div>\n\n\n<style>.kadence-column_3e6228-c5 > .kt-inside-inner-col,.kadence-column_3e6228-c5 > .kt-inside-inner-col:before{border-top-left-radius:0px;border-top-right-radius:0px;border-bottom-right-radius:0px;border-bottom-left-radius:0px;}.kadence-column_3e6228-c5 > .kt-inside-inner-col{column-gap:var(--global-kb-gap-sm, 1rem);}.kadence-column_3e6228-c5 > .kt-inside-inner-col{flex-direction:column;}.kadence-column_3e6228-c5 > .kt-inside-inner-col > .aligncenter{width:100%;}.kadence-column_3e6228-c5 > .kt-inside-inner-col:before{opacity:0.3;}.kadence-column_3e6228-c5{position:relative;}@media all and (max-width: 1024px){.kadence-column_3e6228-c5 > .kt-inside-inner-col{flex-direction:column;justify-content:center;}}@media all and (max-width: 767px){.kadence-column_3e6228-c5 > .kt-inside-inner-col{flex-direction:column;justify-content:center;}}<\/style>\n<div class=\"wp-block-kadence-column kadence-column_3e6228-c5 inner-column-2\"><div class=\"kt-inside-inner-col\">\n<h2 class=\"wp-block-heading\">Istospolni<br>parovi<\/h2>\n\n\n\n<p class=\"has-primary-darker-color has-text-color\">Jako nam je va\u017eno da istospolnim \u017eenskim parovima omogu\u0107imo da ostvare svoju \u017eelju za djetetom. Svakako da za istospolne parove postoje druge mogu\u0107nosti da i bez stru\u010dnjaka za reprodukciju postignu trudno\u0107u, me\u0111utim te metode nisu niti posebno sigurne, niti zdrave.<\/p>\n\n\n\n<p class=\"has-primary-darker-color has-text-color\">Istospolnim partnerima u na\u0161em institutu \u201eKinderwunsch Institut\u201c stoje na raspolaganju jednake terapijske metode kao i svim drugim parovima. Putem postupka intrauterine inseminacije (IUI) se onoj \u017eeni, koja \u017eeli iznijeti dijete pomo\u0107u katetera unosi donatorsko sjeme direktno u uterus. Za navedeni postupak se koristi sperma iz na\u0161e banke sjemena, koja potje\u010de od sasvim zdravih i pomno odabranih donatora.<\/p>\n<\/div><\/div>\n\n<\/div><\/div>\n\n<style>.wp-block-kadence-spacer.kt-block-spacer-_36a1b6-df .kt-block-spacer{height:60px;}.wp-block-kadence-spacer.kt-block-spacer-_36a1b6-df .kt-divider{border-top-width:1px;height:1px;border-top-color:#eee;width:80%;border-top-style:solid;}<\/style>\n<div class=\"wp-block-kadence-spacer aligncenter kt-block-spacer-_36a1b6-df\"><div class=\"kt-block-spacer kt-block-spacer-halign-center\"><\/div><\/div>\n\n\n<style>.kb-row-layout-id_46bf31-cc > .kt-row-column-wrap{align-content:start;}:where(.kb-row-layout-id_46bf31-cc > .kt-row-column-wrap) > .wp-block-kadence-column{justify-content:start;}.kb-row-layout-id_46bf31-cc > .kt-row-column-wrap{column-gap:80px;row-gap:var(--global-kb-gap-md, 2rem);padding-top:var(--global-kb-spacing-sm, 1.5rem);padding-bottom:var(--global-kb-spacing-sm, 1.5rem);grid-template-columns:minmax(0, 2fr) minmax(0, 1fr);}.kb-row-layout-id_46bf31-cc > .kt-row-layout-overlay{opacity:0.30;}@media all and (max-width: 1024px){.kb-row-layout-id_46bf31-cc > .kt-row-column-wrap{grid-template-columns:repeat(2, minmax(0, 1fr));}}@media all and (max-width: 767px){.kb-row-layout-id_46bf31-cc > .kt-row-column-wrap{grid-template-columns:minmax(0, 1fr);}}<\/style><div class=\"kb-row-layout-wrap kb-row-layout-id_46bf31-cc alignnone wp-block-kadence-rowlayout\"><div class=\"kt-row-column-wrap kt-has-2-columns kt-row-layout-left-golden kt-tab-layout-equal kt-mobile-layout-row kt-row-valign-top\">\n<style>.kadence-column_5b9498-e4 > .kt-inside-inner-col,.kadence-column_5b9498-e4 > .kt-inside-inner-col:before{border-top-left-radius:0px;border-top-right-radius:0px;border-bottom-right-radius:0px;border-bottom-left-radius:0px;}.kadence-column_5b9498-e4 > .kt-inside-inner-col{column-gap:var(--global-kb-gap-sm, 1rem);}.kadence-column_5b9498-e4 > .kt-inside-inner-col{flex-direction:column;}.kadence-column_5b9498-e4 > .kt-inside-inner-col > .aligncenter{width:100%;}.kadence-column_5b9498-e4 > .kt-inside-inner-col:before{opacity:0.3;}.kadence-column_5b9498-e4{position:relative;}@media all and (max-width: 1024px){.kadence-column_5b9498-e4 > .kt-inside-inner-col{flex-direction:column;justify-content:center;}}@media all and (max-width: 767px){.kadence-column_5b9498-e4 > .kt-inside-inner-col{flex-direction:column;justify-content:center;}}<\/style>\n<div class=\"wp-block-kadence-column kadence-column_5b9498-e4 inner-column-1\"><div class=\"kt-inside-inner-col\">\n<h2 class=\"wp-block-heading\">Nemamo pravo da<br>uskra\u0107ujemo nara\u0161taj<\/h2>\n\n\n\n<p>Vlada je 2014 god. otvorila put donaciji jajne stanice i liberalizirala je postupak oplodnje za istospolne parove. Dr. Michael Schenk ve\u0107 mnogo godina savjetuje lezbijke, koje imaju \u017eelju za djetetom i rado aktivno poma\u017ee. \"Naposljetku \u2013 neovisno o spolnom identitetu \u2013 nikad ne mo\u017ee biti gre\u0161ka, ostvariti hotimi\u010dnu trudno\u0107u i roditi \u017eeljeno dijete.\"<\/p>\n\n\n\n<p>Zakonski prijedlog koji je 13. studenog 2014 god. dat na ispitivanje prelazi namjenu i nalog Ustavnog suda da se lezbijskim parovima zakonski dozvoljava donacija sjemena. Isti zakon dozvoljava donaciju jaja\u0161aca i sjemena tre\u0107ih osoba kod medicinski potpomognute oplodnje, kao i ograni\u010denu preimplatacijsku dijagnostiku (pregled oplo\u0111ene jajne stanice prije umetanja u maternicu).<\/p>\n<\/div><\/div>\n\n\n<style>.kadence-column_a5d1e9-90 > .kt-inside-inner-col,.kadence-column_a5d1e9-90 > .kt-inside-inner-col:before{border-top-left-radius:0px;border-top-right-radius:0px;border-bottom-right-radius:0px;border-bottom-left-radius:0px;}.kadence-column_a5d1e9-90 > .kt-inside-inner-col{column-gap:var(--global-kb-gap-sm, 1rem);}.kadence-column_a5d1e9-90 > .kt-inside-inner-col{flex-direction:column;}.kadence-column_a5d1e9-90 > .kt-inside-inner-col > .aligncenter{width:100%;}.kadence-column_a5d1e9-90 > .kt-inside-inner-col:before{opacity:0.3;}.kadence-column_a5d1e9-90{text-align:center;}.kadence-column_a5d1e9-90{position:relative;}@media all and (max-width: 1024px){.kadence-column_a5d1e9-90 > .kt-inside-inner-col{flex-direction:column;justify-content:center;}}@media all and (max-width: 767px){.kadence-column_a5d1e9-90 > .kt-inside-inner-col{flex-direction:column;justify-content:center;}.kadence-column_a5d1e9-90, .kt-inside-inner-col > .kadence-column_a5d1e9-90:not(.specificity){margin-top:60px;}}<\/style>\n<div class=\"wp-block-kadence-column kadence-column_a5d1e9-90 inner-column-2\"><div class=\"kt-inside-inner-col\">\n<figure class=\"wp-block-image aligncenter size-large is-style-rounded fancy__img-bubble fancy__img-bubble--primary\"><img loading=\"lazy\" decoding=\"async\" width=\"1024\" height=\"1024\" src=\"https:\/\/www.kinderwunsch-institut.at\/wp-content\/uploads\/2022\/07\/GleichgeschlechtlichePaare_Schenk-1024x1024.jpg\" alt=\"\" class=\"wp-image-1970\" srcset=\"https:\/\/www.kinderwunsch-institut.at\/wp-content\/uploads\/2022\/07\/GleichgeschlechtlichePaare_Schenk-1024x1024.jpg 1024w, https:\/\/www.kinderwunsch-institut.at\/wp-content\/uploads\/2022\/07\/GleichgeschlechtlichePaare_Schenk-300x300.jpg 300w, https:\/\/www.kinderwunsch-institut.at\/wp-content\/uploads\/2022\/07\/GleichgeschlechtlichePaare_Schenk-150x150.jpg 150w, https:\/\/www.kinderwunsch-institut.at\/wp-content\/uploads\/2022\/07\/GleichgeschlechtlichePaare_Schenk-768x768.jpg 768w, https:\/\/www.kinderwunsch-institut.at\/wp-content\/uploads\/2022\/07\/GleichgeschlechtlichePaare_Schenk-40x40.jpg 40w, https:\/\/www.kinderwunsch-institut.at\/wp-content\/uploads\/2022\/07\/GleichgeschlechtlichePaare_Schenk.jpg 1168w\" sizes=\"auto, (max-width: 1024px) 100vw, 1024px\" \/><\/figure>\n\n\n\n<blockquote class=\"wp-block-quote is-layout-flow wp-block-quote-is-layout-flow\">\n<p>\"Naposljetku \u2013 neovisno o spolnom identitetu \u2013 nikad ne mo\u017ee biti gre\u0161ka ostvariti hotimi\u010dnu trudno\u0107u i roditi \u017eeljeno dijete.\"<\/p>\n<cite>DR. MICHAEL SCHENK<\/cite><\/blockquote>\n<\/div><\/div>\n\n<\/div><\/div>\n\n<style>.kb-row-layout-id_b674bd-57 > .kt-row-column-wrap{align-content:start;}:where(.kb-row-layout-id_b674bd-57 > .kt-row-column-wrap) > .wp-block-kadence-column{justify-content:start;}.kb-row-layout-id_b674bd-57 > .kt-row-column-wrap{column-gap:80px;row-gap:var(--global-kb-gap-md, 2rem);padding-top:var(--global-kb-spacing-sm, 1.5rem);padding-bottom:var(--global-kb-spacing-sm, 1.5rem);grid-template-columns:minmax(0, 2fr) minmax(0, 1fr);}.kb-row-layout-id_b674bd-57 > .kt-row-layout-overlay{opacity:0.30;}@media all and (max-width: 1024px){.kb-row-layout-id_b674bd-57 > .kt-row-column-wrap{grid-template-columns:minmax(0, 2fr) minmax(0, 1fr);}}@media all and (max-width: 767px){.kb-row-layout-id_b674bd-57 > .kt-row-column-wrap{grid-template-columns:minmax(0, 1fr);}}<\/style><div class=\"kb-row-layout-wrap kb-row-layout-id_b674bd-57 alignnone wp-block-kadence-rowlayout\"><div class=\"kt-row-column-wrap kt-has-2-columns kt-row-layout-left-golden kt-tab-layout-inherit kt-mobile-layout-row kt-row-valign-top\">\n<style>.kadence-column_81b884-d2 > .kt-inside-inner-col,.kadence-column_81b884-d2 > .kt-inside-inner-col:before{border-top-left-radius:0px;border-top-right-radius:0px;border-bottom-right-radius:0px;border-bottom-left-radius:0px;}.kadence-column_81b884-d2 > .kt-inside-inner-col{column-gap:var(--global-kb-gap-sm, 1rem);}.kadence-column_81b884-d2 > .kt-inside-inner-col{flex-direction:column;}.kadence-column_81b884-d2 > .kt-inside-inner-col > .aligncenter{width:100%;}.kadence-column_81b884-d2 > .kt-inside-inner-col:before{opacity:0.3;}.kadence-column_81b884-d2{position:relative;}@media all and (max-width: 1024px){.kadence-column_81b884-d2 > .kt-inside-inner-col{flex-direction:column;justify-content:center;}}@media all and (max-width: 767px){.kadence-column_81b884-d2 > .kt-inside-inner-col{flex-direction:column;justify-content:center;}}<\/style>\n<div class=\"wp-block-kadence-column kadence-column_81b884-d2 inner-column-1\"><div class=\"kt-inside-inner-col\">\n<h2 class=\"wp-block-heading\">Da li se odobrava<br>financijska potpora?<\/h2>\n\n\n\n<p>Uostalom, IVF fond Austrije ve\u0107 od 2015. i istospolnim parovima pru\u017ea financijsku podr\u0161ku, ali samo ukoliko postoje odgovaraju\u0107e dijagnoze i ako predvi\u0111ena starosna dob nije prekora\u010dena. Za istospolne parove vrijedi isto pravilo: \u0161to ranije stupite u kontakt s nama, ve\u0107a je vjerojatnost da \u0107ete posti\u0107i trudno\u0107u.<\/p>\n\n\n<style>.wp-block-kadence-spacer.kt-block-spacer-_75945f-55 .kt-block-spacer{height:20px;}.wp-block-kadence-spacer.kt-block-spacer-_75945f-55 .kt-divider{border-top-width:1px;height:1px;border-top-color:#eee;width:80%;border-top-style:solid;}<\/style>\n<div class=\"wp-block-kadence-spacer aligncenter kt-block-spacer-_75945f-55\"><div class=\"kt-block-spacer kt-block-spacer-halign-center\"><\/div><\/div>\n\n\n\n<div class=\"wp-block-buttons is-layout-flex wp-block-buttons-is-layout-flex\">\n<div class=\"wp-block-button aligncenter is-style-fill\"><a class=\"wp-block-button__link wp-element-button\" href=\"https:\/\/www.kinderwunsch-institut.at\/erstgespraech\/\">UGOVORITE TERMIN ZA PRVI SPECIJALISTI\u010cKI RAZGOVOR<\/a><\/div>\n<\/div>\n<\/div><\/div>\n\n\n<style>.kadence-column_4fb0fd-40 > .kt-inside-inner-col,.kadence-column_4fb0fd-40 > .kt-inside-inner-col:before{border-top-left-radius:0px;border-top-right-radius:0px;border-bottom-right-radius:0px;border-bottom-left-radius:0px;}.kadence-column_4fb0fd-40 > .kt-inside-inner-col{column-gap:var(--global-kb-gap-sm, 1rem);}.kadence-column_4fb0fd-40 > .kt-inside-inner-col{flex-direction:column;}.kadence-column_4fb0fd-40 > .kt-inside-inner-col > .aligncenter{width:100%;}.kadence-column_4fb0fd-40 > .kt-inside-inner-col:before{opacity:0.3;}.kadence-column_4fb0fd-40{position:relative;}@media all and (max-width: 1024px){.kadence-column_4fb0fd-40 > .kt-inside-inner-col{flex-direction:column;justify-content:center;}}@media all and (max-width: 767px){.kadence-column_4fb0fd-40 > .kt-inside-inner-col{flex-direction:column;justify-content:center;}}<\/style>\n<div class=\"wp-block-kadence-column kadence-column_4fb0fd-40 inner-column-2\"><div class=\"kt-inside-inner-col\"><\/div><\/div>\n\n<\/div><\/div>\n\n\n<p><\/p>\n","protected":false},"excerpt":{"rendered":"<p>Istospolniparovi Jako nam je va\u017eno da istospolnim \u017eenskim parovima omogu\u0107imo da ostvare svoju \u017eelju za djetetom. Svakako da za istospolne parove postoje druge mogu\u0107nosti da i bez stru\u010dnjaka za reprodukciju postignu trudno\u0107u, me\u0111utim te metode nisu niti posebno sigurne, niti zdrave. Istospolnim partnerima u na\u0161em institutu \u201eKinderwunsch Institut\u201c stoje na raspolaganju jednake terapijske metode kao [&hellip;]<\/p>\n","protected":false},"author":2,"featured_media":0,"parent":57557,"menu_order":11,"comment_status":"closed","ping_status":"closed","template":"","meta":{"_acf_changed":false,"inline_featured_image":false,"_kad_blocks_custom_css":"","_kad_blocks_head_custom_js":"","_kad_blocks_body_custom_js":"","_kad_blocks_footer_custom_js":"","footnotes":""},"class_list":["post-57585","page","type-page","status-publish","hentry"],"acf":[],"featured_image_src_large":false,"author_info":{"display_name":"content","author_link":"https:\/\/www.kinderwunsch-institut.at\/hr\/author\/content\/"},"comment_info":0,"taxonomy_info":[],"_links":{"self":[{"href":"https:\/\/www.kinderwunsch-institut.at\/hr\/wp-json\/wp\/v2\/pages\/57585","targetHints":{"allow":["GET"]}}],"collection":[{"href":"https:\/\/www.kinderwunsch-institut.at\/hr\/wp-json\/wp\/v2\/pages"}],"about":[{"href":"https:\/\/www.kinderwunsch-institut.at\/hr\/wp-json\/wp\/v2\/types\/page"}],"author":[{"embeddable":true,"href":"https:\/\/www.kinderwunsch-institut.at\/hr\/wp-json\/wp\/v2\/users\/2"}],"replies":[{"embeddable":true,"href":"https:\/\/www.kinderwunsch-institut.at\/hr\/wp-json\/wp\/v2\/comments?post=57585"}],"version-history":[{"count":12,"href":"https:\/\/www.kinderwunsch-institut.at\/hr\/wp-json\/wp\/v2\/pages\/57585\/revisions"}],"predecessor-version":[{"id":58071,"href":"https:\/\/www.kinderwunsch-institut.at\/hr\/wp-json\/wp\/v2\/pages\/57585\/revisions\/58071"}],"up":[{"embeddable":true,"href":"https:\/\/www.kinderwunsch-institut.at\/hr\/wp-json\/wp\/v2\/pages\/57557"}],"wp:attachment":[{"href":"https:\/\/www.kinderwunsch-institut.at\/hr\/wp-json\/wp\/v2\/media?parent=57585"}],"curies":[{"name":"wp","href":"https:\/\/api.w.org\/{rel}","templated":true}]}}