{"id":57581,"date":"2021-12-21T15:10:03","date_gmt":"2021-12-21T14:10:03","guid":{"rendered":"https:\/\/www.kinderwunsch-institut.at\/behandlungsmethoden\/eizellbank\/spenderin\/"},"modified":"2023-09-14T12:10:38","modified_gmt":"2023-09-14T10:10:38","slug":"donatorica","status":"publish","type":"page","link":"https:\/\/www.kinderwunsch-institut.at\/hr\/metode-medicinski-potpomognute-oplodnje\/donacija-jajnih-stanica\/donatorica\/","title":{"rendered":"Donatorica"},"content":{"rendered":"<style>.kb-row-layout-id_1d84fb-0d > .kt-row-column-wrap{align-content:start;}:where(.kb-row-layout-id_1d84fb-0d > .kt-row-column-wrap) > .wp-block-kadence-column{justify-content:start;}.kb-row-layout-id_1d84fb-0d > .kt-row-column-wrap{column-gap:80px;row-gap:var(--global-kb-gap-md, 2rem);padding-top:var(--global-kb-spacing-sm, 1.5rem);padding-bottom:var(--global-kb-spacing-sm, 1.5rem);grid-template-columns:minmax(0, 2fr) minmax(0, 1fr);}.kb-row-layout-id_1d84fb-0d > .kt-row-layout-overlay{opacity:0.30;}@media all and (max-width: 1024px){.kb-row-layout-id_1d84fb-0d > .kt-row-column-wrap{grid-template-columns:minmax(0, 1fr);}}@media all and (max-width: 767px){.kb-row-layout-id_1d84fb-0d > .kt-row-column-wrap{grid-template-columns:minmax(0, 1fr);}}<\/style><div class=\"kb-row-layout-wrap kb-row-layout-id_1d84fb-0d alignnone kiwi__fixed-right wp-block-kadence-rowlayout\"><div class=\"kt-row-column-wrap kt-has-2-columns kt-row-layout-left-golden kt-tab-layout-row kt-mobile-layout-row kt-row-valign-top\">\n<style>.kadence-column_fab3ac-16 > .kt-inside-inner-col,.kadence-column_fab3ac-16 > .kt-inside-inner-col:before{border-top-left-radius:0px;border-top-right-radius:0px;border-bottom-right-radius:0px;border-bottom-left-radius:0px;}.kadence-column_fab3ac-16 > .kt-inside-inner-col{column-gap:var(--global-kb-gap-sm, 1rem);}.kadence-column_fab3ac-16 > .kt-inside-inner-col{flex-direction:column;}.kadence-column_fab3ac-16 > .kt-inside-inner-col > .aligncenter{width:100%;}.kadence-column_fab3ac-16 > .kt-inside-inner-col:before{opacity:0.3;}.kadence-column_fab3ac-16{position:relative;}@media all and (max-width: 1024px){.kadence-column_fab3ac-16 > .kt-inside-inner-col{flex-direction:column;justify-content:center;}}@media all and (max-width: 767px){.kadence-column_fab3ac-16 > .kt-inside-inner-col{flex-direction:column;justify-content:center;}}<\/style>\n<div class=\"wp-block-kadence-column kadence-column_fab3ac-16 inner-column-1\"><div class=\"kt-inside-inner-col\">\n<h1 class=\"wp-block-heading\">Donatorica<\/h1>\n\n\n\n<p><strong>Kako se odvija selekcija jajnih stanica?<\/strong><\/p>\n\n\n\n<p>Svaka donatorica ponajprije dobiva kvalificiranu izjavu o svom zdravlju i svojoj vitalnosti tzv. \u201eFerticheck\u201c, \u0161to pretstavlja provjeru kvaliteta njenih jajnih stanica.<\/p>\n\n\n\n<p>Dobrovoljne donatorice moraju ispunjavati najstro\u017eije kriterije, te moraju redovno dolaziti na kontrolne preglede. Jako va\u017ean faktor pri odabiru je, da donatorica ne boluje od zaraznih bolesti, da je potpuno isklju\u010dena mogu\u0107nost nasljednih bolesti i veliku ulogu ima integritet i fertilitet. Ime donatorice ostaje anonimno. Ona ne saznaje koja primateljica je primila njenu jajnu stanicu.<\/p>\n\n\n\n<p><strong>Tijek donacije<\/strong><\/p>\n\n\n\n<p>Kod takozvanog postupka vitrifikacije (tehnika zamrzavanja) uzimaju se deset do dvanaest jajnih stanica, koja se u djeli\u0107u sekunde zamrzavaju na temperaturu od -197\u00b0C . Nagli pad temperature izaziva tzv. temperaturni \u0161ok. U me\u0111uvremenu je znanstveno dokazano i osigurano da zamrzavanje ne umanjuje kvalitet stanica.<\/p>\n\n\n\n<p><strong>Na koji se na\u010din vr\u0161i odabir donatorica?<\/strong><\/p>\n\n\n\n<p>Polazi se od principa sli\u010dnosti. Tko sli\u010di na nekog ima i sli\u010dne gene. Za odabir prikladnih donatorica su dakle odlu\u010duju\u0107i \u010dinitelji boja o\u010diju, ten, boja kose, tjelesna visina i te\u017eina. \u010cak i najvi\u0161i stupanj strukovne izobrazbe i sposobnosti su bitni kriteriji odabira. Krvna grupa oba partnera se odre\u0111uje, kako bismo i u tom pogledu osigurali sli\u010dnost u obitelji.<\/p>\n\n\n\n<p><strong>Koji rizik postoji za donatoricu?<\/strong><\/p>\n\n\n\n<p>Faza stimulacije se u pravilu dobro podnosi. Rastu\u0107i folikuli u jajnicima mogu prouzro\u010diti jedan odre\u0111en nivo bolova. Rizik zahvata je kod vremenski veoma kratke anestezije neznatan. Kod do sada aktuelno izvr\u0161enih 8.400 va\u0111enja jaja\u0161aca u na\u0161em institute samo je dva puta do\u0161lo do jedne lokalne upale, a u jednom slu\u010daju je urin bio krvav radi ozljede mokra\u0107nog mjehura iglom.<\/p>\n\n\n\n<p>Stvaranje sindroma hiperstimulacije jajnika, koji se prije svega pojavi kada nastupi trudno\u0107a u praksi mo\u017eemo isklju\u010diti jer vr\u0161imo vremenski veoma usko kontrolne preglede i pra\u0107enje \u017eene. Mogu\u0107a psihi\u010dka optere\u0107enja sprije\u010davamo na\u0161im stalno dostupnim timom stru\u010dnjaka savjetnika.<\/p>\n\n\n\n<p><strong>Information <\/strong><\/p>\n\n\n\n<p>Stojimo Vam na raspolaganje telefonskim putem u okviru na\u0161eg ranog vremena pod brojem tel.: +43 (0) 3136 55 111.<\/p>\n<\/div><\/div>\n\n\n<style>.kadence-column_79259d-13 > .kt-inside-inner-col,.kadence-column_79259d-13 > .kt-inside-inner-col:before{border-top-left-radius:0px;border-top-right-radius:0px;border-bottom-right-radius:0px;border-bottom-left-radius:0px;}.kadence-column_79259d-13 > .kt-inside-inner-col{column-gap:var(--global-kb-gap-sm, 1rem);}.kadence-column_79259d-13 > .kt-inside-inner-col{flex-direction:column;}.kadence-column_79259d-13 > .kt-inside-inner-col > .aligncenter{width:100%;}.kadence-column_79259d-13 > .kt-inside-inner-col:before{opacity:0.3;}.kadence-column_79259d-13{text-align:center;}.kadence-column_79259d-13{position:relative;}@media all and (max-width: 1024px){.kadence-column_79259d-13 > .kt-inside-inner-col{flex-direction:column;justify-content:center;}}@media all and (max-width: 767px){.kadence-column_79259d-13 > .kt-inside-inner-col{flex-direction:column;justify-content:center;}}<\/style>\n<div class=\"wp-block-kadence-column kadence-column_79259d-13 inner-column-2\"><div class=\"kt-inside-inner-col\">\n<figure class=\"wp-block-image aligncenter size-large fancy__img-bubble fancy__img-bubble--primary is-style-rounded\"><img loading=\"lazy\" decoding=\"async\" width=\"1024\" height=\"1024\" src=\"https:\/\/www.kinderwunsch-institut.at\/wp-content\/uploads\/2022\/07\/Spenderin-1024x1024.jpg\" alt=\"\" class=\"wp-image-1946\" srcset=\"https:\/\/www.kinderwunsch-institut.at\/wp-content\/uploads\/2022\/07\/Spenderin-1024x1024.jpg 1024w, https:\/\/www.kinderwunsch-institut.at\/wp-content\/uploads\/2022\/07\/Spenderin-300x300.jpg 300w, https:\/\/www.kinderwunsch-institut.at\/wp-content\/uploads\/2022\/07\/Spenderin-150x150.jpg 150w, https:\/\/www.kinderwunsch-institut.at\/wp-content\/uploads\/2022\/07\/Spenderin-768x768.jpg 768w, https:\/\/www.kinderwunsch-institut.at\/wp-content\/uploads\/2022\/07\/Spenderin-40x40.jpg 40w, https:\/\/www.kinderwunsch-institut.at\/wp-content\/uploads\/2022\/07\/Spenderin.jpg 1110w\" sizes=\"auto, (max-width: 1024px) 100vw, 1024px\" \/><\/figure>\n\n\n\n<div class=\"wp-block-buttons is-horizontal is-content-justification-center is-layout-flex wp-container-core-buttons-is-layout-499968f5 wp-block-buttons-is-layout-flex\">\n<div class=\"wp-block-button kiwi__back-button\"><a class=\"wp-block-button__link wp-element-button\" href=\"https:\/\/www.kinderwunsch-institut.at\/behandlungsmethoden\/eizellbank\/\">Povratak na temu \u201ebanka jajnih stanica\u201c<\/a><\/div>\n<\/div>\n<\/div><\/div>\n\n<\/div><\/div>","protected":false},"excerpt":{"rendered":"<p>Donatorica Kako se odvija selekcija jajnih stanica? Svaka donatorica ponajprije dobiva kvalificiranu izjavu o svom zdravlju i svojoj vitalnosti tzv. \u201eFerticheck\u201c, \u0161to pretstavlja provjeru kvaliteta njenih jajnih stanica. Dobrovoljne donatorice moraju ispunjavati najstro\u017eije kriterije, te moraju redovno dolaziti na kontrolne preglede. Jako va\u017ean faktor pri odabiru je, da donatorica ne boluje od zaraznih bolesti, da [&hellip;]<\/p>\n","protected":false},"author":2,"featured_media":0,"parent":57577,"menu_order":1,"comment_status":"closed","ping_status":"closed","template":"","meta":{"_acf_changed":false,"inline_featured_image":false,"_kad_blocks_custom_css":"","_kad_blocks_head_custom_js":"","_kad_blocks_body_custom_js":"","_kad_blocks_footer_custom_js":"","footnotes":""},"class_list":["post-57581","page","type-page","status-publish","hentry"],"acf":[],"featured_image_src_large":false,"author_info":{"display_name":"content","author_link":"https:\/\/www.kinderwunsch-institut.at\/hr\/author\/content\/"},"comment_info":0,"taxonomy_info":[],"_links":{"self":[{"href":"https:\/\/www.kinderwunsch-institut.at\/hr\/wp-json\/wp\/v2\/pages\/57581","targetHints":{"allow":["GET"]}}],"collection":[{"href":"https:\/\/www.kinderwunsch-institut.at\/hr\/wp-json\/wp\/v2\/pages"}],"about":[{"href":"https:\/\/www.kinderwunsch-institut.at\/hr\/wp-json\/wp\/v2\/types\/page"}],"author":[{"embeddable":true,"href":"https:\/\/www.kinderwunsch-institut.at\/hr\/wp-json\/wp\/v2\/users\/2"}],"replies":[{"embeddable":true,"href":"https:\/\/www.kinderwunsch-institut.at\/hr\/wp-json\/wp\/v2\/comments?post=57581"}],"version-history":[{"count":14,"href":"https:\/\/www.kinderwunsch-institut.at\/hr\/wp-json\/wp\/v2\/pages\/57581\/revisions"}],"predecessor-version":[{"id":58020,"href":"https:\/\/www.kinderwunsch-institut.at\/hr\/wp-json\/wp\/v2\/pages\/57581\/revisions\/58020"}],"up":[{"embeddable":true,"href":"https:\/\/www.kinderwunsch-institut.at\/hr\/wp-json\/wp\/v2\/pages\/57577"}],"wp:attachment":[{"href":"https:\/\/www.kinderwunsch-institut.at\/hr\/wp-json\/wp\/v2\/media?parent=57581"}],"curies":[{"name":"wp","href":"https:\/\/api.w.org\/{rel}","templated":true}]}}