{"id":57579,"date":"2021-12-21T15:09:56","date_gmt":"2021-12-21T14:09:56","guid":{"rendered":"https:\/\/www.kinderwunsch-institut.at\/behandlungsmethoden\/eizellbank\/empfaengerin\/"},"modified":"2023-09-14T12:09:18","modified_gmt":"2023-09-14T10:09:18","slug":"primateljica","status":"publish","type":"page","link":"https:\/\/www.kinderwunsch-institut.at\/hr\/metode-medicinski-potpomognute-oplodnje\/donacija-jajnih-stanica\/primateljica\/","title":{"rendered":"Primateljica"},"content":{"rendered":"<style>.kb-row-layout-id_810484-01 > .kt-row-column-wrap{align-content:start;}:where(.kb-row-layout-id_810484-01 > .kt-row-column-wrap) > .wp-block-kadence-column{justify-content:start;}.kb-row-layout-id_810484-01 > .kt-row-column-wrap{column-gap:80px;row-gap:var(--global-kb-gap-md, 2rem);padding-top:var(--global-kb-spacing-sm, 1.5rem);padding-bottom:var(--global-kb-spacing-sm, 1.5rem);grid-template-columns:minmax(0, 2fr) minmax(0, 1fr);}.kb-row-layout-id_810484-01 > .kt-row-layout-overlay{opacity:0.30;}@media all and (max-width: 1024px){.kb-row-layout-id_810484-01 > .kt-row-column-wrap{grid-template-columns:minmax(0, 1fr);}}@media all and (max-width: 767px){.kb-row-layout-id_810484-01 > .kt-row-column-wrap{grid-template-columns:minmax(0, 1fr);}}<\/style><div class=\"kb-row-layout-wrap kb-row-layout-id_810484-01 alignnone kiwi__fixed-right wp-block-kadence-rowlayout\"><div class=\"kt-row-column-wrap kt-has-2-columns kt-row-layout-left-golden kt-tab-layout-row kt-mobile-layout-row kt-row-valign-top\">\n<style>.kadence-column_a6f632-3c > .kt-inside-inner-col,.kadence-column_a6f632-3c > .kt-inside-inner-col:before{border-top-left-radius:0px;border-top-right-radius:0px;border-bottom-right-radius:0px;border-bottom-left-radius:0px;}.kadence-column_a6f632-3c > .kt-inside-inner-col{column-gap:var(--global-kb-gap-sm, 1rem);}.kadence-column_a6f632-3c > .kt-inside-inner-col{flex-direction:column;}.kadence-column_a6f632-3c > .kt-inside-inner-col > .aligncenter{width:100%;}.kadence-column_a6f632-3c > .kt-inside-inner-col:before{opacity:0.3;}.kadence-column_a6f632-3c{position:relative;}@media all and (max-width: 1024px){.kadence-column_a6f632-3c > .kt-inside-inner-col{flex-direction:column;justify-content:center;}}@media all and (max-width: 767px){.kadence-column_a6f632-3c > .kt-inside-inner-col{flex-direction:column;justify-content:center;}}<\/style>\n<div class=\"wp-block-kadence-column kadence-column_a6f632-3c inner-column-1\"><div class=\"kt-inside-inner-col\">\n<h1 class=\"wp-block-heading\">Primateljica<\/h1>\n\n\n\n<p><strong>Pretpostavke<\/strong><\/p>\n\n\n\n<p>Potencijalna ciljna skupina: \u017dene, uobi\u010dajeno preko 40 god. kod kojih je bilo vi\u0161e neuspje\u0161nih poku\u0161aja pomognute oplodnje putem IVF-a, a naro\u010dito ako se kao uzrok smatra lo\u0161 kvalitet jaja\u0161aca, ili ukoliko kod \u017eene postoji nasljedna genetska bolest koja bi mogla jako na\u0161koditi dijetetu.<\/p>\n\n\n\n<p>Ovu indikaciju je mogu\u0107e prije razjasniti pomo\u0107u preimplatacijske genetske dijagnostike. Prethodne kemoterapije, operacije na jajnicima ili uro\u0111eni nedostatak jajnika su dodatni razlozi da se uzme u obzir donacija jajnih stanica.<\/p>\n\n\n\n<p><strong>Tijek<\/strong><\/p>\n\n\n\n<p>Na po\u010detku se vr\u0161i opse\u017ean razgovor u kojem zajedni\u010dki ustanovljavamo da li je donacija jajnih stanica podobna metoda oplodnje. Ukoliko je pacijentica prikladna kao primateljica vr\u0161i se reguliranje njenog ciklusa hormonskom stimulacijom i prilago\u0111avanje za umetanje jaja\u0161aca. Dok se vr\u0161i stimulacije donatorice vr\u0161i se istovremeno i sinkronizacija menstrualnog ciklusa primateljice. Nekoliko dana kasnije se pod kratkom narkozom od donatorice uzima jaja\u0161ce i potom se isto oplo\u0111ava sjemenom partnera. Na taj na\u010din za\u010deti embriji se ume\u0107u primateljici.<\/p>\n\n\n\n<p><strong>Rizik za primateljicu<\/strong><\/p>\n\n\n\n<p>U ciklusu primateljice vr\u0161i se priprema sluznice maternice uzimanjem hormonskih tableta. Potom slijedi embriotransfer. Psihi\u010dko optere\u0107enje koje nastaje u vremenu \u010dekanja da li je do\u0161lo do za\u010de\u0107a jednako je optere\u0107enju koje nastaje i ukoliko se primjene i sopstvene jajne stanice.<\/p>\n\n\n\n<p>Na osnovu mla\u0111e starosne dobi donatorice polazi se od toga, da je rizik za kromosomske anomalije kod novoro\u0111en\u010deta ni\u017ei nego kod primateljice.<\/p>\n\n\n\n<p><strong>Information <\/strong><\/p>\n\n\n\n<p>U okviru na\u0161eg radnog vremena Vam rado telefonski stojimo na raspolaganju pod brojem tel.: +43 (0) 3136 55 111<\/p>\n<\/div><\/div>\n\n\n<style>.kadence-column_a6838a-1a > .kt-inside-inner-col,.kadence-column_a6838a-1a > .kt-inside-inner-col:before{border-top-left-radius:0px;border-top-right-radius:0px;border-bottom-right-radius:0px;border-bottom-left-radius:0px;}.kadence-column_a6838a-1a > .kt-inside-inner-col{column-gap:var(--global-kb-gap-sm, 1rem);}.kadence-column_a6838a-1a > .kt-inside-inner-col{flex-direction:column;}.kadence-column_a6838a-1a > .kt-inside-inner-col > .aligncenter{width:100%;}.kadence-column_a6838a-1a > .kt-inside-inner-col:before{opacity:0.3;}.kadence-column_a6838a-1a{text-align:center;}.kadence-column_a6838a-1a{position:relative;}@media all and (max-width: 1024px){.kadence-column_a6838a-1a > .kt-inside-inner-col{flex-direction:column;justify-content:center;}}@media all and (max-width: 767px){.kadence-column_a6838a-1a > .kt-inside-inner-col{flex-direction:column;justify-content:center;}}<\/style>\n<div class=\"wp-block-kadence-column kadence-column_a6838a-1a inner-column-2\"><div class=\"kt-inside-inner-col\">\n<figure class=\"wp-block-image aligncenter size-large fancy__img-bubble fancy__img-bubble--primary is-style-rounded\"><img loading=\"lazy\" decoding=\"async\" width=\"1024\" height=\"1024\" src=\"https:\/\/www.kinderwunsch-institut.at\/wp-content\/uploads\/2022\/07\/Empfa\u0308ngerin_Eizellbank-1024x1024.jpg\" alt=\"\" class=\"wp-image-1986\" srcset=\"https:\/\/www.kinderwunsch-institut.at\/wp-content\/uploads\/2022\/07\/Empfa\u0308ngerin_Eizellbank-1024x1024.jpg 1024w, https:\/\/www.kinderwunsch-institut.at\/wp-content\/uploads\/2022\/07\/Empfa\u0308ngerin_Eizellbank-300x300.jpg 300w, https:\/\/www.kinderwunsch-institut.at\/wp-content\/uploads\/2022\/07\/Empfa\u0308ngerin_Eizellbank-150x150.jpg 150w, https:\/\/www.kinderwunsch-institut.at\/wp-content\/uploads\/2022\/07\/Empfa\u0308ngerin_Eizellbank-768x768.jpg 768w, https:\/\/www.kinderwunsch-institut.at\/wp-content\/uploads\/2022\/07\/Empfa\u0308ngerin_Eizellbank-40x40.jpg 40w, https:\/\/www.kinderwunsch-institut.at\/wp-content\/uploads\/2022\/07\/Empfa\u0308ngerin_Eizellbank.jpg 1110w\" sizes=\"auto, (max-width: 1024px) 100vw, 1024px\" \/><\/figure>\n\n\n\n<div class=\"wp-block-buttons is-horizontal is-content-justification-center is-layout-flex wp-container-core-buttons-is-layout-499968f5 wp-block-buttons-is-layout-flex\">\n<div class=\"wp-block-button kiwi__back-button\"><a class=\"wp-block-button__link wp-element-button\" href=\"https:\/\/www.kinderwunsch-institut.at\/behandlungsmethoden\/eizellbank\/\">Povratak na temu \u201ebanka jajnih stanica\u201c<\/a><\/div>\n<\/div>\n<\/div><\/div>\n\n<\/div><\/div>","protected":false},"excerpt":{"rendered":"<p>Primateljica Pretpostavke Potencijalna ciljna skupina: \u017dene, uobi\u010dajeno preko 40 god. kod kojih je bilo vi\u0161e neuspje\u0161nih poku\u0161aja pomognute oplodnje putem IVF-a, a naro\u010dito ako se kao uzrok smatra lo\u0161 kvalitet jaja\u0161aca, ili ukoliko kod \u017eene postoji nasljedna genetska bolest koja bi mogla jako na\u0161koditi dijetetu. Ovu indikaciju je mogu\u0107e prije razjasniti pomo\u0107u preimplatacijske genetske dijagnostike. [&hellip;]<\/p>\n","protected":false},"author":2,"featured_media":0,"parent":57577,"menu_order":0,"comment_status":"closed","ping_status":"closed","template":"","meta":{"_acf_changed":false,"inline_featured_image":false,"_kad_blocks_custom_css":"","_kad_blocks_head_custom_js":"","_kad_blocks_body_custom_js":"","_kad_blocks_footer_custom_js":"","footnotes":""},"class_list":["post-57579","page","type-page","status-publish","hentry"],"acf":[],"featured_image_src_large":false,"author_info":{"display_name":"content","author_link":"https:\/\/www.kinderwunsch-institut.at\/hr\/author\/content\/"},"comment_info":0,"taxonomy_info":[],"_links":{"self":[{"href":"https:\/\/www.kinderwunsch-institut.at\/hr\/wp-json\/wp\/v2\/pages\/57579","targetHints":{"allow":["GET"]}}],"collection":[{"href":"https:\/\/www.kinderwunsch-institut.at\/hr\/wp-json\/wp\/v2\/pages"}],"about":[{"href":"https:\/\/www.kinderwunsch-institut.at\/hr\/wp-json\/wp\/v2\/types\/page"}],"author":[{"embeddable":true,"href":"https:\/\/www.kinderwunsch-institut.at\/hr\/wp-json\/wp\/v2\/users\/2"}],"replies":[{"embeddable":true,"href":"https:\/\/www.kinderwunsch-institut.at\/hr\/wp-json\/wp\/v2\/comments?post=57579"}],"version-history":[{"count":10,"href":"https:\/\/www.kinderwunsch-institut.at\/hr\/wp-json\/wp\/v2\/pages\/57579\/revisions"}],"predecessor-version":[{"id":58001,"href":"https:\/\/www.kinderwunsch-institut.at\/hr\/wp-json\/wp\/v2\/pages\/57579\/revisions\/58001"}],"up":[{"embeddable":true,"href":"https:\/\/www.kinderwunsch-institut.at\/hr\/wp-json\/wp\/v2\/pages\/57577"}],"wp:attachment":[{"href":"https:\/\/www.kinderwunsch-institut.at\/hr\/wp-json\/wp\/v2\/media?parent=57579"}],"curies":[{"name":"wp","href":"https:\/\/api.w.org\/{rel}","templated":true}]}}