{"id":57577,"date":"2021-12-21T15:09:03","date_gmt":"2021-12-21T14:09:03","guid":{"rendered":"https:\/\/www.kinderwunsch-institut.at\/behandlungsmethoden\/eizellbank\/"},"modified":"2023-09-14T16:38:36","modified_gmt":"2023-09-14T14:38:36","slug":"donacija-jajnih-stanica","status":"publish","type":"page","link":"https:\/\/www.kinderwunsch-institut.at\/hr\/metode-medicinski-potpomognute-oplodnje\/donacija-jajnih-stanica\/","title":{"rendered":"Donacija jajnih stanica"},"content":{"rendered":"<style>.kb-row-layout-id_b37bf6-25 > .kt-row-column-wrap{align-content:start;}:where(.kb-row-layout-id_b37bf6-25 > .kt-row-column-wrap) > .wp-block-kadence-column{justify-content:start;}.kb-row-layout-id_b37bf6-25 > .kt-row-column-wrap{column-gap:80px;row-gap:var(--global-kb-gap-md, 2rem);padding-top:var(--global-kb-spacing-sm, 1.5rem);padding-bottom:var(--global-kb-spacing-sm, 1.5rem);grid-template-columns:minmax(0, 2fr) minmax(0, 1fr);}.kb-row-layout-id_b37bf6-25 > .kt-row-layout-overlay{opacity:0.30;}@media all and (max-width: 1024px){.kb-row-layout-id_b37bf6-25 > .kt-row-column-wrap{grid-template-columns:minmax(0, 1fr);}}@media all and (max-width: 767px){.kb-row-layout-id_b37bf6-25 > .kt-row-column-wrap{grid-template-columns:minmax(0, 1fr);}}<\/style><div class=\"kb-row-layout-wrap kb-row-layout-id_b37bf6-25 alignnone kiwi__fixed-right wp-block-kadence-rowlayout\"><div class=\"kt-row-column-wrap kt-has-2-columns kt-row-layout-left-golden kt-tab-layout-row kt-mobile-layout-row kt-row-valign-top\">\n<style>.kadence-column_cbc9fd-7e > .kt-inside-inner-col,.kadence-column_cbc9fd-7e > .kt-inside-inner-col:before{border-top-left-radius:0px;border-top-right-radius:0px;border-bottom-right-radius:0px;border-bottom-left-radius:0px;}.kadence-column_cbc9fd-7e > .kt-inside-inner-col{column-gap:var(--global-kb-gap-sm, 1rem);}.kadence-column_cbc9fd-7e > .kt-inside-inner-col{flex-direction:column;}.kadence-column_cbc9fd-7e > .kt-inside-inner-col > .aligncenter{width:100%;}.kadence-column_cbc9fd-7e > .kt-inside-inner-col:before{opacity:0.3;}.kadence-column_cbc9fd-7e{position:relative;}@media all and (max-width: 1024px){.kadence-column_cbc9fd-7e > .kt-inside-inner-col{flex-direction:column;justify-content:center;}}@media all and (max-width: 767px){.kadence-column_cbc9fd-7e > .kt-inside-inner-col{flex-direction:column;justify-content:center;}}<\/style>\n<div class=\"wp-block-kadence-column kadence-column_cbc9fd-7e inner-column-1\"><div class=\"kt-inside-inner-col\">\n<h1 class=\"wp-block-heading\">Prva certificirana banka jajnih stanica u Austriji<\/h1>\n\n\n\n<p class=\"has-primary-darker-color has-text-color\"><strong>Jajne stanice na\u0161ih donatorica tj., darovateljica ispunjavaju internacionalne kriterije kvaliteta.<\/strong><\/p>\n\n\n\n<p class=\"has-primary-darker-color has-text-color\">Postoje razni razlozi za\u0161to neke \u017eene ne mogu producirati optimalne jajne stanice. Da bismo Vam ipak ispunili \u017eelju za djetetom za kojim \u017eudite raspola\u017eemo jajnim stanicama pomno odabranih donatorica jaja\u0161aca.<\/p>\n\n\n\n<div style=\"height:50px\" aria-hidden=\"true\" class=\"wp-block-spacer\"><\/div>\n\n\n\n<h2 class=\"wp-block-heading\">Kako izgleda<br>zakonska osnova?<\/h2>\n\n\n\n<p>Izvod iz Zakona o medicinskoj oplodnji i reprodukciji: Za \u017eene koje se nalaze u ranom klimakteriju ili za one \u017eene koje na osnovu prethodne bolesti ne raspola\u017eu dovoljnim brojem rezerve jajnih stanica je 2015 god. legalizirana donacija jajnih stanica. Preduvjet je da donatorica jaja\u0161aca nije starija od 30 godina, a primateljica ne smije biti starija od 45 godina. Kod ovog postupka se jajne stanice donatorice oplo\u0111avaju sjemenom mu\u0161karca, pri \u010demu nastaju embriji. Isti se potom vra\u0107aju u uterus \u017eene. Na taj na\u010din za\u010deto dijete ima pravo (kao i kod postupka sa sjemenom donatora) da sazna identitet donatorice kada napuni 14. godinu \u017eivota. Ista nije u obvezi uzdr\u017eavanja. Dodatno zakon ukazuje na, u zakonu predvi\u0111enu zabranu komercijalizacije, \u0161to zna\u010di da donatorica jaja\u0161aca za svoju donaciju ne smije zahtijevati naknadu.<\/p>\n\n\n\n<p>Zabranjeno je posredovanje i komercijalizacija donacija sjemena i jaja\u0161aca. Radi najve\u0107e mogu\u0107e sigurnosti dozvoljeno je kori\u0161tenje doniranih sjemena i jaja\u0161aca donatora s najvi\u0161e tri braka, bra\u010dne parove ili zavedene \u017eivotne zajednice. Stoga pohrana neoplo\u0111enih jajnih stanica za sopstvene svrhe nije dozvoljena, iznimno kod postojanja medicinskih razloga. U Austriji ostaje zabranjeno i zamjensko maj\u010dinstvo.<\/p>\n\n\n<style>.wp-block-kadence-spacer.kt-block-spacer-_d0a054-4e .kt-block-spacer{height:60px;}.wp-block-kadence-spacer.kt-block-spacer-_d0a054-4e .kt-divider{border-top-width:1px;height:1px;border-top-color:#eee;width:80%;border-top-style:solid;}<\/style>\n<div class=\"wp-block-kadence-spacer aligncenter kt-block-spacer-_d0a054-4e\"><div class=\"kt-block-spacer kt-block-spacer-halign-center\"><\/div><\/div>\n\n\n<style>.kb-row-layout-id_b992b4-84 > .kt-row-column-wrap{align-content:start;}:where(.kb-row-layout-id_b992b4-84 > .kt-row-column-wrap) > .wp-block-kadence-column{justify-content:start;}.kb-row-layout-id_b992b4-84 > .kt-row-column-wrap{column-gap:40px;row-gap:var(--global-kb-gap-md, 2rem);padding-top:var(--global-kb-spacing-sm, 1.5rem);padding-bottom:var(--global-kb-spacing-sm, 1.5rem);grid-template-columns:repeat(2, minmax(0, 1fr));}.kb-row-layout-id_b992b4-84 > .kt-row-layout-overlay{opacity:0.30;}@media all and (max-width: 1024px){.kb-row-layout-id_b992b4-84 > .kt-row-column-wrap{grid-template-columns:repeat(2, minmax(0, 1fr));}}@media all and (max-width: 767px){.kb-row-layout-id_b992b4-84 > .kt-row-column-wrap{grid-template-columns:minmax(0, 1fr);}}<\/style><div class=\"kb-row-layout-wrap kb-row-layout-id_b992b4-84 alignnone buttons-diagnosis wp-block-kadence-rowlayout\"><div class=\"kt-row-column-wrap kt-has-2-columns kt-row-layout-equal kt-tab-layout-inherit kt-mobile-layout-row kt-row-valign-top\">\n<style>.kadence-column_bc6d95-f2 > .kt-inside-inner-col,.kadence-column_bc6d95-f2 > .kt-inside-inner-col:before{border-top-left-radius:0px;border-top-right-radius:0px;border-bottom-right-radius:0px;border-bottom-left-radius:0px;}.kadence-column_bc6d95-f2 > .kt-inside-inner-col{column-gap:var(--global-kb-gap-sm, 1rem);}.kadence-column_bc6d95-f2 > .kt-inside-inner-col{flex-direction:column;}.kadence-column_bc6d95-f2 > .kt-inside-inner-col > .aligncenter{width:100%;}.kadence-column_bc6d95-f2 > .kt-inside-inner-col:before{opacity:0.3;}.kadence-column_bc6d95-f2{text-align:right;}.kadence-column_bc6d95-f2{position:relative;}@media all and (max-width: 1024px){.kadence-column_bc6d95-f2 > .kt-inside-inner-col{flex-direction:column;justify-content:center;}}@media all and (max-width: 767px){.kadence-column_bc6d95-f2 > .kt-inside-inner-col{flex-direction:column;justify-content:center;}}<\/style>\n<div class=\"wp-block-kadence-column kadence-column_bc6d95-f2 inner-column-1\" data-aos=\"fade-up\" data-aos-delay=\"50\"><div class=\"kt-inside-inner-col\">\n<div class=\"wp-block-buttons is-vertical is-content-justification-center is-layout-flex wp-container-core-buttons-is-layout-9a7cdcfd wp-block-buttons-is-layout-flex\">\n<div class=\"wp-block-button button-big button-venus button-big--right\"><a class=\"wp-block-button__link wp-element-button\" href=\"https:\/\/www.kinderwunsch-institut.at\/hr\/metode-medicinski-potpomognute-oplodnje\/donacija-jajnih-stanica\/donatorica\/\">Donator<br>nau\u010di vi\u0161e<\/a><\/div>\n<\/div>\n<\/div><\/div>\n\n\n<style>.kadence-column_f66c74-dd > .kt-inside-inner-col,.kadence-column_f66c74-dd > .kt-inside-inner-col:before{border-top-left-radius:0px;border-top-right-radius:0px;border-bottom-right-radius:0px;border-bottom-left-radius:0px;}.kadence-column_f66c74-dd > .kt-inside-inner-col{column-gap:var(--global-kb-gap-sm, 1rem);}.kadence-column_f66c74-dd > .kt-inside-inner-col{flex-direction:column;}.kadence-column_f66c74-dd > .kt-inside-inner-col > .aligncenter{width:100%;}.kadence-column_f66c74-dd > .kt-inside-inner-col:before{opacity:0.3;}.kadence-column_f66c74-dd{text-align:left;}.kadence-column_f66c74-dd{position:relative;}@media all and (max-width: 1024px){.kadence-column_f66c74-dd > .kt-inside-inner-col{flex-direction:column;justify-content:center;}}@media all and (max-width: 767px){.kadence-column_f66c74-dd > .kt-inside-inner-col{flex-direction:column;justify-content:center;}}<\/style>\n<div class=\"wp-block-kadence-column kadence-column_f66c74-dd inner-column-2\" data-aos=\"fade-up\" data-aos-delay=\"200\"><div class=\"kt-inside-inner-col\">\n<div class=\"wp-block-buttons is-vertical is-content-justification-center is-layout-flex wp-container-core-buttons-is-layout-9a7cdcfd wp-block-buttons-is-layout-flex\">\n<div class=\"wp-block-button button-big button-venus button-big--left\"><a class=\"wp-block-button__link wp-element-button\" href=\"https:\/\/www.kinderwunsch-institut.at\/hr\/metode-medicinski-potpomognute-oplodnje\/donacija-jajnih-stanica\/primateljica\/\">PRIMATELJICA<br>SAZNAJ VI\u0160E<\/a><\/div>\n<\/div>\n<\/div><\/div>\n\n<\/div><\/div>\n\n<style>.wp-block-kadence-spacer.kt-block-spacer-_39a448-bb .kt-block-spacer{height:60px;}.wp-block-kadence-spacer.kt-block-spacer-_39a448-bb .kt-divider{border-top-width:1px;height:1px;border-top-color:#eee;width:80%;border-top-style:solid;}<\/style>\n<div class=\"wp-block-kadence-spacer aligncenter kt-block-spacer-_39a448-bb\"><div class=\"kt-block-spacer kt-block-spacer-halign-center\"><\/div><\/div>\n\n\n\n<div class=\"wp-block-buttons is-content-justification-center is-layout-flex wp-container-core-buttons-is-layout-16018d1d wp-block-buttons-is-layout-flex\">\n<div class=\"wp-block-button\"><a class=\"wp-block-button__link wp-element-button\" href=\"https:\/\/www.kinderwunsch-institut.at\/erstgespraech\/\">UGOVORITE TERMIN ZA PRVI SPECIJALISTI\u010cKI RAZGOVOR<\/a><\/div>\n<\/div>\n<\/div><\/div>\n\n\n<style>.kadence-column_f3ac59-a1 > .kt-inside-inner-col,.kadence-column_f3ac59-a1 > .kt-inside-inner-col:before{border-top-left-radius:0px;border-top-right-radius:0px;border-bottom-right-radius:0px;border-bottom-left-radius:0px;}.kadence-column_f3ac59-a1 > .kt-inside-inner-col{column-gap:var(--global-kb-gap-sm, 1rem);}.kadence-column_f3ac59-a1 > .kt-inside-inner-col{flex-direction:column;}.kadence-column_f3ac59-a1 > .kt-inside-inner-col > .aligncenter{width:100%;}.kadence-column_f3ac59-a1 > .kt-inside-inner-col:before{opacity:0.3;}.kadence-column_f3ac59-a1{text-align:center;}.kadence-column_f3ac59-a1{position:relative;}@media all and (max-width: 1024px){.kadence-column_f3ac59-a1 > .kt-inside-inner-col{flex-direction:column;justify-content:center;}}@media all and (max-width: 767px){.kadence-column_f3ac59-a1 > .kt-inside-inner-col{flex-direction:column;justify-content:center;}.kadence-column_f3ac59-a1, .kt-inside-inner-col > .kadence-column_f3ac59-a1:not(.specificity){margin-top:60px;}}<\/style>\n<div class=\"wp-block-kadence-column kadence-column_f3ac59-a1 inner-column-2\"><div class=\"kt-inside-inner-col\">\n<figure class=\"wp-block-image aligncenter size-large is-style-rounded fancy__img-bubble fancy__img-bubble--white\"><img loading=\"lazy\" decoding=\"async\" width=\"1024\" height=\"1024\" src=\"https:\/\/www.kinderwunsch-institut.at\/wp-content\/uploads\/2022\/07\/Eizellenbank-1024x1024.jpg\" alt=\"\" class=\"wp-image-1990\" srcset=\"https:\/\/www.kinderwunsch-institut.at\/wp-content\/uploads\/2022\/07\/Eizellenbank-1024x1024.jpg 1024w, https:\/\/www.kinderwunsch-institut.at\/wp-content\/uploads\/2022\/07\/Eizellenbank-300x300.jpg 300w, https:\/\/www.kinderwunsch-institut.at\/wp-content\/uploads\/2022\/07\/Eizellenbank-150x150.jpg 150w, https:\/\/www.kinderwunsch-institut.at\/wp-content\/uploads\/2022\/07\/Eizellenbank-768x768.jpg 768w, https:\/\/www.kinderwunsch-institut.at\/wp-content\/uploads\/2022\/07\/Eizellenbank-40x40.jpg 40w, https:\/\/www.kinderwunsch-institut.at\/wp-content\/uploads\/2022\/07\/Eizellenbank.jpg 1110w\" sizes=\"auto, (max-width: 1024px) 100vw, 1024px\" \/><\/figure>\n\n\n\n<div class=\"wp-block-buttons is-horizontal is-content-justification-center is-layout-flex wp-container-core-buttons-is-layout-499968f5 wp-block-buttons-is-layout-flex\">\n<div class=\"wp-block-button kiwi__back-button\"><a class=\"wp-block-button__link wp-element-button\" href=\"https:\/\/www.kinderwunsch-institut.at\/hr\/metode-medicinski-potpomognute-oplodnje\/\">NAZAD NA PREGLED<\/a><\/div>\n<\/div>\n<\/div><\/div>\n\n<\/div><\/div>\n\n\n<p><\/p>\n","protected":false},"excerpt":{"rendered":"<p>Prva certificirana banka jajnih stanica u Austriji Jajne stanice na\u0161ih donatorica tj., darovateljica ispunjavaju internacionalne kriterije kvaliteta. Postoje razni razlozi za\u0161to neke \u017eene ne mogu producirati optimalne jajne stanice. Da bismo Vam ipak ispunili \u017eelju za djetetom za kojim \u017eudite raspola\u017eemo jajnim stanicama pomno odabranih donatorica jaja\u0161aca. Kako izgledazakonska osnova? Izvod iz Zakona o medicinskoj [&hellip;]<\/p>\n","protected":false},"author":2,"featured_media":0,"parent":57557,"menu_order":7,"comment_status":"closed","ping_status":"closed","template":"","meta":{"_acf_changed":false,"inline_featured_image":false,"_kad_blocks_custom_css":"","_kad_blocks_head_custom_js":"","_kad_blocks_body_custom_js":"","_kad_blocks_footer_custom_js":"","footnotes":""},"class_list":["post-57577","page","type-page","status-publish","hentry"],"acf":[],"featured_image_src_large":false,"author_info":{"display_name":"content","author_link":"https:\/\/www.kinderwunsch-institut.at\/hr\/author\/content\/"},"comment_info":0,"taxonomy_info":[],"_links":{"self":[{"href":"https:\/\/www.kinderwunsch-institut.at\/hr\/wp-json\/wp\/v2\/pages\/57577","targetHints":{"allow":["GET"]}}],"collection":[{"href":"https:\/\/www.kinderwunsch-institut.at\/hr\/wp-json\/wp\/v2\/pages"}],"about":[{"href":"https:\/\/www.kinderwunsch-institut.at\/hr\/wp-json\/wp\/v2\/types\/page"}],"author":[{"embeddable":true,"href":"https:\/\/www.kinderwunsch-institut.at\/hr\/wp-json\/wp\/v2\/users\/2"}],"replies":[{"embeddable":true,"href":"https:\/\/www.kinderwunsch-institut.at\/hr\/wp-json\/wp\/v2\/comments?post=57577"}],"version-history":[{"count":11,"href":"https:\/\/www.kinderwunsch-institut.at\/hr\/wp-json\/wp\/v2\/pages\/57577\/revisions"}],"predecessor-version":[{"id":59669,"href":"https:\/\/www.kinderwunsch-institut.at\/hr\/wp-json\/wp\/v2\/pages\/57577\/revisions\/59669"}],"up":[{"embeddable":true,"href":"https:\/\/www.kinderwunsch-institut.at\/hr\/wp-json\/wp\/v2\/pages\/57557"}],"wp:attachment":[{"href":"https:\/\/www.kinderwunsch-institut.at\/hr\/wp-json\/wp\/v2\/media?parent=57577"}],"curies":[{"name":"wp","href":"https:\/\/api.w.org\/{rel}","templated":true}]}}