{"id":57575,"date":"2021-12-21T15:09:47","date_gmt":"2021-12-21T14:09:47","guid":{"rendered":"https:\/\/www.kinderwunsch-institut.at\/behandlungsmethoden\/samenbank\/empfaengerin\/"},"modified":"2023-09-14T12:07:59","modified_gmt":"2023-09-14T10:07:59","slug":"primateljica","status":"publish","type":"page","link":"https:\/\/www.kinderwunsch-institut.at\/hr\/metode-medicinski-potpomognute-oplodnje\/banka-sperme\/primateljica\/","title":{"rendered":"Primateljica"},"content":{"rendered":"<style>.kb-row-layout-id_7a4311-0d > .kt-row-column-wrap{align-content:start;}:where(.kb-row-layout-id_7a4311-0d > .kt-row-column-wrap) > .wp-block-kadence-column{justify-content:start;}.kb-row-layout-id_7a4311-0d > .kt-row-column-wrap{column-gap:80px;row-gap:var(--global-kb-gap-md, 2rem);padding-top:var(--global-kb-spacing-sm, 1.5rem);padding-bottom:var(--global-kb-spacing-sm, 1.5rem);grid-template-columns:minmax(0, 2fr) minmax(0, 1fr);}.kb-row-layout-id_7a4311-0d > .kt-row-layout-overlay{opacity:0.30;}@media all and (max-width: 1024px){.kb-row-layout-id_7a4311-0d > .kt-row-column-wrap{grid-template-columns:minmax(0, 1fr);}}@media all and (max-width: 767px){.kb-row-layout-id_7a4311-0d > .kt-row-column-wrap{grid-template-columns:minmax(0, 1fr);}}<\/style><div class=\"kb-row-layout-wrap kb-row-layout-id_7a4311-0d alignnone kiwi__fixed-right wp-block-kadence-rowlayout\"><div class=\"kt-row-column-wrap kt-has-2-columns kt-row-layout-left-golden kt-tab-layout-row kt-mobile-layout-row kt-row-valign-top\">\n<style>.kadence-column_eeb424-3e > .kt-inside-inner-col,.kadence-column_eeb424-3e > .kt-inside-inner-col:before{border-top-left-radius:0px;border-top-right-radius:0px;border-bottom-right-radius:0px;border-bottom-left-radius:0px;}.kadence-column_eeb424-3e > .kt-inside-inner-col{column-gap:var(--global-kb-gap-sm, 1rem);}.kadence-column_eeb424-3e > .kt-inside-inner-col{flex-direction:column;}.kadence-column_eeb424-3e > .kt-inside-inner-col > .aligncenter{width:100%;}.kadence-column_eeb424-3e > .kt-inside-inner-col:before{opacity:0.3;}.kadence-column_eeb424-3e{position:relative;}@media all and (max-width: 1024px){.kadence-column_eeb424-3e > .kt-inside-inner-col{flex-direction:column;justify-content:center;}}@media all and (max-width: 767px){.kadence-column_eeb424-3e > .kt-inside-inner-col{flex-direction:column;justify-content:center;}}<\/style>\n<div class=\"wp-block-kadence-column kadence-column_eeb424-3e inner-column-1\"><div class=\"kt-inside-inner-col\">\n<h1 class=\"wp-block-heading\">Primateljica<\/h1>\n\n\n\n<p><strong>Izbor sjemena<\/strong><\/p>\n\n\n\n<p>Dobrovoljni donatori moraju ispunjavati najstro\u017eije kriterije, te se moraju podvrgavati redovnim kontrolnim pregledima. Jako va\u017ean faktor pri odabiru je, da donatori ne boluju od zaraznih bolesti, da je potpuno isklju\u010dena mogu\u0107nost nasljednih bolesti i veliku ulogu ima integritet i fertilitet. Ime donatora ostaje svakako anonimno. Isto tako on ne saznaje identitet primateljice koja je dobila njegovo sjeme.<\/p>\n\n\n\n<p><strong>Kako izgleda tretman?<\/strong><\/p>\n\n\n\n<p>Tretman se mo\u017ee izvr\u0161iti kako za vrijeme prirodnog ciklusa, tako i za vrijeme ciklusa koji je izazvan lijekovima. Nakon toga slijedi inseminacija. Kod navedenog postupka se posebno obra\u0111eno strano sjeme pomo\u0107u tankog katetera unosi u \u0161upljinu maternice.<\/p>\n\n\n\n<p><strong>Information<\/strong><\/p>\n\n\n\n<p>Stojimo Vam na raspolaganje telefonskim putem u okviru na\u0161eg ranog vremena pod brojem tel.: +43 (0) 3136 55 111.<\/p>\n<\/div><\/div>\n\n\n<style>.kadence-column_0560ee-37 > .kt-inside-inner-col,.kadence-column_0560ee-37 > .kt-inside-inner-col:before{border-top-left-radius:0px;border-top-right-radius:0px;border-bottom-right-radius:0px;border-bottom-left-radius:0px;}.kadence-column_0560ee-37 > .kt-inside-inner-col{column-gap:var(--global-kb-gap-sm, 1rem);}.kadence-column_0560ee-37 > .kt-inside-inner-col{flex-direction:column;}.kadence-column_0560ee-37 > .kt-inside-inner-col > .aligncenter{width:100%;}.kadence-column_0560ee-37 > .kt-inside-inner-col:before{opacity:0.3;}.kadence-column_0560ee-37{text-align:center;}.kadence-column_0560ee-37{position:relative;}@media all and (max-width: 1024px){.kadence-column_0560ee-37 > .kt-inside-inner-col{flex-direction:column;justify-content:center;}}@media all and (max-width: 767px){.kadence-column_0560ee-37 > .kt-inside-inner-col{flex-direction:column;justify-content:center;}.kadence-column_0560ee-37, .kt-inside-inner-col > .kadence-column_0560ee-37:not(.specificity){margin-top:60px;}}<\/style>\n<div class=\"wp-block-kadence-column kadence-column_0560ee-37 inner-column-2\"><div class=\"kt-inside-inner-col\">\n<figure class=\"wp-block-image aligncenter size-large fancy__img-bubble fancy__img-bubble--primary is-style-rounded\"><img loading=\"lazy\" decoding=\"async\" width=\"1024\" height=\"1024\" src=\"https:\/\/www.kinderwunsch-institut.at\/wp-content\/uploads\/2022\/07\/Empfa\u0308ngerin-1024x1024.jpg\" alt=\"\" class=\"wp-image-1988\" srcset=\"https:\/\/www.kinderwunsch-institut.at\/wp-content\/uploads\/2022\/07\/Empfa\u0308ngerin-1024x1024.jpg 1024w, https:\/\/www.kinderwunsch-institut.at\/wp-content\/uploads\/2022\/07\/Empfa\u0308ngerin-300x300.jpg 300w, https:\/\/www.kinderwunsch-institut.at\/wp-content\/uploads\/2022\/07\/Empfa\u0308ngerin-150x150.jpg 150w, https:\/\/www.kinderwunsch-institut.at\/wp-content\/uploads\/2022\/07\/Empfa\u0308ngerin-768x768.jpg 768w, https:\/\/www.kinderwunsch-institut.at\/wp-content\/uploads\/2022\/07\/Empfa\u0308ngerin-40x40.jpg 40w, https:\/\/www.kinderwunsch-institut.at\/wp-content\/uploads\/2022\/07\/Empfa\u0308ngerin.jpg 1110w\" sizes=\"auto, (max-width: 1024px) 100vw, 1024px\" \/><\/figure>\n\n\n\n<div class=\"wp-block-buttons is-horizontal is-content-justification-center is-layout-flex wp-container-core-buttons-is-layout-499968f5 wp-block-buttons-is-layout-flex\">\n<div class=\"wp-block-button kiwi__back-button\"><a class=\"wp-block-button__link wp-element-button\" href=\"https:\/\/www.kinderwunsch-institut.at\/behandlungsmethoden\/samenbank\/\">Povratak na temu \u201ebanka sjemena\u201c<\/a><\/div>\n<\/div>\n<\/div><\/div>\n\n<\/div><\/div>","protected":false},"excerpt":{"rendered":"<p>Primateljica Izbor sjemena Dobrovoljni donatori moraju ispunjavati najstro\u017eije kriterije, te se moraju podvrgavati redovnim kontrolnim pregledima. Jako va\u017ean faktor pri odabiru je, da donatori ne boluju od zaraznih bolesti, da je potpuno isklju\u010dena mogu\u0107nost nasljednih bolesti i veliku ulogu ima integritet i fertilitet. Ime donatora ostaje svakako anonimno. Isto tako on ne saznaje identitet primateljice [&hellip;]<\/p>\n","protected":false},"author":2,"featured_media":0,"parent":57571,"menu_order":1,"comment_status":"closed","ping_status":"closed","template":"","meta":{"_acf_changed":false,"inline_featured_image":false,"_kad_blocks_custom_css":"","_kad_blocks_head_custom_js":"","_kad_blocks_body_custom_js":"","_kad_blocks_footer_custom_js":"","footnotes":""},"class_list":["post-57575","page","type-page","status-publish","hentry"],"acf":[],"featured_image_src_large":false,"author_info":{"display_name":"content","author_link":"https:\/\/www.kinderwunsch-institut.at\/hr\/author\/content\/"},"comment_info":0,"taxonomy_info":[],"_links":{"self":[{"href":"https:\/\/www.kinderwunsch-institut.at\/hr\/wp-json\/wp\/v2\/pages\/57575","targetHints":{"allow":["GET"]}}],"collection":[{"href":"https:\/\/www.kinderwunsch-institut.at\/hr\/wp-json\/wp\/v2\/pages"}],"about":[{"href":"https:\/\/www.kinderwunsch-institut.at\/hr\/wp-json\/wp\/v2\/types\/page"}],"author":[{"embeddable":true,"href":"https:\/\/www.kinderwunsch-institut.at\/hr\/wp-json\/wp\/v2\/users\/2"}],"replies":[{"embeddable":true,"href":"https:\/\/www.kinderwunsch-institut.at\/hr\/wp-json\/wp\/v2\/comments?post=57575"}],"version-history":[{"count":8,"href":"https:\/\/www.kinderwunsch-institut.at\/hr\/wp-json\/wp\/v2\/pages\/57575\/revisions"}],"predecessor-version":[{"id":57976,"href":"https:\/\/www.kinderwunsch-institut.at\/hr\/wp-json\/wp\/v2\/pages\/57575\/revisions\/57976"}],"up":[{"embeddable":true,"href":"https:\/\/www.kinderwunsch-institut.at\/hr\/wp-json\/wp\/v2\/pages\/57571"}],"wp:attachment":[{"href":"https:\/\/www.kinderwunsch-institut.at\/hr\/wp-json\/wp\/v2\/media?parent=57575"}],"curies":[{"name":"wp","href":"https:\/\/api.w.org\/{rel}","templated":true}]}}