{"id":57573,"date":"2021-12-21T15:09:19","date_gmt":"2021-12-21T14:09:40","guid":{"rendered":"https:\/\/www.kinderwunsch-institut.at\/behandlungsmethoden\/samenbank\/spender\/"},"modified":"2023-09-14T12:06:41","modified_gmt":"2023-09-14T10:06:41","slug":"donator","status":"publish","type":"page","link":"https:\/\/www.kinderwunsch-institut.at\/hr\/metode-medicinski-potpomognute-oplodnje\/banka-sperme\/donator\/","title":{"rendered":"Donator"},"content":{"rendered":"<style>.kb-row-layout-id_4f370c-56 > .kt-row-column-wrap{align-content:start;}:where(.kb-row-layout-id_4f370c-56 > .kt-row-column-wrap) > .wp-block-kadence-column{justify-content:start;}.kb-row-layout-id_4f370c-56 > .kt-row-column-wrap{column-gap:80px;row-gap:var(--global-kb-gap-md, 2rem);padding-top:var(--global-kb-spacing-sm, 1.5rem);padding-bottom:var(--global-kb-spacing-sm, 1.5rem);grid-template-columns:minmax(0, 2fr) minmax(0, 1fr);}.kb-row-layout-id_4f370c-56 > .kt-row-layout-overlay{opacity:0.30;}@media all and (max-width: 1024px){.kb-row-layout-id_4f370c-56 > .kt-row-column-wrap{grid-template-columns:minmax(0, 1fr);}}@media all and (max-width: 767px){.kb-row-layout-id_4f370c-56 > .kt-row-column-wrap{grid-template-columns:minmax(0, 1fr);}}<\/style><div class=\"kb-row-layout-wrap kb-row-layout-id_4f370c-56 alignnone kiwi__fixed-right wp-block-kadence-rowlayout\"><div class=\"kt-row-column-wrap kt-has-2-columns kt-row-layout-left-golden kt-tab-layout-row kt-mobile-layout-row kt-row-valign-top\">\n<style>.kadence-column_182b71-05 > .kt-inside-inner-col,.kadence-column_182b71-05 > .kt-inside-inner-col:before{border-top-left-radius:0px;border-top-right-radius:0px;border-bottom-right-radius:0px;border-bottom-left-radius:0px;}.kadence-column_182b71-05 > .kt-inside-inner-col{column-gap:var(--global-kb-gap-sm, 1rem);}.kadence-column_182b71-05 > .kt-inside-inner-col{flex-direction:column;}.kadence-column_182b71-05 > .kt-inside-inner-col > .aligncenter{width:100%;}.kadence-column_182b71-05 > .kt-inside-inner-col:before{opacity:0.3;}.kadence-column_182b71-05{position:relative;}@media all and (max-width: 1024px){.kadence-column_182b71-05 > .kt-inside-inner-col{flex-direction:column;justify-content:center;}}@media all and (max-width: 767px){.kadence-column_182b71-05 > .kt-inside-inner-col{flex-direction:column;justify-content:center;}}<\/style>\n<div class=\"wp-block-kadence-column kadence-column_182b71-05 inner-column-1\"><div class=\"kt-inside-inner-col\">\n<h1 class=\"wp-block-heading\">Donator<\/h1>\n\n\n\n<p><strong>Koje pretpostavke moram ispuniti?<\/strong><\/p>\n\n\n\n<ul class=\"wp-block-list\">\n<li>Dobro zdravlje<\/li>\n\n\n\n<li>Starosna dob izme\u0111u 20-40 godina<\/li>\n\n\n\n<li>Stanujete u bli\u017eoj okolini kako biste nas redovno mogli posje\u0107ivati<\/li>\n\n\n\n<li>Dobar kvalitet sjemena prema kriterijama Svjetske zdravstvene organizacije WHO<\/li>\n<\/ul>\n\n\n\n<p><strong>Koji su kriteriji isklju\u010denja?<\/strong><\/p>\n\n\n\n<ul class=\"wp-block-list\">\n<li>Poznate nasljedne bolesti kod donatora ili njegove obitelji<\/li>\n\n\n\n<li>\u010cesto mijenjanje seksualnog partnera<\/li>\n\n\n\n<li>Konzumiranje droge ili prekomjerno konzumiranje alkohola<\/li>\n\n\n\n<li>Zarazne bolesti<\/li>\n\n\n\n<li>Ne smijete biti uklju\u010deni donacijama u drugim bankama sjemena<\/li>\n<\/ul>\n\n\n\n<p><strong>Kakav je slijed postupka?<\/strong><\/p>\n\n\n\n<p>Nakon uspje\u0161ne prijave na natje\u010daj, dogovara se termin za prvi kontakt i razgovor. Isti obuhvata lije\u010dni\u010dki razgovor, koji uklju\u010duje zdravstvenu provjeru i probnu donaciju koja se testira. Ukoliko su nakon odre\u0111enog vremena karantene ispunjeni kriteriji koje donator mora ispuniti se nakon toga ugovaraju daljnji termini za donaciju i kontrolne preglede.<\/p>\n\n\n\n<p><strong>Kompenzacija za kori\u0161tenje<\/strong><\/p>\n\n\n\n<p>Kompenzacija se vr\u0161i prema Zakonu o medicinski pomognutoj oplodnji.<\/p>\n\n\n\n<p><strong>Prijava na natje\u010daj<\/strong><\/p>\n\n\n\n<p>Mo\u017eete se prijaviti na natje\u010daj kao donator sjemena telefonskim putem u okviru na\u0161eg radnog vremena pod broj telefona +43 (0) 3136 55 111 ili putem na\u0161eg obrasca za natje\u010daj.<\/p>\n<\/div><\/div>\n\n\n<style>.kadence-column_e2a3a0-f7 > .kt-inside-inner-col,.kadence-column_e2a3a0-f7 > .kt-inside-inner-col:before{border-top-left-radius:0px;border-top-right-radius:0px;border-bottom-right-radius:0px;border-bottom-left-radius:0px;}.kadence-column_e2a3a0-f7 > .kt-inside-inner-col{column-gap:var(--global-kb-gap-sm, 1rem);}.kadence-column_e2a3a0-f7 > .kt-inside-inner-col{flex-direction:column;}.kadence-column_e2a3a0-f7 > .kt-inside-inner-col > .aligncenter{width:100%;}.kadence-column_e2a3a0-f7 > .kt-inside-inner-col:before{opacity:0.3;}.kadence-column_e2a3a0-f7{text-align:center;}.kadence-column_e2a3a0-f7{position:relative;}@media all and (max-width: 1024px){.kadence-column_e2a3a0-f7 > .kt-inside-inner-col{flex-direction:column;justify-content:center;}}@media all and (max-width: 767px){.kadence-column_e2a3a0-f7 > .kt-inside-inner-col{flex-direction:column;justify-content:center;}.kadence-column_e2a3a0-f7, .kt-inside-inner-col > .kadence-column_e2a3a0-f7:not(.specificity){margin-top:60px;}}<\/style>\n<div class=\"wp-block-kadence-column kadence-column_e2a3a0-f7 inner-column-2\"><div class=\"kt-inside-inner-col\">\n<figure class=\"wp-block-image aligncenter size-large fancy__img-bubble fancy__img-bubble--primary is-style-rounded\"><img loading=\"lazy\" decoding=\"async\" width=\"1024\" height=\"1024\" src=\"https:\/\/www.kinderwunsch-institut.at\/wp-content\/uploads\/2022\/07\/Spender-1024x1024.jpg\" alt=\"\" class=\"wp-image-1948\" srcset=\"https:\/\/www.kinderwunsch-institut.at\/wp-content\/uploads\/2022\/07\/Spender-1024x1024.jpg 1024w, https:\/\/www.kinderwunsch-institut.at\/wp-content\/uploads\/2022\/07\/Spender-300x300.jpg 300w, https:\/\/www.kinderwunsch-institut.at\/wp-content\/uploads\/2022\/07\/Spender-150x150.jpg 150w, https:\/\/www.kinderwunsch-institut.at\/wp-content\/uploads\/2022\/07\/Spender-768x768.jpg 768w, https:\/\/www.kinderwunsch-institut.at\/wp-content\/uploads\/2022\/07\/Spender-40x40.jpg 40w, https:\/\/www.kinderwunsch-institut.at\/wp-content\/uploads\/2022\/07\/Spender.jpg 1110w\" sizes=\"auto, (max-width: 1024px) 100vw, 1024px\" \/><\/figure>\n\n\n\n<div class=\"wp-block-buttons is-horizontal is-content-justification-center is-layout-flex wp-container-core-buttons-is-layout-499968f5 wp-block-buttons-is-layout-flex\">\n<div class=\"wp-block-button kiwi__back-button\"><a class=\"wp-block-button__link wp-element-button\" href=\"https:\/\/www.kinderwunsch-institut.at\/behandlungsmethoden\/samenbank\/\">Povratak na temu \u201ebanka sjemena\u201c<\/a><\/div>\n<\/div>\n<\/div><\/div>\n\n<\/div><\/div>","protected":false},"excerpt":{"rendered":"<p>Donator Koje pretpostavke moram ispuniti? Koji su kriteriji isklju\u010denja? Kakav je slijed postupka? Nakon uspje\u0161ne prijave na natje\u010daj, dogovara se termin za prvi kontakt i razgovor. Isti obuhvata lije\u010dni\u010dki razgovor, koji uklju\u010duje zdravstvenu provjeru i probnu donaciju koja se testira. Ukoliko su nakon odre\u0111enog vremena karantene ispunjeni kriteriji koje donator mora ispuniti se nakon toga [&hellip;]<\/p>\n","protected":false},"author":2,"featured_media":0,"parent":57571,"menu_order":0,"comment_status":"closed","ping_status":"closed","template":"","meta":{"_acf_changed":false,"inline_featured_image":false,"_kad_blocks_custom_css":"","_kad_blocks_head_custom_js":"","_kad_blocks_body_custom_js":"","_kad_blocks_footer_custom_js":"","footnotes":""},"class_list":["post-57573","page","type-page","status-publish","hentry"],"acf":[],"featured_image_src_large":false,"author_info":{"display_name":"content","author_link":"https:\/\/www.kinderwunsch-institut.at\/hr\/author\/content\/"},"comment_info":0,"taxonomy_info":[],"_links":{"self":[{"href":"https:\/\/www.kinderwunsch-institut.at\/hr\/wp-json\/wp\/v2\/pages\/57573","targetHints":{"allow":["GET"]}}],"collection":[{"href":"https:\/\/www.kinderwunsch-institut.at\/hr\/wp-json\/wp\/v2\/pages"}],"about":[{"href":"https:\/\/www.kinderwunsch-institut.at\/hr\/wp-json\/wp\/v2\/types\/page"}],"author":[{"embeddable":true,"href":"https:\/\/www.kinderwunsch-institut.at\/hr\/wp-json\/wp\/v2\/users\/2"}],"replies":[{"embeddable":true,"href":"https:\/\/www.kinderwunsch-institut.at\/hr\/wp-json\/wp\/v2\/comments?post=57573"}],"version-history":[{"count":21,"href":"https:\/\/www.kinderwunsch-institut.at\/hr\/wp-json\/wp\/v2\/pages\/57573\/revisions"}],"predecessor-version":[{"id":59637,"href":"https:\/\/www.kinderwunsch-institut.at\/hr\/wp-json\/wp\/v2\/pages\/57573\/revisions\/59637"}],"up":[{"embeddable":true,"href":"https:\/\/www.kinderwunsch-institut.at\/hr\/wp-json\/wp\/v2\/pages\/57571"}],"wp:attachment":[{"href":"https:\/\/www.kinderwunsch-institut.at\/hr\/wp-json\/wp\/v2\/media?parent=57573"}],"curies":[{"name":"wp","href":"https:\/\/api.w.org\/{rel}","templated":true}]}}