{"id":57571,"date":"2021-12-21T15:08:57","date_gmt":"2021-12-21T14:08:57","guid":{"rendered":"https:\/\/www.kinderwunsch-institut.at\/behandlungsmethoden\/samenbank\/"},"modified":"2023-09-14T16:41:27","modified_gmt":"2023-09-14T14:41:27","slug":"banka-sperme","status":"publish","type":"page","link":"https:\/\/www.kinderwunsch-institut.at\/hr\/metode-medicinski-potpomognute-oplodnje\/banka-sperme\/","title":{"rendered":"Banka sperme"},"content":{"rendered":"<style>.kb-row-layout-id_80d272-b7 > .kt-row-column-wrap{align-content:start;}:where(.kb-row-layout-id_80d272-b7 > .kt-row-column-wrap) > .wp-block-kadence-column{justify-content:start;}.kb-row-layout-id_80d272-b7 > .kt-row-column-wrap{column-gap:80px;row-gap:var(--global-kb-gap-md, 2rem);padding-top:var(--global-kb-spacing-sm, 1.5rem);padding-bottom:var(--global-kb-spacing-sm, 1.5rem);grid-template-columns:minmax(0, 2fr) minmax(0, 1fr);}.kb-row-layout-id_80d272-b7 > .kt-row-layout-overlay{opacity:0.30;}@media all and (max-width: 1024px){.kb-row-layout-id_80d272-b7 > .kt-row-column-wrap{grid-template-columns:minmax(0, 1fr);}}@media all and (max-width: 767px){.kb-row-layout-id_80d272-b7 > .kt-row-column-wrap{grid-template-columns:minmax(0, 1fr);}}<\/style><div class=\"kb-row-layout-wrap kb-row-layout-id_80d272-b7 alignnone kiwi__fixed-right wp-block-kadence-rowlayout\"><div class=\"kt-row-column-wrap kt-has-2-columns kt-row-layout-left-golden kt-tab-layout-row kt-mobile-layout-row kt-row-valign-top\">\n<style>.kadence-column_d4d695-9e > .kt-inside-inner-col,.kadence-column_d4d695-9e > .kt-inside-inner-col:before{border-top-left-radius:0px;border-top-right-radius:0px;border-bottom-right-radius:0px;border-bottom-left-radius:0px;}.kadence-column_d4d695-9e > .kt-inside-inner-col{column-gap:var(--global-kb-gap-sm, 1rem);}.kadence-column_d4d695-9e > .kt-inside-inner-col{flex-direction:column;}.kadence-column_d4d695-9e > .kt-inside-inner-col > .aligncenter{width:100%;}.kadence-column_d4d695-9e > .kt-inside-inner-col:before{opacity:0.3;}.kadence-column_d4d695-9e{position:relative;}@media all and (max-width: 1024px){.kadence-column_d4d695-9e > .kt-inside-inner-col{flex-direction:column;justify-content:center;}}@media all and (max-width: 767px){.kadence-column_d4d695-9e > .kt-inside-inner-col{flex-direction:column;justify-content:center;}}<\/style>\n<div class=\"wp-block-kadence-column kadence-column_d4d695-9e inner-column-1\"><div class=\"kt-inside-inner-col\">\n<h1 class=\"wp-block-heading\">Na\u0161a banka sjemena \u2013<br>sigurna &amp; diskretnak<\/h1>\n\n\n\n<p class=\"has-primary-darker-color has-text-color\"><strong>Stavljamo na raspolaganje sjemene stanice besprijekornih donatora.<\/strong><\/p>\n\n\n\n<p class=\"has-primary-darker-color has-text-color\">Iz razli\u010ditih razloga neki mu\u0161karci ne mogu producirati sjemene stanice. Kako bismo Vam ipak ispunili \u017eelju za djetetom za kojim \u010deznete raspola\u017eemo sjemenim stanicama izabranih od izuzetno podobnih donatora. Sigurna i diskretna: na\u0161a banka sjemena u Grazu.<\/p>\n\n\n\n<div style=\"height:50px\" aria-hidden=\"true\" class=\"wp-block-spacer\"><\/div>\n\n\n\n<h2 class=\"wp-block-heading\">Kako izgleda<br>zakonska osnova?<\/h2>\n\n\n\n<p>Izvod iz Zakona o medicinskoj oplodnji i reprodukciji: Pregledom tre\u0107e osobe i njegovog sjemena treba se obezbjediti sljede\u0107e: da se taj postupak izvodi prema najnovijim saznanjima i trenuta\u010dnom stanju medicinske znanosti i iskustva, da je sjeme sposobno za reprodukciju, tj. oplodnju, kao i da se primjenom istog ne ugro\u017eava zdravlje \u017eene ili \u017eeljenog djeteta.<\/p>\n\n\n\n<p>Sjeme tre\u0107e osobe se smije koristi za medicinsku potpomognutu oplodnju samo u onom slu\u010daju, kada je ta tre\u0107a osoba dala svoju pismenu suglasnost zdravstvenoj ustanovi o navedenoj primjeni, kao i suglasnost za pru\u017eanje informacija. Suglasnost se u svako doba mo\u017ee opozvati s pravnim djelovanjem da je svaka daljnja upotreba nedopu\u0161tena.<\/p>\n\n\n\n<p>Tre\u0107a osoba svoje sjeme smije staviti na raspolaganje u svrhu medicinski potpomognute oplodnje samo jednoj i istoj zdravstvenoj ustanovi. Stavljanje na raspolaganje sjemena za medicinski potpomognutu oplodnju ne smije biti predmet pravnog posla uz naplatu. Djetetu koje je ro\u0111eno sjemenom tre\u0107e osobe se, na njegov zahtjev nakon pune \u010detrnaeste godine \u017eivota, odobrava uvid u evidenciju i ima pravo na informacije iz evidencije.<\/p>\n\n\n<style>.wp-block-kadence-spacer.kt-block-spacer-_19fdb4-bf .kt-block-spacer{height:60px;}.wp-block-kadence-spacer.kt-block-spacer-_19fdb4-bf .kt-divider{border-top-width:1px;height:1px;border-top-color:#eee;width:80%;border-top-style:solid;}<\/style>\n<div class=\"wp-block-kadence-spacer aligncenter kt-block-spacer-_19fdb4-bf\"><div class=\"kt-block-spacer kt-block-spacer-halign-center\"><\/div><\/div>\n\n\n<style>.kb-row-layout-id_bee7db-65 > .kt-row-column-wrap{align-content:start;}:where(.kb-row-layout-id_bee7db-65 > .kt-row-column-wrap) > .wp-block-kadence-column{justify-content:start;}.kb-row-layout-id_bee7db-65 > .kt-row-column-wrap{column-gap:40px;row-gap:var(--global-kb-gap-md, 2rem);padding-top:var(--global-kb-spacing-sm, 1.5rem);padding-bottom:var(--global-kb-spacing-sm, 1.5rem);grid-template-columns:repeat(2, minmax(0, 1fr));}.kb-row-layout-id_bee7db-65 > .kt-row-layout-overlay{opacity:0.30;}@media all and (max-width: 1024px){.kb-row-layout-id_bee7db-65 > .kt-row-column-wrap{grid-template-columns:repeat(2, minmax(0, 1fr));}}@media all and (max-width: 767px){.kb-row-layout-id_bee7db-65 > .kt-row-column-wrap{grid-template-columns:minmax(0, 1fr);}}<\/style><div class=\"kb-row-layout-wrap kb-row-layout-id_bee7db-65 alignnone buttons-diagnosis wp-block-kadence-rowlayout\"><div class=\"kt-row-column-wrap kt-has-2-columns kt-row-layout-equal kt-tab-layout-inherit kt-mobile-layout-row kt-row-valign-top\">\n<style>.kadence-column_ce1f85-6d > .kt-inside-inner-col,.kadence-column_ce1f85-6d > .kt-inside-inner-col:before{border-top-left-radius:0px;border-top-right-radius:0px;border-bottom-right-radius:0px;border-bottom-left-radius:0px;}.kadence-column_ce1f85-6d > .kt-inside-inner-col{column-gap:var(--global-kb-gap-sm, 1rem);}.kadence-column_ce1f85-6d > .kt-inside-inner-col{flex-direction:column;}.kadence-column_ce1f85-6d > .kt-inside-inner-col > .aligncenter{width:100%;}.kadence-column_ce1f85-6d > .kt-inside-inner-col:before{opacity:0.3;}.kadence-column_ce1f85-6d{text-align:right;}.kadence-column_ce1f85-6d{position:relative;}@media all and (max-width: 1024px){.kadence-column_ce1f85-6d > .kt-inside-inner-col{flex-direction:column;justify-content:center;}}@media all and (max-width: 767px){.kadence-column_ce1f85-6d > .kt-inside-inner-col{flex-direction:column;justify-content:center;}}<\/style>\n<div class=\"wp-block-kadence-column kadence-column_ce1f85-6d inner-column-1\" data-aos=\"fade-up\" data-aos-delay=\"50\"><div class=\"kt-inside-inner-col\">\n<div class=\"wp-block-buttons is-vertical is-content-justification-center is-layout-flex wp-container-core-buttons-is-layout-9a7cdcfd wp-block-buttons-is-layout-flex\">\n<div class=\"wp-block-button button-big button-venus button-big--right\"><a class=\"wp-block-button__link wp-element-button\" href=\"https:\/\/www.kinderwunsch-institut.at\/hr\/metode-medicinski-potpomognute-oplodnje\/banka-sperme\/donator\/\">DONATOR<br>SAZNAJ VI\u0160E<\/a><\/div>\n<\/div>\n<\/div><\/div>\n\n\n<style>.kadence-column_cadd39-a7 > .kt-inside-inner-col,.kadence-column_cadd39-a7 > .kt-inside-inner-col:before{border-top-left-radius:0px;border-top-right-radius:0px;border-bottom-right-radius:0px;border-bottom-left-radius:0px;}.kadence-column_cadd39-a7 > .kt-inside-inner-col{column-gap:var(--global-kb-gap-sm, 1rem);}.kadence-column_cadd39-a7 > .kt-inside-inner-col{flex-direction:column;}.kadence-column_cadd39-a7 > .kt-inside-inner-col > .aligncenter{width:100%;}.kadence-column_cadd39-a7 > .kt-inside-inner-col:before{opacity:0.3;}.kadence-column_cadd39-a7{text-align:left;}.kadence-column_cadd39-a7{position:relative;}@media all and (max-width: 1024px){.kadence-column_cadd39-a7 > .kt-inside-inner-col{flex-direction:column;justify-content:center;}}@media all and (max-width: 767px){.kadence-column_cadd39-a7 > .kt-inside-inner-col{flex-direction:column;justify-content:center;}}<\/style>\n<div class=\"wp-block-kadence-column kadence-column_cadd39-a7 inner-column-2\" data-aos=\"fade-up\" data-aos-delay=\"200\"><div class=\"kt-inside-inner-col\">\n<div class=\"wp-block-buttons is-vertical is-content-justification-center is-layout-flex wp-container-core-buttons-is-layout-9a7cdcfd wp-block-buttons-is-layout-flex\">\n<div class=\"wp-block-button button-big button-mars button-big--left\"><a class=\"wp-block-button__link wp-element-button\" href=\"https:\/\/www.kinderwunsch-institut.at\/hr\/metode-medicinski-potpomognute-oplodnje\/banka-sperme\/primateljica\/\">PRIMATELJICA<br>SAZNAJ VI\u0160E<\/a><\/div>\n<\/div>\n<\/div><\/div>\n\n<\/div><\/div>\n\n<style>.wp-block-kadence-spacer.kt-block-spacer-_17f90a-78 .kt-block-spacer{height:60px;}.wp-block-kadence-spacer.kt-block-spacer-_17f90a-78 .kt-divider{border-top-width:1px;height:1px;border-top-color:#eee;width:80%;border-top-style:solid;}<\/style>\n<div class=\"wp-block-kadence-spacer aligncenter kt-block-spacer-_17f90a-78\"><div class=\"kt-block-spacer kt-block-spacer-halign-center\"><\/div><\/div>\n\n\n\n<div class=\"wp-block-buttons is-content-justification-center is-layout-flex wp-container-core-buttons-is-layout-16018d1d wp-block-buttons-is-layout-flex\">\n<div class=\"wp-block-button\"><a class=\"wp-block-button__link wp-element-button\" href=\"https:\/\/www.kinderwunsch-institut.at\/erstgespraech\/\">UGOVORITE TERMIN ZA PRVI SPECIJALISTI\u010cKI RAZGOVOR<\/a><\/div>\n<\/div>\n<\/div><\/div>\n\n\n<style>.kadence-column_5e814d-fe > .kt-inside-inner-col,.kadence-column_5e814d-fe > .kt-inside-inner-col:before{border-top-left-radius:0px;border-top-right-radius:0px;border-bottom-right-radius:0px;border-bottom-left-radius:0px;}.kadence-column_5e814d-fe > .kt-inside-inner-col{column-gap:var(--global-kb-gap-sm, 1rem);}.kadence-column_5e814d-fe > .kt-inside-inner-col{flex-direction:column;}.kadence-column_5e814d-fe > .kt-inside-inner-col > .aligncenter{width:100%;}.kadence-column_5e814d-fe > .kt-inside-inner-col:before{opacity:0.3;}.kadence-column_5e814d-fe{text-align:center;}.kadence-column_5e814d-fe{position:relative;}@media all and (max-width: 1024px){.kadence-column_5e814d-fe > .kt-inside-inner-col{flex-direction:column;justify-content:center;}}@media all and (max-width: 1024px){.kadence-column_5e814d-fe, .kt-inside-inner-col > .kadence-column_5e814d-fe:not(.specificity){margin-top:100px;}}@media all and (max-width: 767px){.kadence-column_5e814d-fe > .kt-inside-inner-col{flex-direction:column;justify-content:center;}.kadence-column_5e814d-fe, .kt-inside-inner-col > .kadence-column_5e814d-fe:not(.specificity){margin-top:100px;}}<\/style>\n<div class=\"wp-block-kadence-column kadence-column_5e814d-fe inner-column-2\"><div class=\"kt-inside-inner-col\">\n<figure class=\"wp-block-image aligncenter size-full is-style-rounded fancy__img-bubble fancy__img-bubble--white\"><img loading=\"lazy\" decoding=\"async\" width=\"555\" height=\"555\" src=\"https:\/\/www.kinderwunsch-institut.at\/wp-content\/uploads\/2022\/07\/UnsereSamenbank.jpg\" alt=\"\" class=\"wp-image-1936\" srcset=\"https:\/\/www.kinderwunsch-institut.at\/wp-content\/uploads\/2022\/07\/UnsereSamenbank.jpg 555w, https:\/\/www.kinderwunsch-institut.at\/wp-content\/uploads\/2022\/07\/UnsereSamenbank-300x300.jpg 300w, https:\/\/www.kinderwunsch-institut.at\/wp-content\/uploads\/2022\/07\/UnsereSamenbank-150x150.jpg 150w, https:\/\/www.kinderwunsch-institut.at\/wp-content\/uploads\/2022\/07\/UnsereSamenbank-40x40.jpg 40w\" sizes=\"auto, (max-width: 555px) 100vw, 555px\" \/><\/figure>\n\n\n\n<div class=\"wp-block-buttons is-horizontal is-content-justification-center is-layout-flex wp-container-core-buttons-is-layout-499968f5 wp-block-buttons-is-layout-flex\">\n<div class=\"wp-block-button kiwi__back-button\"><a class=\"wp-block-button__link wp-element-button\" href=\"https:\/\/www.kinderwunsch-institut.at\/hr\/metode-medicinski-potpomognute-oplodnje\/\">NAZAD NA PREGLED<\/a><\/div>\n<\/div>\n<\/div><\/div>\n\n<\/div><\/div>\n\n\n<p><\/p>\n","protected":false},"excerpt":{"rendered":"<p>Na\u0161a banka sjemena \u2013sigurna &amp; diskretnak Stavljamo na raspolaganje sjemene stanice besprijekornih donatora. Iz razli\u010ditih razloga neki mu\u0161karci ne mogu producirati sjemene stanice. Kako bismo Vam ipak ispunili \u017eelju za djetetom za kojim \u010deznete raspola\u017eemo sjemenim stanicama izabranih od izuzetno podobnih donatora. Sigurna i diskretna: na\u0161a banka sjemena u Grazu. Kako izgledazakonska osnova? Izvod iz [&hellip;]<\/p>\n","protected":false},"author":2,"featured_media":0,"parent":57557,"menu_order":6,"comment_status":"closed","ping_status":"closed","template":"","meta":{"_acf_changed":false,"inline_featured_image":false,"_kad_blocks_custom_css":"","_kad_blocks_head_custom_js":"","_kad_blocks_body_custom_js":"","_kad_blocks_footer_custom_js":"","footnotes":""},"class_list":["post-57571","page","type-page","status-publish","hentry"],"acf":[],"featured_image_src_large":false,"author_info":{"display_name":"content","author_link":"https:\/\/www.kinderwunsch-institut.at\/hr\/author\/content\/"},"comment_info":0,"taxonomy_info":[],"_links":{"self":[{"href":"https:\/\/www.kinderwunsch-institut.at\/hr\/wp-json\/wp\/v2\/pages\/57571","targetHints":{"allow":["GET"]}}],"collection":[{"href":"https:\/\/www.kinderwunsch-institut.at\/hr\/wp-json\/wp\/v2\/pages"}],"about":[{"href":"https:\/\/www.kinderwunsch-institut.at\/hr\/wp-json\/wp\/v2\/types\/page"}],"author":[{"embeddable":true,"href":"https:\/\/www.kinderwunsch-institut.at\/hr\/wp-json\/wp\/v2\/users\/2"}],"replies":[{"embeddable":true,"href":"https:\/\/www.kinderwunsch-institut.at\/hr\/wp-json\/wp\/v2\/comments?post=57571"}],"version-history":[{"count":12,"href":"https:\/\/www.kinderwunsch-institut.at\/hr\/wp-json\/wp\/v2\/pages\/57571\/revisions"}],"predecessor-version":[{"id":59672,"href":"https:\/\/www.kinderwunsch-institut.at\/hr\/wp-json\/wp\/v2\/pages\/57571\/revisions\/59672"}],"up":[{"embeddable":true,"href":"https:\/\/www.kinderwunsch-institut.at\/hr\/wp-json\/wp\/v2\/pages\/57557"}],"wp:attachment":[{"href":"https:\/\/www.kinderwunsch-institut.at\/hr\/wp-json\/wp\/v2\/media?parent=57571"}],"curies":[{"name":"wp","href":"https:\/\/api.w.org\/{rel}","templated":true}]}}