{"id":57569,"date":"2021-12-21T15:10:37","date_gmt":"2021-12-21T14:10:37","guid":{"rendered":"https:\/\/www.kinderwunsch-institut.at\/behandlungsmethoden\/technologien\/"},"modified":"2023-09-14T12:05:12","modified_gmt":"2023-09-14T10:05:12","slug":"tehnologije","status":"publish","type":"page","link":"https:\/\/www.kinderwunsch-institut.at\/hr\/metode-medicinski-potpomognute-oplodnje\/tehnologije\/","title":{"rendered":"Tehnologije"},"content":{"rendered":"<style>.kb-row-layout-id_f3d40e-4c > .kt-row-column-wrap{align-content:start;}:where(.kb-row-layout-id_f3d40e-4c > .kt-row-column-wrap) > .wp-block-kadence-column{justify-content:start;}.kb-row-layout-id_f3d40e-4c > .kt-row-column-wrap{column-gap:80px;row-gap:var(--global-kb-gap-md, 2rem);padding-top:var(--global-kb-spacing-sm, 1.5rem);padding-bottom:var(--global-kb-spacing-sm, 1.5rem);grid-template-columns:repeat(2, minmax(0, 1fr));}.kb-row-layout-id_f3d40e-4c > .kt-row-layout-overlay{opacity:0.30;}@media all and (max-width: 1024px){.kb-row-layout-id_f3d40e-4c > .kt-row-column-wrap{grid-template-columns:repeat(2, minmax(0, 1fr));}}@media all and (max-width: 767px){.kb-row-layout-id_f3d40e-4c > .kt-row-column-wrap{grid-template-columns:minmax(0, 1fr);}}<\/style><div class=\"kb-row-layout-wrap kb-row-layout-id_f3d40e-4c alignnone wp-block-kadence-rowlayout\"><div class=\"kt-row-column-wrap kt-has-2-columns kt-row-layout-equal kt-tab-layout-inherit kt-mobile-layout-row kt-row-valign-top\">\n<style>.kadence-column_000957-31 > .kt-inside-inner-col,.kadence-column_000957-31 > .kt-inside-inner-col:before{border-top-left-radius:0px;border-top-right-radius:0px;border-bottom-right-radius:0px;border-bottom-left-radius:0px;}.kadence-column_000957-31 > .kt-inside-inner-col{column-gap:var(--global-kb-gap-sm, 1rem);}.kadence-column_000957-31 > .kt-inside-inner-col{flex-direction:column;}.kadence-column_000957-31 > .kt-inside-inner-col > .aligncenter{width:100%;}.kadence-column_000957-31 > .kt-inside-inner-col:before{opacity:0.3;}.kadence-column_000957-31{position:relative;}@media all and (max-width: 1024px){.kadence-column_000957-31 > .kt-inside-inner-col{flex-direction:column;justify-content:center;}}@media all and (max-width: 767px){.kadence-column_000957-31 > .kt-inside-inner-col{flex-direction:column;justify-content:center;}}<\/style>\n<div class=\"wp-block-kadence-column kadence-column_000957-31 inner-column-1\"><div class=\"kt-inside-inner-col\">\n<h1 class=\"wp-block-heading\">Najmodernije tehnologije<br>pru\u017eaju parovima bez djece nadu<\/h1>\n\n\n\n<p class=\"has-primary-color has-text-color\">\u201cGeri\u201d iz Merck Serono pove\u0107ava preciznost procesa, a time i Va\u0161u \u0161ansu za trudno\u0107u, a sada je postao neizostavan element na\u0161eg rada. Ure\u0111aj za vitrifikaciju i time-lapse tehnologiju mo\u017eete prona\u0107i u embriolo\u0161kom laboratoriju Instituta Kinderwunsch. Kao na\u0161 novi Embryoscope+, s vi\u0161e prostora u inkubatoru. To osigurava maksimalnu preciznost u svim procesima.<\/p>\n\n\n<style>.kb-row-layout-id_3c52db-e4 > .kt-row-column-wrap{align-content:start;}:where(.kb-row-layout-id_3c52db-e4 > .kt-row-column-wrap) > .wp-block-kadence-column{justify-content:start;}.kb-row-layout-id_3c52db-e4 > .kt-row-column-wrap{column-gap:var(--global-kb-gap-md, 2rem);row-gap:var(--global-kb-gap-md, 2rem);padding-top:var(--global-kb-spacing-sm, 1.5rem);padding-bottom:var(--global-kb-spacing-sm, 1.5rem);grid-template-columns:minmax(0, 1fr);}.kb-row-layout-id_3c52db-e4 > .kt-row-layout-overlay{opacity:0.30;}@media all and (max-width: 1024px){.kb-row-layout-id_3c52db-e4 > .kt-row-column-wrap{grid-template-columns:minmax(0, 1fr);}}@media all and (max-width: 767px){.kb-row-layout-id_3c52db-e4 > .kt-row-column-wrap{grid-template-columns:minmax(0, 1fr);}}<\/style><div class=\"kb-row-layout-wrap kb-row-layout-id_3c52db-e4 alignnone wp-block-kadence-rowlayout\"><div class=\"kt-row-column-wrap kt-has-1-columns kt-row-layout-equal kt-tab-layout-inherit kt-mobile-layout-row kt-row-valign-top\">\n<style>.kadence-column_5a75b3-f0 > .kt-inside-inner-col,.kadence-column_5a75b3-f0 > .kt-inside-inner-col:before{border-top-left-radius:0px;border-top-right-radius:0px;border-bottom-right-radius:0px;border-bottom-left-radius:0px;}.kadence-column_5a75b3-f0 > .kt-inside-inner-col{column-gap:var(--global-kb-gap-sm, 1rem);}.kadence-column_5a75b3-f0 > .kt-inside-inner-col{flex-direction:column;}.kadence-column_5a75b3-f0 > .kt-inside-inner-col > .aligncenter{width:100%;}.kadence-column_5a75b3-f0 > .kt-inside-inner-col:before{opacity:0.3;}.kadence-column_5a75b3-f0{position:relative;}@media all and (max-width: 1024px){.kadence-column_5a75b3-f0 > .kt-inside-inner-col{flex-direction:column;justify-content:center;}}@media all and (max-width: 767px){.kadence-column_5a75b3-f0 > .kt-inside-inner-col{flex-direction:column;justify-content:center;}}<\/style>\n<div class=\"wp-block-kadence-column kadence-column_5a75b3-f0 inner-column-1\"><div class=\"kt-inside-inner-col\">\n<div style=\"height:10px\" aria-hidden=\"true\" class=\"wp-block-spacer\"><\/div>\n<\/div><\/div>\n\n<\/div><\/div>\n\n\n<div class=\"wp-block-buttons is-layout-flex wp-block-buttons-is-layout-flex\">\n<div class=\"wp-block-button is-style-fill\"><a class=\"wp-block-button__link wp-element-button\" href=\"https:\/\/www.kinderwunsch-institut.at\/erstgespraech\/\">UGOVORITE TERMIN ZA PRVI SPECIJALISTI\u010cKI RAZGOVOR<\/a><\/div>\n<\/div>\n<\/div><\/div>\n\n\n<style>.kadence-column_84a20f-36 > .kt-inside-inner-col,.kadence-column_84a20f-36 > .kt-inside-inner-col:before{border-top-left-radius:0px;border-top-right-radius:0px;border-bottom-right-radius:0px;border-bottom-left-radius:0px;}.kadence-column_84a20f-36 > .kt-inside-inner-col{column-gap:var(--global-kb-gap-sm, 1rem);}.kadence-column_84a20f-36 > .kt-inside-inner-col{flex-direction:column;}.kadence-column_84a20f-36 > .kt-inside-inner-col > .aligncenter{width:100%;}.kadence-column_84a20f-36 > .kt-inside-inner-col:before{opacity:0.3;}.kadence-column_84a20f-36{text-align:center;}.kadence-column_84a20f-36{position:relative;}@media all and (max-width: 1024px){.kadence-column_84a20f-36 > .kt-inside-inner-col{flex-direction:column;justify-content:center;}}@media all and (max-width: 767px){.kadence-column_84a20f-36 > .kt-inside-inner-col{flex-direction:column;justify-content:center;}.kadence-column_84a20f-36, .kt-inside-inner-col > .kadence-column_84a20f-36:not(.specificity){margin-top:100px;}}<\/style>\n<div class=\"wp-block-kadence-column kadence-column_84a20f-36 inner-column-2\"><div class=\"kt-inside-inner-col\">\n<figure class=\"wp-block-image aligncenter size-large is-style-rounded fancy__img-bubble fancy__img-bubble--white\"><img loading=\"lazy\" decoding=\"async\" width=\"1024\" height=\"1024\" src=\"https:\/\/www.kinderwunsch-institut.at\/wp-content\/uploads\/2022\/07\/Technologie_Bild1-1024x1024.jpg\" alt=\"\" class=\"wp-image-1940\" srcset=\"https:\/\/www.kinderwunsch-institut.at\/wp-content\/uploads\/2022\/07\/Technologie_Bild1-1024x1024.jpg 1024w, https:\/\/www.kinderwunsch-institut.at\/wp-content\/uploads\/2022\/07\/Technologie_Bild1-300x300.jpg 300w, https:\/\/www.kinderwunsch-institut.at\/wp-content\/uploads\/2022\/07\/Technologie_Bild1-150x150.jpg 150w, https:\/\/www.kinderwunsch-institut.at\/wp-content\/uploads\/2022\/07\/Technologie_Bild1-768x768.jpg 768w, https:\/\/www.kinderwunsch-institut.at\/wp-content\/uploads\/2022\/07\/Technologie_Bild1-40x40.jpg 40w, https:\/\/www.kinderwunsch-institut.at\/wp-content\/uploads\/2022\/07\/Technologie_Bild1.jpg 1190w\" sizes=\"auto, (max-width: 1024px) 100vw, 1024px\" \/><\/figure>\n<\/div><\/div>\n\n<\/div><\/div>\n\n<style>.kb-row-layout-id_d8d6fa-4a > .kt-row-column-wrap{align-content:start;}:where(.kb-row-layout-id_d8d6fa-4a > .kt-row-column-wrap) > .wp-block-kadence-column{justify-content:start;}.kb-row-layout-id_d8d6fa-4a > .kt-row-column-wrap{column-gap:80px;row-gap:var(--global-kb-gap-md, 2rem);padding-top:var(--global-kb-spacing-sm, 1.5rem);padding-bottom:var(--global-kb-spacing-sm, 1.5rem);grid-template-columns:repeat(2, minmax(0, 1fr));}.kb-row-layout-id_d8d6fa-4a > .kt-row-layout-overlay{opacity:0.30;}@media all and (max-width: 1024px){.kb-row-layout-id_d8d6fa-4a > .kt-row-column-wrap{grid-template-columns:repeat(2, minmax(0, 1fr));}}@media all and (max-width: 767px){.kb-row-layout-id_d8d6fa-4a > .kt-row-column-wrap{grid-template-columns:minmax(0, 1fr);}}<\/style><div class=\"kb-row-layout-wrap kb-row-layout-id_d8d6fa-4a alignnone wp-block-kadence-rowlayout\"><div class=\"kt-row-column-wrap kt-has-2-columns kt-row-layout-equal kt-tab-layout-inherit kt-mobile-layout-row kt-row-valign-top\">\n<style>.kadence-column_5eb160-16 > .kt-inside-inner-col,.kadence-column_5eb160-16 > .kt-inside-inner-col:before{border-top-left-radius:0px;border-top-right-radius:0px;border-bottom-right-radius:0px;border-bottom-left-radius:0px;}.kadence-column_5eb160-16 > .kt-inside-inner-col{column-gap:var(--global-kb-gap-sm, 1rem);}.kadence-column_5eb160-16 > .kt-inside-inner-col{flex-direction:column;}.kadence-column_5eb160-16 > .kt-inside-inner-col > .aligncenter{width:100%;}.kadence-column_5eb160-16 > .kt-inside-inner-col:before{opacity:0.3;}.kadence-column_5eb160-16{position:relative;}@media all and (max-width: 1024px){.kadence-column_5eb160-16 > .kt-inside-inner-col{flex-direction:column;justify-content:center;}}@media all and (max-width: 767px){.kadence-column_5eb160-16 > .kt-inside-inner-col{flex-direction:column;justify-content:center;}}<\/style>\n<div class=\"wp-block-kadence-column kadence-column_5eb160-16 inner-column-1\"><div class=\"kt-inside-inner-col\">\n<h2 class=\"wp-block-heading\">Vitrifikacija<\/h2>\n\n\n\n<p>U sklopu vitrifikacije jaja\u0161ca ili embriji zamrzavaju se ru\u010dno laganim hla\u0111enjem na -196\u00b0C u vrlo kratkom vremenu i na taj na\u010din omogu\u0107avaju njihovo optimalno skladi\u0161tenje. To zna\u010di da su neoplo\u0111ena, zrela jaja\u0161ca sigurno pohranjena za kasnije lije\u010denje plodnosti.<\/p>\n<\/div><\/div>\n\n\n<style>.kadence-column_f5b993-70 > .kt-inside-inner-col,.kadence-column_f5b993-70 > .kt-inside-inner-col:before{border-top-left-radius:0px;border-top-right-radius:0px;border-bottom-right-radius:0px;border-bottom-left-radius:0px;}.kadence-column_f5b993-70 > .kt-inside-inner-col{column-gap:var(--global-kb-gap-sm, 1rem);}.kadence-column_f5b993-70 > .kt-inside-inner-col{flex-direction:column;}.kadence-column_f5b993-70 > .kt-inside-inner-col > .aligncenter{width:100%;}.kadence-column_f5b993-70 > .kt-inside-inner-col:before{opacity:0.3;}.kadence-column_f5b993-70{position:relative;}@media all and (max-width: 1024px){.kadence-column_f5b993-70 > .kt-inside-inner-col{flex-direction:column;justify-content:center;}}@media all and (max-width: 767px){.kadence-column_f5b993-70 > .kt-inside-inner-col{flex-direction:column;justify-content:center;}}<\/style>\n<div class=\"wp-block-kadence-column kadence-column_f5b993-70 inner-column-2\"><div class=\"kt-inside-inner-col\">\n<h2 class=\"wp-block-heading\">Geri<\/h2>\n\n\n\n<p>Minijaturni inkubator \u201cGeri\u201d raspola\u017ee individualno podesivim inkubacionim komorama za svaki embrij zasebno. Na taj na\u010din se mogu umanjiti utjecaji koji ometaju razvoj u ovom veoma ranom i osjetljivom stadiju i embriji se mogu u svom porastu optimalno podr\u017eati. Koncentracija kisika i vla\u017enost zraka se precizno regulira, a dodatno \u201cGeri\u201d pravi snimke embrija i na taj na\u010din se snima razvojni proces.<br><br>Radujemo se \u0161to smo, zahvaljuju\u0107i ovoj investiciji mogli pove\u0107ati ionako ve\u0107 visok standard na\u0161eg laboratorija i \u0161to Vas jo\u0161 uspje\u0161nije mo\u017eemo podr\u017eati na Va\u0161em putu do Va\u0161eg \u017eeljenog djeteta.<\/p>\n<\/div><\/div>\n\n<\/div><\/div>\n\n<style>.wp-block-kadence-spacer.kt-block-spacer-_684bfc-96 .kt-block-spacer{height:60px;}.wp-block-kadence-spacer.kt-block-spacer-_684bfc-96 .kt-divider{border-top-width:1px;height:1px;border-top-color:#eee;width:80%;border-top-style:solid;}<\/style>\n<div class=\"wp-block-kadence-spacer aligncenter kt-block-spacer-_684bfc-96\"><div class=\"kt-block-spacer kt-block-spacer-halign-center\"><\/div><\/div>\n\n\n<style>.kb-row-layout-id_c6cbfb-fc > .kt-row-column-wrap{align-content:start;}:where(.kb-row-layout-id_c6cbfb-fc > .kt-row-column-wrap) > .wp-block-kadence-column{justify-content:start;}.kb-row-layout-id_c6cbfb-fc > .kt-row-column-wrap{column-gap:80px;row-gap:var(--global-kb-gap-md, 2rem);padding-top:var(--global-kb-spacing-sm, 1.5rem);padding-bottom:var(--global-kb-spacing-sm, 1.5rem);grid-template-columns:repeat(2, minmax(0, 1fr));}.kb-row-layout-id_c6cbfb-fc > .kt-row-layout-overlay{opacity:0.30;}@media all and (max-width: 1024px){.kb-row-layout-id_c6cbfb-fc > .kt-row-column-wrap{grid-template-columns:repeat(2, minmax(0, 1fr));}}@media all and (max-width: 767px){.kb-row-layout-id_c6cbfb-fc > .kt-row-column-wrap{grid-template-columns:minmax(0, 1fr);}}<\/style><div class=\"kb-row-layout-wrap kb-row-layout-id_c6cbfb-fc alignnone wp-block-kadence-rowlayout\"><div class=\"kt-row-column-wrap kt-has-2-columns kt-row-layout-equal kt-tab-layout-inherit kt-mobile-layout-row kt-row-valign-top\">\n<style>.kadence-column_55d6eb-3a > .kt-inside-inner-col,.kadence-column_55d6eb-3a > .kt-inside-inner-col:before{border-top-left-radius:0px;border-top-right-radius:0px;border-bottom-right-radius:0px;border-bottom-left-radius:0px;}.kadence-column_55d6eb-3a > .kt-inside-inner-col{column-gap:var(--global-kb-gap-sm, 1rem);}.kadence-column_55d6eb-3a > .kt-inside-inner-col{flex-direction:column;}.kadence-column_55d6eb-3a > .kt-inside-inner-col > .aligncenter{width:100%;}.kadence-column_55d6eb-3a > .kt-inside-inner-col:before{opacity:0.3;}.kadence-column_55d6eb-3a{text-align:center;}.kadence-column_55d6eb-3a{position:relative;}@media all and (max-width: 1024px){.kadence-column_55d6eb-3a > .kt-inside-inner-col{flex-direction:column;justify-content:center;}}@media all and (max-width: 767px){.kadence-column_55d6eb-3a > .kt-inside-inner-col{flex-direction:column;justify-content:center;}}<\/style>\n<div class=\"wp-block-kadence-column kadence-column_55d6eb-3a inner-column-1\"><div class=\"kt-inside-inner-col\">\n<figure class=\"wp-block-image size-large is-style-rounded fancy__img-bubble fancy__img-bubble--primary fancy__img-bubble--right fancy__img-bubble--low\"><img loading=\"lazy\" decoding=\"async\" width=\"1024\" height=\"1024\" src=\"https:\/\/www.kinderwunsch-institut.at\/wp-content\/uploads\/2023\/09\/InkubatorEmbryoskop-1024x1024.jpg\" alt=\"Embryoskop+\" class=\"wp-image-59587\" srcset=\"https:\/\/www.kinderwunsch-institut.at\/wp-content\/uploads\/2023\/09\/InkubatorEmbryoskop-1024x1024.jpg 1024w, https:\/\/www.kinderwunsch-institut.at\/wp-content\/uploads\/2023\/09\/InkubatorEmbryoskop-300x300.jpg 300w, https:\/\/www.kinderwunsch-institut.at\/wp-content\/uploads\/2023\/09\/InkubatorEmbryoskop-150x150.jpg 150w, https:\/\/www.kinderwunsch-institut.at\/wp-content\/uploads\/2023\/09\/InkubatorEmbryoskop-768x768.jpg 768w, https:\/\/www.kinderwunsch-institut.at\/wp-content\/uploads\/2023\/09\/InkubatorEmbryoskop-40x40.jpg 40w, https:\/\/www.kinderwunsch-institut.at\/wp-content\/uploads\/2023\/09\/InkubatorEmbryoskop.jpg 1168w\" sizes=\"auto, (max-width: 1024px) 100vw, 1024px\" \/><\/figure>\n\n\n\n<p>Na\u0161 novi <strong>Embryoscope+<\/strong> nudi vi\u0161e prostora u inkubatoru.<\/p>\n<\/div><\/div>\n\n\n<style>.kadence-column_28b9ec-8c > .kt-inside-inner-col,.kadence-column_28b9ec-8c > .kt-inside-inner-col:before{border-top-left-radius:0px;border-top-right-radius:0px;border-bottom-right-radius:0px;border-bottom-left-radius:0px;}.kadence-column_28b9ec-8c > .kt-inside-inner-col{column-gap:var(--global-kb-gap-sm, 1rem);}.kadence-column_28b9ec-8c > .kt-inside-inner-col{flex-direction:column;}.kadence-column_28b9ec-8c > .kt-inside-inner-col > .aligncenter{width:100%;}.kadence-column_28b9ec-8c > .kt-inside-inner-col:before{opacity:0.3;}.kadence-column_28b9ec-8c{position:relative;}@media all and (max-width: 1024px){.kadence-column_28b9ec-8c > .kt-inside-inner-col{flex-direction:column;justify-content:center;}}@media all and (max-width: 767px){.kadence-column_28b9ec-8c > .kt-inside-inner-col{flex-direction:column;justify-content:center;}}<\/style>\n<div class=\"wp-block-kadence-column kadence-column_28b9ec-8c inner-column-2\"><div class=\"kt-inside-inner-col\">\n<h2 class=\"wp-block-heading\">Embrioskop+<\/h2>\n\n\n\n<p>Novi embrioskop tvrtke Vitrolife zove se Embryoscope+ i vrhunski je ure\u0111aj koji pove\u0107ava uspje\u0161nost \u017eeljene trudno\u0107e na 89%. Jer novi Embryoscope+ ima vi\u0161e mjesta u inkubatoru s 15 zdjelica (prethodni je imao samo 6 zdjelica). Ima pojedina\u010dne i manje inkubacijske komore za razliku od starijeg prethodnika iz 2008. s velikom komorom. Osim toga, postoje dvije razli\u010dite vrste ladica: ladice za kulture jaja za 8 embrija i grupne kulture za 16 embrija (njegov prethodnik imao je samo jednu vrstu ladica za ladice za kulture jaja za 12 embrija).<\/p>\n\n\n\n<p>To omogu\u0107uje brzi oporavak uvjeta kulture nakon otvaranja vrata i minimalizira promjene kulture za druge pacijente koji su u inkubatoru u isto vrijeme.<\/p>\n\n\n\n<p>I ovdje nova tehnologija svakih 12 minuta snima stanice - stvara se mali film. U ovome mo\u017eete vidjeti koliko brzo i, prije svega, kada prolaze razli\u010dite faze stani\u010dne diobe. To daje informacije o kvaliteti oplo\u0111ene stanice. Tada se u pacijentu koristi samo stanica s najoptimalnijim razvojem. To obja\u0161njava visoku stopu uspje\u0161nosti.<\/p>\n<\/div><\/div>\n\n<\/div><\/div>\n\n<style>.kb-row-layout-id_45960e-61 > .kt-row-column-wrap{align-content:start;}:where(.kb-row-layout-id_45960e-61 > .kt-row-column-wrap) > .wp-block-kadence-column{justify-content:start;}.kb-row-layout-id_45960e-61 > .kt-row-column-wrap{column-gap:80px;row-gap:var(--global-kb-gap-md, 2rem);padding-top:var(--global-kb-spacing-sm, 1.5rem);padding-bottom:var(--global-kb-spacing-sm, 1.5rem);grid-template-columns:repeat(2, minmax(0, 1fr));}.kb-row-layout-id_45960e-61 > .kt-row-layout-overlay{opacity:0.30;}@media all and (max-width: 1024px){.kb-row-layout-id_45960e-61 > .kt-row-column-wrap{grid-template-columns:repeat(2, minmax(0, 1fr));}}@media all and (max-width: 767px){.kb-row-layout-id_45960e-61 > .kt-row-column-wrap{grid-template-columns:minmax(0, 1fr);}}<\/style><div class=\"kb-row-layout-wrap kb-row-layout-id_45960e-61 alignnone wp-block-kadence-rowlayout\"><div class=\"kt-row-column-wrap kt-has-2-columns kt-row-layout-equal kt-tab-layout-inherit kt-mobile-layout-row kt-row-valign-top\">\n<style>.kadence-column_e7e2ec-b5 > .kt-inside-inner-col,.kadence-column_e7e2ec-b5 > .kt-inside-inner-col:before{border-top-left-radius:0px;border-top-right-radius:0px;border-bottom-right-radius:0px;border-bottom-left-radius:0px;}.kadence-column_e7e2ec-b5 > .kt-inside-inner-col{column-gap:var(--global-kb-gap-sm, 1rem);}.kadence-column_e7e2ec-b5 > .kt-inside-inner-col{flex-direction:column;}.kadence-column_e7e2ec-b5 > .kt-inside-inner-col > .aligncenter{width:100%;}.kadence-column_e7e2ec-b5 > .kt-inside-inner-col:before{opacity:0.3;}.kadence-column_e7e2ec-b5{text-align:center;}.kadence-column_e7e2ec-b5{position:relative;}@media all and (max-width: 1024px){.kadence-column_e7e2ec-b5 > .kt-inside-inner-col{flex-direction:column;justify-content:center;}}@media all and (max-width: 767px){.kadence-column_e7e2ec-b5 > .kt-inside-inner-col{flex-direction:column;justify-content:center;}}<\/style>\n<div class=\"wp-block-kadence-column kadence-column_e7e2ec-b5 inner-column-1\"><div class=\"kt-inside-inner-col\">\n<h3 class=\"has-text-align-center wp-block-heading\">Embrioskop - razvoj do blastociste<\/h3>\n\n\n\n<iframe loading=\"lazy\" width=\"560\" height=\"315\" src=\"https:\/\/www.youtube-nocookie.com\/embed\/vtUidvSXIok\" title=\"YouTube video player\" frameborder=\"0\" allow=\"accelerometer; autoplay; clipboard-write; encrypted-media; gyroscope; picture-in-picture\" allowfullscreen=\"\"><\/iframe>\n<\/div><\/div>\n\n\n<style>.kadence-column_3a71f5-12 > .kt-inside-inner-col,.kadence-column_3a71f5-12 > .kt-inside-inner-col:before{border-top-left-radius:0px;border-top-right-radius:0px;border-bottom-right-radius:0px;border-bottom-left-radius:0px;}.kadence-column_3a71f5-12 > .kt-inside-inner-col{column-gap:var(--global-kb-gap-sm, 1rem);}.kadence-column_3a71f5-12 > .kt-inside-inner-col{flex-direction:column;}.kadence-column_3a71f5-12 > .kt-inside-inner-col > .aligncenter{width:100%;}.kadence-column_3a71f5-12 > .kt-inside-inner-col:before{opacity:0.3;}.kadence-column_3a71f5-12{text-align:center;}.kadence-column_3a71f5-12{position:relative;}@media all and (max-width: 1024px){.kadence-column_3a71f5-12 > .kt-inside-inner-col{flex-direction:column;justify-content:center;}}@media all and (max-width: 767px){.kadence-column_3a71f5-12 > .kt-inside-inner-col{flex-direction:column;justify-content:center;}}<\/style>\n<div class=\"wp-block-kadence-column kadence-column_3a71f5-12 inner-column-2\"><div class=\"kt-inside-inner-col\">\n<h3 class=\"has-text-align-center wp-block-heading\">Embrioskop - razvoj embrija sve do 8-stani\u010dnog stadija<\/h3>\n\n\n\n<iframe loading=\"lazy\" width=\"560\" height=\"315\" src=\"https:\/\/www.youtube-nocookie.com\/embed\/dOnMA2h47oc\" title=\"YouTube video player\" frameborder=\"0\" allow=\"accelerometer; autoplay; clipboard-write; encrypted-media; gyroscope; picture-in-picture\" allowfullscreen=\"\"><\/iframe>\n<\/div><\/div>\n\n<\/div><\/div>","protected":false},"excerpt":{"rendered":"<p>Najmodernije tehnologijepru\u017eaju parovima bez djece nadu \u201cGeri\u201d iz Merck Serono pove\u0107ava preciznost procesa, a time i Va\u0161u \u0161ansu za trudno\u0107u, a sada je postao neizostavan element na\u0161eg rada. Ure\u0111aj za vitrifikaciju i time-lapse tehnologiju mo\u017eete prona\u0107i u embriolo\u0161kom laboratoriju Instituta Kinderwunsch. Kao na\u0161 novi Embryoscope+, s vi\u0161e prostora u inkubatoru. To osigurava maksimalnu preciznost u [&hellip;]<\/p>\n","protected":false},"author":2,"featured_media":0,"parent":57557,"menu_order":5,"comment_status":"closed","ping_status":"closed","template":"","meta":{"_acf_changed":false,"inline_featured_image":false,"_kad_blocks_custom_css":"","_kad_blocks_head_custom_js":"","_kad_blocks_body_custom_js":"","_kad_blocks_footer_custom_js":"","footnotes":""},"class_list":["post-57569","page","type-page","status-publish","hentry"],"acf":[],"featured_image_src_large":false,"author_info":{"display_name":"content","author_link":"https:\/\/www.kinderwunsch-institut.at\/hr\/author\/content\/"},"comment_info":0,"taxonomy_info":[],"_links":{"self":[{"href":"https:\/\/www.kinderwunsch-institut.at\/hr\/wp-json\/wp\/v2\/pages\/57569","targetHints":{"allow":["GET"]}}],"collection":[{"href":"https:\/\/www.kinderwunsch-institut.at\/hr\/wp-json\/wp\/v2\/pages"}],"about":[{"href":"https:\/\/www.kinderwunsch-institut.at\/hr\/wp-json\/wp\/v2\/types\/page"}],"author":[{"embeddable":true,"href":"https:\/\/www.kinderwunsch-institut.at\/hr\/wp-json\/wp\/v2\/users\/2"}],"replies":[{"embeddable":true,"href":"https:\/\/www.kinderwunsch-institut.at\/hr\/wp-json\/wp\/v2\/comments?post=57569"}],"version-history":[{"count":15,"href":"https:\/\/www.kinderwunsch-institut.at\/hr\/wp-json\/wp\/v2\/pages\/57569\/revisions"}],"predecessor-version":[{"id":59623,"href":"https:\/\/www.kinderwunsch-institut.at\/hr\/wp-json\/wp\/v2\/pages\/57569\/revisions\/59623"}],"up":[{"embeddable":true,"href":"https:\/\/www.kinderwunsch-institut.at\/hr\/wp-json\/wp\/v2\/pages\/57557"}],"wp:attachment":[{"href":"https:\/\/www.kinderwunsch-institut.at\/hr\/wp-json\/wp\/v2\/media?parent=57569"}],"curies":[{"name":"wp","href":"https:\/\/api.w.org\/{rel}","templated":true}]}}