{"id":57567,"date":"2021-12-21T15:08:49","date_gmt":"2021-12-21T14:08:49","guid":{"rendered":"https:\/\/www.kinderwunsch-institut.at\/behandlungsmethoden\/tese-tesa\/"},"modified":"2023-03-21T16:37:32","modified_gmt":"2023-03-21T15:37:32","slug":"tese-tesa","status":"publish","type":"page","link":"https:\/\/www.kinderwunsch-institut.at\/hr\/metode-medicinski-potpomognute-oplodnje\/tese-tesa\/","title":{"rendered":"TESE \/ TESA"},"content":{"rendered":"<style>#kt-layout-id_8fac51-7a > .kt-row-column-wrap{align-content:start;}:where(#kt-layout-id_8fac51-7a > .kt-row-column-wrap) > .wp-block-kadence-column{justify-content:start;}#kt-layout-id_8fac51-7a > .kt-row-column-wrap{column-gap:80px;row-gap:var(--global-kb-gap-md, 2rem);padding-top:var( --global-kb-row-default-top, 25px );padding-bottom:var( --global-kb-row-default-bottom, 25px );padding-bottom:0px;grid-template-columns:minmax(0, 2fr) minmax(0, 1fr);}#kt-layout-id_8fac51-7a > .kt-row-layout-overlay{opacity:0.30;}@media all and (max-width: 1024px){#kt-layout-id_8fac51-7a > .kt-row-column-wrap{grid-template-columns:minmax(0, 2fr) minmax(0, 1fr);}}@media all and (max-width: 767px){#kt-layout-id_8fac51-7a > .kt-row-column-wrap{grid-template-columns:minmax(0, 1fr);}}<\/style>\n<div class=\"wp-block-kadence-rowlayout alignnone\"><div id=\"kt-layout-id_8fac51-7a\" class=\"kt-row-layout-inner kt-layout-id_8fac51-7a\"><div class=\"kt-row-column-wrap kt-has-2-columns kt-gutter-widest kt-v-gutter-default kt-row-valign-top kt-row-layout-left-golden kt-tab-layout-inherit kt-m-colapse-left-to-right kt-mobile-layout-row\"><style>.kadence-column_ee1c94-87 > .kt-inside-inner-col{border-top-width:0px;border-right-width:0px;border-bottom-width:0px;border-left-width:0px;}.kadence-column_ee1c94-87 > .kt-inside-inner-col,.kadence-column_ee1c94-87 > .kt-inside-inner-col:before{border-top-left-radius:0px;border-top-right-radius:0px;border-bottom-right-radius:0px;border-bottom-left-radius:0px;}.kadence-column_ee1c94-87 > .kt-inside-inner-col{column-gap:var(--global-kb-gap-sm, 1rem);}.kadence-column_ee1c94-87 > .kt-inside-inner-col{flex-direction:column;}.kadence-column_ee1c94-87 > .kt-inside-inner-col > .aligncenter{width:100%;}.kadence-column_ee1c94-87 > .kt-inside-inner-col:before{opacity:0.3;}.kadence-column_ee1c94-87{position:relative;}@media all and (max-width: 1024px){.kadence-column_ee1c94-87 > .kt-inside-inner-col{flex-direction:column;justify-content:center;}}@media all and (max-width: 767px){.kadence-column_ee1c94-87 > .kt-inside-inner-col{flex-direction:column;justify-content:center;}}<\/style>\n<div class=\"wp-block-kadence-column inner-column-1 kadence-column_ee1c94-87\"><div class=\"kt-inside-inner-col\">\n<h1 class=\"wp-block-heading\">Terapija sa <br>TESA\/TESE<\/h1>\n\n\n\n<p>U slu\u010daju da postoji premalo zdravih sjemenih stanica ili kod lo\u0161eg nalaza sjemena mo\u017ee se uzeti u obzir metoda TESA (testikularna aspiracija spermija) ili TESE (testikularna ekstrakcija, tj. izolacija spermija). Kod opstrukcije sjemenovoda ili ukoliko nedostaju sjemenovodi radi genetske smetnje, ili se u ejakulatu ne nalaze spermije, mogu\u0107e je dobiti sjeme malim operativnim zahvatom iz sjemenika ili pasjemenika.<\/p>\n<\/div><\/div>\n\n\n<style>.kadence-column_04f01e-0b > .kt-inside-inner-col{border-top-width:0px;border-right-width:0px;border-bottom-width:0px;border-left-width:0px;}.kadence-column_04f01e-0b > .kt-inside-inner-col,.kadence-column_04f01e-0b > .kt-inside-inner-col:before{border-top-left-radius:0px;border-top-right-radius:0px;border-bottom-right-radius:0px;border-bottom-left-radius:0px;}.kadence-column_04f01e-0b > .kt-inside-inner-col{column-gap:var(--global-kb-gap-sm, 1rem);}.kadence-column_04f01e-0b > .kt-inside-inner-col{flex-direction:column;}.kadence-column_04f01e-0b > .kt-inside-inner-col > .aligncenter{width:100%;}.kadence-column_04f01e-0b > .kt-inside-inner-col:before{opacity:0.3;}.kadence-column_04f01e-0b{position:relative;}@media all and (max-width: 1024px){.kadence-column_04f01e-0b > .kt-inside-inner-col{flex-direction:column;justify-content:center;}}@media all and (max-width: 767px){.kadence-column_04f01e-0b > .kt-inside-inner-col{flex-direction:column;justify-content:center;}}<\/style>\n<div class=\"wp-block-kadence-column inner-column-2 kadence-column_04f01e-0b\"><div class=\"kt-inside-inner-col\">\n<figure class=\"wp-block-image aligncenter size-large is-style-rounded\"><img loading=\"lazy\" decoding=\"async\" width=\"1024\" height=\"1024\" src=\"https:\/\/www.kinderwunsch-institut.at\/wp-content\/uploads\/2022\/07\/TESA-1024x1024.jpg\" alt=\"\" class=\"wp-image-1942\" srcset=\"https:\/\/www.kinderwunsch-institut.at\/wp-content\/uploads\/2022\/07\/TESA-1024x1024.jpg 1024w, https:\/\/www.kinderwunsch-institut.at\/wp-content\/uploads\/2022\/07\/TESA-300x300.jpg 300w, https:\/\/www.kinderwunsch-institut.at\/wp-content\/uploads\/2022\/07\/TESA-150x150.jpg 150w, https:\/\/www.kinderwunsch-institut.at\/wp-content\/uploads\/2022\/07\/TESA-768x768.jpg 768w, https:\/\/www.kinderwunsch-institut.at\/wp-content\/uploads\/2022\/07\/TESA-40x40.jpg 40w, https:\/\/www.kinderwunsch-institut.at\/wp-content\/uploads\/2022\/07\/TESA.jpg 1110w\" sizes=\"auto, (max-width: 1024px) 100vw, 1024px\" \/><\/figure>\n\n\n\n<div class=\"wp-block-buttons is-horizontal is-content-justification-center is-layout-flex wp-container-core-buttons-is-layout-499968f5 wp-block-buttons-is-layout-flex\">\n<div class=\"wp-block-button kiwi__back-button\"><a class=\"wp-block-button__link wp-element-button\" href=\"https:\/\/www.kinderwunsch-institut.at\/behandlungsmethoden\/\">NAZAD NA PREGLED<\/a><\/div>\n<\/div>\n<\/div><\/div>\n<\/div><\/div><\/div>\n\n\n<style>#kt-layout-id_b8c448-fd > .kt-row-column-wrap{align-content:start;}:where(#kt-layout-id_b8c448-fd > .kt-row-column-wrap) > .wp-block-kadence-column{justify-content:start;}#kt-layout-id_b8c448-fd > .kt-row-column-wrap{column-gap:var(--global-kb-gap-md, 2rem);row-gap:var(--global-kb-gap-md, 2rem);padding-top:var( --global-kb-row-default-top, 25px );padding-bottom:var( --global-kb-row-default-bottom, 25px );padding-top:var(--global-kb-spacing-sm, 1.5rem);padding-bottom:var(--global-kb-spacing-sm, 1.5rem);grid-template-columns:minmax(0, 2fr) minmax(0, 1fr);}#kt-layout-id_b8c448-fd > .kt-row-layout-overlay{opacity:0.30;}@media all and (max-width: 1024px){#kt-layout-id_b8c448-fd > .kt-row-column-wrap{grid-template-columns:minmax(0, 2fr) minmax(0, 1fr);}}@media all and (max-width: 767px){#kt-layout-id_b8c448-fd > .kt-row-column-wrap{grid-template-columns:minmax(0, 1fr);}}<\/style>\n<div class=\"wp-block-kadence-rowlayout alignnone\"><div id=\"kt-layout-id_b8c448-fd\" class=\"kt-row-layout-inner kt-layout-id_b8c448-fd\"><div class=\"kt-row-column-wrap kt-has-2-columns kt-gutter-default kt-v-gutter-default kt-row-valign-top kt-row-layout-left-golden kt-tab-layout-inherit kt-m-colapse-left-to-right kt-mobile-layout-row\"><style>.kadence-column_2a1252-4d > .kt-inside-inner-col{border-top-width:0px;border-right-width:0px;border-bottom-width:0px;border-left-width:0px;}.kadence-column_2a1252-4d > .kt-inside-inner-col,.kadence-column_2a1252-4d > .kt-inside-inner-col:before{border-top-left-radius:0px;border-top-right-radius:0px;border-bottom-right-radius:0px;border-bottom-left-radius:0px;}.kadence-column_2a1252-4d > .kt-inside-inner-col{column-gap:var(--global-kb-gap-sm, 1rem);}.kadence-column_2a1252-4d > .kt-inside-inner-col{flex-direction:column;}.kadence-column_2a1252-4d > .kt-inside-inner-col > .aligncenter{width:100%;}.kadence-column_2a1252-4d > .kt-inside-inner-col:before{opacity:0.3;}.kadence-column_2a1252-4d{position:relative;}@media all and (max-width: 1024px){.kadence-column_2a1252-4d > .kt-inside-inner-col{flex-direction:column;justify-content:center;}}@media all and (max-width: 767px){.kadence-column_2a1252-4d > .kt-inside-inner-col{flex-direction:column;justify-content:center;}}<\/style>\n<div class=\"wp-block-kadence-column inner-column-1 kadence-column_2a1252-4d\"><div class=\"kt-inside-inner-col\">\n<h2 class=\"wp-block-heading\">Kako se vr\u0161i ekstrakcija kod biopsije tkiva sjemenika (TESE)?<\/h2>\n\n\n\n<p>Kod metode TESE (testikularna ekstrakcija, tj. izolacija spermija) se putem manjeg operativnog zahvata vr\u0161i biopsija i prikupljaju spermije iz tkiva sjemenika, koji se potom mogu koristiti za ICSI.. <\/p>\n\n\n\n<p>Ova metoda se koristi kod slijede\u0107ih nalaza:<\/p>\n\n\n\n<p>- azoospermija \u2013 nema spermija u ejakulatu<br>- aspermija \u2013 nema ejakulata <br>- kriptozoospermija \u2013 veoma mali broj spermija u ejakulatu<br>- nekrozoospermija \u2013 nema \u017eivih spermija u ejakulatu<\/p>\n\n\n\n<h2 class=\"wp-block-heading\">Kako se izvodi punkcija testisa (TESA)?<\/h2>\n\n\n\n<p>TESA je manje invazivna od TESE i mo\u017ee se koristiti, na primjer, ako je za\u010depljen sjemenovod.<\/p>\n\n\n\n<p>Nakon toga slijedi obrada u embriolo\u0161kom laboratoriju u kojoj se spermije lo\u0161ijeg kvaliteta odvajaju. U daljnjem tijeku zdrave sjemene stanice prolaze kroz va\u017ean postupak sazrijevanja te su na taj na\u010din sposobne za oplodnju.<\/p>\n\n\n\n<div style=\"height:50px\" aria-hidden=\"true\" class=\"wp-block-spacer\"><\/div>\n\n\n\n<div class=\"wp-block-buttons is-layout-flex wp-block-buttons-is-layout-flex\">\n<div class=\"wp-block-button aligncenter\"><a class=\"wp-block-button__link wp-element-button\" href=\"https:\/\/www.kinderwunsch-institut.at\/erstgespraech\/\">UGOVORITE TERMIN ZA PRVI SPECIJALISTI\u010cKI RAZGOVOR<\/a><\/div>\n<\/div>\n<\/div><\/div>\n\n\n<style>.kadence-column_76538a-2f > .kt-inside-inner-col{border-top-width:0px;border-right-width:0px;border-bottom-width:0px;border-left-width:0px;}.kadence-column_76538a-2f > .kt-inside-inner-col,.kadence-column_76538a-2f > .kt-inside-inner-col:before{border-top-left-radius:0px;border-top-right-radius:0px;border-bottom-right-radius:0px;border-bottom-left-radius:0px;}.kadence-column_76538a-2f > .kt-inside-inner-col{column-gap:var(--global-kb-gap-sm, 1rem);}.kadence-column_76538a-2f > .kt-inside-inner-col{flex-direction:column;}.kadence-column_76538a-2f > .kt-inside-inner-col > .aligncenter{width:100%;}.kadence-column_76538a-2f > .kt-inside-inner-col:before{opacity:0.3;}.kadence-column_76538a-2f{position:relative;}@media all and (max-width: 1024px){.kadence-column_76538a-2f > .kt-inside-inner-col{flex-direction:column;justify-content:center;}}@media all and (max-width: 767px){.kadence-column_76538a-2f > .kt-inside-inner-col{flex-direction:column;justify-content:center;}}<\/style>\n<div class=\"wp-block-kadence-column inner-column-2 kadence-column_76538a-2f\"><div class=\"kt-inside-inner-col\"><\/div><\/div>\n<\/div><\/div><\/div>\n\n\n\n<p><\/p>\n","protected":false},"excerpt":{"rendered":"<p>Terapija sa TESA\/TESE U slu\u010daju da postoji premalo zdravih sjemenih stanica ili kod lo\u0161eg nalaza sjemena mo\u017ee se uzeti u obzir metoda TESA (testikularna aspiracija spermija) ili TESE (testikularna ekstrakcija, tj. izolacija spermija). Kod opstrukcije sjemenovoda ili ukoliko nedostaju sjemenovodi radi genetske smetnje, ili se u ejakulatu ne nalaze spermije, mogu\u0107e je dobiti sjeme malim [&hellip;]<\/p>\n","protected":false},"author":2,"featured_media":0,"parent":57557,"menu_order":4,"comment_status":"closed","ping_status":"closed","template":"","meta":{"_acf_changed":false,"inline_featured_image":false,"_kad_blocks_custom_css":"","_kad_blocks_head_custom_js":"","_kad_blocks_body_custom_js":"","_kad_blocks_footer_custom_js":"","footnotes":""},"class_list":["post-57567","page","type-page","status-publish","hentry"],"acf":[],"featured_image_src_large":false,"author_info":{"display_name":"content","author_link":"https:\/\/www.kinderwunsch-institut.at\/hr\/author\/content\/"},"comment_info":0,"taxonomy_info":[],"_links":{"self":[{"href":"https:\/\/www.kinderwunsch-institut.at\/hr\/wp-json\/wp\/v2\/pages\/57567","targetHints":{"allow":["GET"]}}],"collection":[{"href":"https:\/\/www.kinderwunsch-institut.at\/hr\/wp-json\/wp\/v2\/pages"}],"about":[{"href":"https:\/\/www.kinderwunsch-institut.at\/hr\/wp-json\/wp\/v2\/types\/page"}],"author":[{"embeddable":true,"href":"https:\/\/www.kinderwunsch-institut.at\/hr\/wp-json\/wp\/v2\/users\/2"}],"replies":[{"embeddable":true,"href":"https:\/\/www.kinderwunsch-institut.at\/hr\/wp-json\/wp\/v2\/comments?post=57567"}],"version-history":[{"count":13,"href":"https:\/\/www.kinderwunsch-institut.at\/hr\/wp-json\/wp\/v2\/pages\/57567\/revisions"}],"predecessor-version":[{"id":57886,"href":"https:\/\/www.kinderwunsch-institut.at\/hr\/wp-json\/wp\/v2\/pages\/57567\/revisions\/57886"}],"up":[{"embeddable":true,"href":"https:\/\/www.kinderwunsch-institut.at\/hr\/wp-json\/wp\/v2\/pages\/57557"}],"wp:attachment":[{"href":"https:\/\/www.kinderwunsch-institut.at\/hr\/wp-json\/wp\/v2\/media?parent=57567"}],"curies":[{"name":"wp","href":"https:\/\/api.w.org\/{rel}","templated":true}]}}