{"id":57563,"date":"2022-05-27T05:46:05","date_gmt":"2022-05-27T03:46:05","guid":{"rendered":"https:\/\/www.kinderwunsch-institut.at\/behandlungsmethoden\/intrazytoplasmatische-spermien-injektion-icsi\/"},"modified":"2023-09-14T16:35:48","modified_gmt":"2023-09-14T14:35:48","slug":"intracitoplazmicna-injekcija-spermija-icsi","status":"publish","type":"page","link":"https:\/\/www.kinderwunsch-institut.at\/hr\/metode-medicinski-potpomognute-oplodnje\/intracitoplazmicna-injekcija-spermija-icsi\/","title":{"rendered":"Intracitoplazmi\u010dna injekcija spermija (ICSI)"},"content":{"rendered":"<style>.kb-row-layout-id_fb0898-f1 > .kt-row-column-wrap{align-content:start;}:where(.kb-row-layout-id_fb0898-f1 > .kt-row-column-wrap) > .wp-block-kadence-column{justify-content:start;}.kb-row-layout-id_fb0898-f1 > .kt-row-column-wrap{column-gap:80px;row-gap:var(--global-kb-gap-md, 2rem);padding-top:var(--global-kb-spacing-sm, 1.5rem);padding-bottom:var(--global-kb-spacing-sm, 1.5rem);grid-template-columns:minmax(0, calc(60% - ((80px * 1 )\/2)))minmax(0, calc(40% - ((80px * 1 )\/2)));}.kb-row-layout-id_fb0898-f1 > .kt-row-layout-overlay{opacity:0.30;}@media all and (max-width: 1024px){.kb-row-layout-id_fb0898-f1 > .kt-row-column-wrap{grid-template-columns:repeat(2, minmax(0, 1fr));}}@media all and (max-width: 767px){.kb-row-layout-id_fb0898-f1 > .kt-row-column-wrap{grid-template-columns:minmax(0, 1fr);}}<\/style><div class=\"kb-row-layout-wrap kb-row-layout-id_fb0898-f1 alignnone kiwi__fixed-right wp-block-kadence-rowlayout\"><div class=\"kt-row-column-wrap kt-has-2-columns kt-row-layout-equal kt-tab-layout-inherit kt-mobile-layout-row kt-row-valign-top\">\n<style>.kadence-column_a386fe-2c > .kt-inside-inner-col,.kadence-column_a386fe-2c > .kt-inside-inner-col:before{border-top-left-radius:0px;border-top-right-radius:0px;border-bottom-right-radius:0px;border-bottom-left-radius:0px;}.kadence-column_a386fe-2c > .kt-inside-inner-col{column-gap:var(--global-kb-gap-sm, 1rem);}.kadence-column_a386fe-2c > .kt-inside-inner-col{flex-direction:column;}.kadence-column_a386fe-2c > .kt-inside-inner-col > .aligncenter{width:100%;}.kadence-column_a386fe-2c > .kt-inside-inner-col:before{opacity:0.3;}.kadence-column_a386fe-2c{position:relative;}@media all and (max-width: 1024px){.kadence-column_a386fe-2c > .kt-inside-inner-col{flex-direction:column;justify-content:center;}}@media all and (max-width: 767px){.kadence-column_a386fe-2c > .kt-inside-inner-col{flex-direction:column;justify-content:center;}}<\/style>\n<div class=\"wp-block-kadence-column kadence-column_a386fe-2c inner-column-1\"><div class=\"kt-inside-inner-col\">\n<h1 class=\"wp-block-heading\">Terapija sa intracitoplazmi\u010dnom<br>injekcijom spermija (ICSI)<\/h1>\n\n\n\n<h3 class=\"wp-block-heading\">ICSI<\/h3>\n\n\n\n<p class=\"has-primary-darker-color has-text-color\">Intracitoplazmi\u010dna injekcija spermija (ICSI) sli\u010dna je po principu in-vitro-fertilizaciji jer i tu dolazi do oplodnje jajne stanice u petrijevoj zdjelici. Bitna razlika je u \u010dinjenici da se kod ICSI jedna sjemena stanica direktno injicira u jajnu stanicu.<\/p>\n\n\n\n<p class=\"has-primary-darker-color has-text-color\"><strong>Na koji na\u010din se vr\u0161i ICSI?<\/strong><\/p>\n\n\n\n<p class=\"has-primary-darker-color has-text-color\">Jajna stanica se pod mikroskopskim pove\u0107alom pridr\u017eava specijalnom pipetom, a spermij se pomo\u0107u druge specijalne pipete unosi u jajnu stanicu direktno kroz zonu pellucida. Ovaj postupak olak\u0161ava mnogostruko oplodnju i omogu\u0107uje istu i kod veoma lo\u0161eg nalaza sjemena. Potom se, prije nego \u0161to se nakon 2-5 dana izvr\u0161i transfer u maternicu, oplo\u0111ena jajna stanica i dalje razvija u specijalnom inkubatoru.<\/p>\n\n\n\n<p class=\"has-primary-darker-color has-text-color\">Zahvaljuju\u0107i specijalnoj timelapse-kameri, koja u redovnim razmacima snima embrione mogu\u0107e je izabrati onaj embrij koji se razvija na najbolji mogu\u0107i na\u010din i koji time ima najbolje \u0161anse da se uspje\u0161no ugnjezdi.<\/p>\n\n\n\n<p> <\/p>\n<\/div><\/div>\n\n\n<style>.kadence-column_590583-e6 > .kt-inside-inner-col,.kadence-column_590583-e6 > .kt-inside-inner-col:before{border-top-left-radius:0px;border-top-right-radius:0px;border-bottom-right-radius:0px;border-bottom-left-radius:0px;}.kadence-column_590583-e6 > .kt-inside-inner-col{column-gap:var(--global-kb-gap-sm, 1rem);}.kadence-column_590583-e6 > .kt-inside-inner-col{flex-direction:column;}.kadence-column_590583-e6 > .kt-inside-inner-col > .aligncenter{width:100%;}.kadence-column_590583-e6 > .kt-inside-inner-col:before{opacity:0.3;}.kadence-column_590583-e6{position:relative;}@media all and (max-width: 1024px){.kadence-column_590583-e6 > .kt-inside-inner-col{flex-direction:column;justify-content:center;}}@media all and (max-width: 767px){.kadence-column_590583-e6 > .kt-inside-inner-col{flex-direction:column;justify-content:center;}}<\/style>\n<div class=\"wp-block-kadence-column kadence-column_590583-e6 inner-column-2\"><div class=\"kt-inside-inner-col\">\n<figure class=\"wp-block-image aligncenter size-full is-style-rounded fancy__img-bubble fancy__img-bubble--primary\"><img loading=\"lazy\" decoding=\"async\" width=\"555\" height=\"555\" src=\"https:\/\/www.kinderwunsch-institut.at\/wp-content\/uploads\/2022\/06\/ICSI_Kinderwunsch_Institut_Schenk.jpg\" alt=\"\" class=\"wp-image-1784\" srcset=\"https:\/\/www.kinderwunsch-institut.at\/wp-content\/uploads\/2022\/06\/ICSI_Kinderwunsch_Institut_Schenk.jpg 555w, https:\/\/www.kinderwunsch-institut.at\/wp-content\/uploads\/2022\/06\/ICSI_Kinderwunsch_Institut_Schenk-300x300.jpg 300w, https:\/\/www.kinderwunsch-institut.at\/wp-content\/uploads\/2022\/06\/ICSI_Kinderwunsch_Institut_Schenk-150x150.jpg 150w, https:\/\/www.kinderwunsch-institut.at\/wp-content\/uploads\/2022\/06\/ICSI_Kinderwunsch_Institut_Schenk-40x40.jpg 40w\" sizes=\"auto, (max-width: 555px) 100vw, 555px\" \/><\/figure>\n\n\n\n<div class=\"wp-block-buttons is-horizontal is-content-justification-center is-layout-flex wp-container-core-buttons-is-layout-499968f5 wp-block-buttons-is-layout-flex\">\n<div class=\"wp-block-button kiwi__back-button\"><a class=\"wp-block-button__link wp-element-button\" href=\"https:\/\/www.kinderwunsch-institut.at\/hr\/metode-medicinski-potpomognute-oplodnje\/\">NAZAD NA PREGLED<\/a><\/div>\n<\/div>\n<\/div><\/div>\n\n<\/div><\/div>\n\n<style>.kb-row-layout-id_1fe7d1-72 > .kt-row-column-wrap{align-content:start;}:where(.kb-row-layout-id_1fe7d1-72 > .kt-row-column-wrap) > .wp-block-kadence-column{justify-content:start;}.kb-row-layout-id_1fe7d1-72 > .kt-row-column-wrap{column-gap:80px;row-gap:var(--global-kb-gap-md, 2rem);padding-top:25px;padding-bottom:60px;grid-template-columns:minmax(0, 1fr);}.kb-row-layout-id_1fe7d1-72 > .kt-row-layout-overlay{opacity:0.30;}@media all and (max-width: 1024px){.kb-row-layout-id_1fe7d1-72 > .kt-row-column-wrap{grid-template-columns:minmax(0, 1fr);}}@media all and (max-width: 767px){.kb-row-layout-id_1fe7d1-72 > .kt-row-column-wrap{grid-template-columns:minmax(0, 1fr);}}<\/style><div class=\"kb-row-layout-wrap kb-row-layout-id_1fe7d1-72 alignnone wp-block-kadence-rowlayout\"><div class=\"kt-row-column-wrap kt-has-1-columns kt-row-layout-equal kt-tab-layout-inherit kt-mobile-layout-row kt-row-valign-top\">\n<style>.kadence-column_94b88f-72 > .kt-inside-inner-col,.kadence-column_94b88f-72 > .kt-inside-inner-col:before{border-top-left-radius:0px;border-top-right-radius:0px;border-bottom-right-radius:0px;border-bottom-left-radius:0px;}.kadence-column_94b88f-72 > .kt-inside-inner-col{column-gap:var(--global-kb-gap-sm, 1rem);}.kadence-column_94b88f-72 > .kt-inside-inner-col{flex-direction:column;}.kadence-column_94b88f-72 > .kt-inside-inner-col > .aligncenter{width:100%;}.kadence-column_94b88f-72 > .kt-inside-inner-col:before{opacity:0.3;}.kadence-column_94b88f-72{position:relative;}@media all and (max-width: 1024px){.kadence-column_94b88f-72 > .kt-inside-inner-col{flex-direction:column;justify-content:center;}}@media all and (max-width: 767px){.kadence-column_94b88f-72 > .kt-inside-inner-col{flex-direction:column;justify-content:center;}}<\/style>\n<div class=\"wp-block-kadence-column kadence-column_94b88f-72 inner-column-1\"><div class=\"kt-inside-inner-col\">\n<h2 class=\"wp-block-heading\">Kada metoda ICSI za mene dolazi u obzir?<\/h2>\n\n\n\n<p>Jasna indikacija za ICSI je lo\u0161 nalaz sjemena mu\u0161karca. \u0160to zna\u010di, ukoliko postoji prenizak broj zdravih spermija (sjemenih stanica), nalaz pokazuje ograni\u010denu pokretljivost ili povi\u0161en postotak anomalija sjemenih stanica, tada intracitoplazmi\u010dka injekcija spermija mo\u017ee biti optimalna mogu\u0107nost terapije.<\/p>\n\n\n\n<p>Kod za\u010depljenih sjemenovoda ili ukoliko isti nedostaju na osnovu genetskog poreme\u0107aja, ili se u ejakulatu ne na\u0111u spermije, tada se spermij (sjeme) mo\u017ee dobiti putem malog operativnog zahvata iz sjemenika ili iz epididimisa. Navedeno se vr\u0161i ili putem metode TESE (uzimanje tkiva sjemenika) ili TESA (punkcija sjemenika).<\/p>\n\n\n\n<p>Potom se se vr\u0161i obrada u embriolo\u0161kom laboratoriju pri kojoj se izdvajaju spermiji ni\u017eeg kvaliteta. Na taj na\u010din zdrave mu\u0161ke sjemene stanice prolaze bitan postupak sazrijevanja, te su time sposobne za oplo\u0111ivanje. Navedena terapijska metoda omogu\u0107uje mu\u0161karcu da dobije dijete sa svojim genetskim nasljednim osobinama.<\/p>\n\n\n\n<p>Mu\u0161ke spolne stanice koje ponajprije nisu potrebne se kod nas zamrzavaju, te stoje na raspolaganje za eventualnu naknadnu oplodnju u nekom drugom vremenskom periodu.<\/p>\n\n\n\n<h2 class=\"wp-block-heading\">Kolika je vjerojatno\u0107a da se postigne trudno\u0107a?<\/h2>\n\n\n\n<p>U zavisnosti o starosnoj dobi partnera, op\u0161irnih rezultata pregleda i uzimaju\u0107i u obzir druge odlu\u010duju\u0107e faktore kao \u0161to su: stres, konzumiranje alkohola i cigareta, prekomjerna te\u017eina, postotak vjerojatnosti za trudno\u0107u iznosi preko 40 posto po ciklusu.<\/p>\n<\/div><\/div>\n\n<\/div><\/div>\n\n<style>.kb-row-layout-id_3908a1-7b > .kt-row-column-wrap{align-content:start;}:where(.kb-row-layout-id_3908a1-7b > .kt-row-column-wrap) > .wp-block-kadence-column{justify-content:start;}.kb-row-layout-id_3908a1-7b > .kt-row-column-wrap{column-gap:80px;row-gap:var(--global-kb-gap-md, 2rem);padding-top:25px;padding-bottom:0px;grid-template-columns:minmax(0, 2fr) minmax(0, 1fr);}.kb-row-layout-id_3908a1-7b > .kt-row-layout-overlay{opacity:0.30;}@media all and (max-width: 1024px){.kb-row-layout-id_3908a1-7b > .kt-row-column-wrap{grid-template-columns:minmax(0, 1fr);}}@media all and (max-width: 767px){.kb-row-layout-id_3908a1-7b > .kt-row-column-wrap{grid-template-columns:minmax(0, 1fr);}}<\/style><div class=\"kb-row-layout-wrap kb-row-layout-id_3908a1-7b alignnone kiwi__fixed-right wp-block-kadence-rowlayout\"><div class=\"kt-row-column-wrap kt-has-2-columns kt-row-layout-left-golden kt-tab-layout-row kt-mobile-layout-row kt-row-valign-top\">\n<style>.kadence-column_1d740d-1d > .kt-inside-inner-col,.kadence-column_1d740d-1d > .kt-inside-inner-col:before{border-top-left-radius:0px;border-top-right-radius:0px;border-bottom-right-radius:0px;border-bottom-left-radius:0px;}.kadence-column_1d740d-1d > .kt-inside-inner-col{column-gap:var(--global-kb-gap-sm, 1rem);}.kadence-column_1d740d-1d > .kt-inside-inner-col{flex-direction:column;}.kadence-column_1d740d-1d > .kt-inside-inner-col > .aligncenter{width:100%;}.kadence-column_1d740d-1d > .kt-inside-inner-col:before{opacity:0.3;}.kadence-column_1d740d-1d{position:relative;}@media all and (max-width: 1024px){.kadence-column_1d740d-1d > .kt-inside-inner-col{flex-direction:column;justify-content:center;}}@media all and (max-width: 767px){.kadence-column_1d740d-1d > .kt-inside-inner-col{flex-direction:column;justify-content:center;}}<\/style>\n<div class=\"wp-block-kadence-column kadence-column_1d740d-1d inner-column-1\"><div class=\"kt-inside-inner-col\">\n<h2 class=\"wp-block-heading\">PICSI metoda<\/h2>\n\n\n\n<h3 class=\"wp-block-heading\">Primjena za selekciju<br>i ocjenu spermija<\/h3>\n\n\n\n<p>Primjena za selekciju i ocjenu spermijaPICSI Ovaj fiziolo\u0161ki postupak odabira spermija, imitira se pomo\u0107u hijaluronske kiseline u petrijevoj zdjelici. Na taj na\u010din se vr\u0161i selekcija zrelih spermija i to samo onih koji se ve\u017eu za hijaluronsku kiselinu tj., vr\u0161i se odabir samo onih spermija koji su razvili receptore i koji su zreli, te se isti nakon odabira upotrebljavaju za oplodnju putem ICSI metode \u2013 fiziolo\u0161ka metoda potpomognute oplodnje \u2013ili PICSI.<\/p>\n\n\n\n<h3 class=\"wp-block-heading\">Indikacija<\/h3>\n\n\n\n<p>Znanstvene studije pokazuju da sjemene stanice s receptorima i odgovaraju\u0107om zrelo\u0161\u0107u imaju ve\u0107i integritet DNK. Glavna indikacija je isklju\u010divo upadljiv nalaz sjemena, ali je svakako potreban minimalan broj pokretnih sjemenih stanica. Zabilje\u017eeni su uspjesi u skupini pacijenata koji su imali vi\u0161e neuspje\u0161nih IVF postupaka ili ponovljene spontane poba\u010daje.<\/p>\n\n\n\n<h3 class=\"wp-block-heading\">Primjena za ocjenu spermija<\/h3>\n\n\n\n<p>Hijaluronska kiselina se ne primjenjue samo za PICSI tehniku, ve\u0107 se uz pomo\u0107 hijaluronske kiseline mo\u017ee izvr\u0161iti i ocjena kvalitete izvornog uzorka sjemena \u2013 testom za utvr\u0111ivanje sposobnosti zrelih spermija da se ve\u017eu za hijaluronan \u2013 \u0161to Vam u okviru razja\u0161njenja neplodnosti mo\u017eemo ponuditi. Pomo\u0107u PICSI petrijeve zdjelice se utvr\u0111uje udio zrelih spermija u ejakulatu, koji su razvili receptore, da bismo Vam mogli dati preporuku za daljnju terapiju. U video analizi se pored spermatozoida koji slobodno plivaju u njihovom okru\u017eenju i u podru\u010dju hijaluronske kiseline (areal kru\u017enog oblika) vidljive sjemene stanice koje su, svojim receptorima koji se nalaze na glavi, vezani za hijaluronsku kiselinu na dnu zdjelice, a repovi se jo\u0161 uvijek okre\u0107u oko svoje uzdu\u017ene osi. Te se sjemene stanice u toku testa za sposobnosti vezivanja odabiru i koriste kod PICSI metode za oplodnju jajnih stanica.<\/p>\n\n\n\n<h2 class=\"wp-block-heading\">Na koji na\u010din funkcionira PICSI?<\/h2>\n\n\n\n<p>PICSI tehnika se vr\u0161i u petrijevoj zdjelici u kojoj se nalazi hijaluronska kiselina. Hijaluronska kiselina se nalazi fiziolo\u0161ki u direktnom okru\u017eenju jaja\u0161aca. Nema stoga nikakvog negativnog sporednog u\u010dinka, niti na sjemene stanice, a niti na jajne stanice. Samo zreli spmeriji imaju komplementarne receptore, da bi se vezali uz hijaluronsku kiselinu. Time priroda osigurava da samo zrele sjemene stanice prodru do jaja\u0161aca.<\/p>\n<\/div><\/div>\n\n\n<style>.kadence-column_6f751e-04 > .kt-inside-inner-col,.kadence-column_6f751e-04 > .kt-inside-inner-col:before{border-top-left-radius:0px;border-top-right-radius:0px;border-bottom-right-radius:0px;border-bottom-left-radius:0px;}.kadence-column_6f751e-04 > .kt-inside-inner-col{column-gap:var(--global-kb-gap-sm, 1rem);}.kadence-column_6f751e-04 > .kt-inside-inner-col{flex-direction:column;}.kadence-column_6f751e-04 > .kt-inside-inner-col > .aligncenter{width:100%;}.kadence-column_6f751e-04 > .kt-inside-inner-col:before{opacity:0.3;}.kadence-column_6f751e-04{text-align:center;}.kadence-column_6f751e-04{position:relative;}@media all and (max-width: 1024px){.kadence-column_6f751e-04 > .kt-inside-inner-col{flex-direction:column;justify-content:center;}}@media all and (max-width: 767px){.kadence-column_6f751e-04 > .kt-inside-inner-col{flex-direction:column;justify-content:center;}}<\/style>\n<div class=\"wp-block-kadence-column kadence-column_6f751e-04 inner-column-2\"><div class=\"kt-inside-inner-col\">\n<figure class=\"wp-block-image aligncenter size-full is-style-rounded\"><img loading=\"lazy\" decoding=\"async\" width=\"555\" height=\"555\" src=\"https:\/\/www.kinderwunsch-institut.at\/wp-content\/uploads\/2022\/06\/PICSI_Kinderwunsch_Institut_Schenk.jpg\" alt=\"\" class=\"wp-image-1795\" srcset=\"https:\/\/www.kinderwunsch-institut.at\/wp-content\/uploads\/2022\/06\/PICSI_Kinderwunsch_Institut_Schenk.jpg 555w, https:\/\/www.kinderwunsch-institut.at\/wp-content\/uploads\/2022\/06\/PICSI_Kinderwunsch_Institut_Schenk-300x300.jpg 300w, https:\/\/www.kinderwunsch-institut.at\/wp-content\/uploads\/2022\/06\/PICSI_Kinderwunsch_Institut_Schenk-150x150.jpg 150w, https:\/\/www.kinderwunsch-institut.at\/wp-content\/uploads\/2022\/06\/PICSI_Kinderwunsch_Institut_Schenk-40x40.jpg 40w\" sizes=\"auto, (max-width: 555px) 100vw, 555px\" \/><figcaption class=\"wp-element-caption\">Fiziolo\u0161ka ICSI ili PICSI postupkom se opona\u0161a klju\u010dni korak u procesu prirodne oplodnje i vezivanje zrelih spermija za jajnu stanicu, te pretstavlja metodu za selekciju i ocjenu sjemenih stanica, sli\u010dna procesu prirodne oplodnje.<\/figcaption><\/figure>\n<\/div><\/div>\n\n<\/div><\/div>\n\n<style>.wp-block-kadence-spacer.kt-block-spacer-_a21db5-a0 .kt-block-spacer{height:40px;}.wp-block-kadence-spacer.kt-block-spacer-_a21db5-a0 .kt-divider{border-top-width:1px;height:1px;border-top-color:#eee;width:80%;border-top-style:solid;}<\/style>\n<div class=\"wp-block-kadence-spacer aligncenter kt-block-spacer-_a21db5-a0\"><div class=\"kt-block-spacer kt-block-spacer-halign-center\"><\/div><\/div>\n\n\n<style>.kb-row-layout-id_e81eed-b9 > .kt-row-column-wrap{align-content:start;}:where(.kb-row-layout-id_e81eed-b9 > .kt-row-column-wrap) > .wp-block-kadence-column{justify-content:start;}.kb-row-layout-id_e81eed-b9 > .kt-row-column-wrap{column-gap:var(--global-kb-gap-md, 2rem);row-gap:var(--global-kb-gap-md, 2rem);padding-top:var(--global-kb-spacing-sm, 1.5rem);padding-bottom:var(--global-kb-spacing-sm, 1.5rem);grid-template-columns:minmax(0, 1fr);}.kb-row-layout-id_e81eed-b9 > .kt-row-layout-overlay{opacity:0.30;}@media all and (max-width: 1024px){.kb-row-layout-id_e81eed-b9 > .kt-row-column-wrap{grid-template-columns:minmax(0, 1fr);}}@media all and (max-width: 767px){.kb-row-layout-id_e81eed-b9 > .kt-row-column-wrap{grid-template-columns:minmax(0, 1fr);}}<\/style><div class=\"kb-row-layout-wrap kb-row-layout-id_e81eed-b9 alignnone wp-block-kadence-rowlayout\"><div class=\"kt-row-column-wrap kt-has-1-columns kt-row-layout-equal kt-tab-layout-inherit kt-mobile-layout-row kt-row-valign-top\">\n<style>.kadence-column_a7dd13-d4 > .kt-inside-inner-col,.kadence-column_a7dd13-d4 > .kt-inside-inner-col:before{border-top-left-radius:0px;border-top-right-radius:0px;border-bottom-right-radius:0px;border-bottom-left-radius:0px;}.kadence-column_a7dd13-d4 > .kt-inside-inner-col{column-gap:var(--global-kb-gap-sm, 1rem);}.kadence-column_a7dd13-d4 > .kt-inside-inner-col{flex-direction:column;}.kadence-column_a7dd13-d4 > .kt-inside-inner-col > .aligncenter{width:100%;}.kadence-column_a7dd13-d4 > .kt-inside-inner-col:before{opacity:0.3;}.kadence-column_a7dd13-d4{position:relative;}@media all and (max-width: 1024px){.kadence-column_a7dd13-d4 > .kt-inside-inner-col{flex-direction:column;justify-content:center;}}@media all and (max-width: 767px){.kadence-column_a7dd13-d4 > .kt-inside-inner-col{flex-direction:column;justify-content:center;}}<\/style>\n<div class=\"wp-block-kadence-column kadence-column_a7dd13-d4 inner-column-1\"><div class=\"kt-inside-inner-col\">\n<div class=\"wp-block-buttons is-horizontal is-content-justification-center is-layout-flex wp-container-core-buttons-is-layout-499968f5 wp-block-buttons-is-layout-flex\">\n<div class=\"wp-block-button\"><a class=\"wp-block-button__link wp-element-button\" href=\"https:\/\/www.kinderwunsch-institut.at\/erstgespraech\/\">UGOVORITE TERMIN ZA PRVI SPECIJALISTI\u010cKI RAZGOVOR<\/a><\/div>\n<\/div>\n<\/div><\/div>\n\n<\/div><\/div>","protected":false},"excerpt":{"rendered":"<p>Terapija sa intracitoplazmi\u010dnominjekcijom spermija (ICSI) ICSI Intracitoplazmi\u010dna injekcija spermija (ICSI) sli\u010dna je po principu in-vitro-fertilizaciji jer i tu dolazi do oplodnje jajne stanice u petrijevoj zdjelici. Bitna razlika je u \u010dinjenici da se kod ICSI jedna sjemena stanica direktno injicira u jajnu stanicu. Na koji na\u010din se vr\u0161i ICSI? Jajna stanica se pod mikroskopskim pove\u0107alom [&hellip;]<\/p>\n","protected":false},"author":2,"featured_media":0,"parent":57557,"menu_order":2,"comment_status":"closed","ping_status":"closed","template":"","meta":{"_acf_changed":false,"inline_featured_image":false,"_kad_blocks_custom_css":"","_kad_blocks_head_custom_js":"","_kad_blocks_body_custom_js":"","_kad_blocks_footer_custom_js":"","footnotes":""},"class_list":["post-57563","page","type-page","status-publish","hentry"],"acf":[],"featured_image_src_large":false,"author_info":{"display_name":"content","author_link":"https:\/\/www.kinderwunsch-institut.at\/hr\/author\/content\/"},"comment_info":0,"taxonomy_info":[],"_links":{"self":[{"href":"https:\/\/www.kinderwunsch-institut.at\/hr\/wp-json\/wp\/v2\/pages\/57563","targetHints":{"allow":["GET"]}}],"collection":[{"href":"https:\/\/www.kinderwunsch-institut.at\/hr\/wp-json\/wp\/v2\/pages"}],"about":[{"href":"https:\/\/www.kinderwunsch-institut.at\/hr\/wp-json\/wp\/v2\/types\/page"}],"author":[{"embeddable":true,"href":"https:\/\/www.kinderwunsch-institut.at\/hr\/wp-json\/wp\/v2\/users\/2"}],"replies":[{"embeddable":true,"href":"https:\/\/www.kinderwunsch-institut.at\/hr\/wp-json\/wp\/v2\/comments?post=57563"}],"version-history":[{"count":26,"href":"https:\/\/www.kinderwunsch-institut.at\/hr\/wp-json\/wp\/v2\/pages\/57563\/revisions"}],"predecessor-version":[{"id":59667,"href":"https:\/\/www.kinderwunsch-institut.at\/hr\/wp-json\/wp\/v2\/pages\/57563\/revisions\/59667"}],"up":[{"embeddable":true,"href":"https:\/\/www.kinderwunsch-institut.at\/hr\/wp-json\/wp\/v2\/pages\/57557"}],"wp:attachment":[{"href":"https:\/\/www.kinderwunsch-institut.at\/hr\/wp-json\/wp\/v2\/media?parent=57563"}],"curies":[{"name":"wp","href":"https:\/\/api.w.org\/{rel}","templated":true}]}}