{"id":57561,"date":"2021-11-30T10:18:57","date_gmt":"2021-11-30T09:18:57","guid":{"rendered":"https:\/\/www.kinderwunsch-institut.at\/behandlungsmethoden\/iui\/"},"modified":"2023-12-18T16:27:43","modified_gmt":"2023-12-18T15:27:43","slug":"intrauterina-inseminacija-iui","status":"publish","type":"page","link":"https:\/\/www.kinderwunsch-institut.at\/hr\/metode-medicinski-potpomognute-oplodnje\/intrauterina-inseminacija-iui\/","title":{"rendered":"Intrauterina inseminacija (IUI)"},"content":{"rendered":"<style>.kb-row-layout-id_39d361-dd > .kt-row-column-wrap{align-content:start;}:where(.kb-row-layout-id_39d361-dd > .kt-row-column-wrap) > .wp-block-kadence-column{justify-content:start;}.kb-row-layout-id_39d361-dd > .kt-row-column-wrap{column-gap:80px;row-gap:var(--global-kb-gap-md, 2rem);padding-top:26px;padding-bottom:25px;grid-template-columns:minmax(0, 2fr) minmax(0, 1fr);}.kb-row-layout-id_39d361-dd > .kt-row-layout-overlay{opacity:0.30;}@media all and (max-width: 1024px){.kb-row-layout-id_39d361-dd > .kt-row-column-wrap{grid-template-columns:minmax(0, 2fr) minmax(0, 1fr);}}@media all and (max-width: 767px){.kb-row-layout-id_39d361-dd > .kt-row-column-wrap{grid-template-columns:minmax(0, 1fr);}}<\/style><div class=\"kb-row-layout-wrap kb-row-layout-id_39d361-dd alignnone kiwi__fixed-right wp-block-kadence-rowlayout\"><div class=\"kt-row-column-wrap kt-has-2-columns kt-row-layout-left-golden kt-tab-layout-inherit kt-mobile-layout-row kt-row-valign-top\">\n<style>.kadence-column_5522e8-a1 > .kt-inside-inner-col,.kadence-column_5522e8-a1 > .kt-inside-inner-col:before{border-top-left-radius:0px;border-top-right-radius:0px;border-bottom-right-radius:0px;border-bottom-left-radius:0px;}.kadence-column_5522e8-a1 > .kt-inside-inner-col{column-gap:var(--global-kb-gap-sm, 1rem);}.kadence-column_5522e8-a1 > .kt-inside-inner-col{flex-direction:column;}.kadence-column_5522e8-a1 > .kt-inside-inner-col > .aligncenter{width:100%;}.kadence-column_5522e8-a1 > .kt-inside-inner-col:before{opacity:0.3;}.kadence-column_5522e8-a1{position:relative;}@media all and (max-width: 1024px){.kadence-column_5522e8-a1 > .kt-inside-inner-col{flex-direction:column;justify-content:center;}}@media all and (max-width: 767px){.kadence-column_5522e8-a1 > .kt-inside-inner-col{flex-direction:column;justify-content:center;}}<\/style>\n<div class=\"wp-block-kadence-column kadence-column_5522e8-a1 inner-column-1\"><div class=\"kt-inside-inner-col\">\n<h1 class=\"wp-block-heading\">Terapija<br>sa IUI<\/h1>\n\n\n\n<p>Kod postupka Interuterine inseminacije (IUI) se u najplodnijem vremenskom trenutku prirodnog ciklusa menstruacije unose sjemene stanice s tankim kateterom direktno u \u0161upljinu maternice. Tim postupkom se spermije nalazi bli\u017ee sazrijevaju\u0107ih jajnih stanica i postupak oplodnje se time olak\u0161ava. Za postupak se koriste ili sjeme partnera (homologna inseminacija) ili se vr\u0161i doniranim sjemenom (heterologna inseminacija).<\/p>\n\n\n\n<p>Institut \u201eKinderwunsch Institut\u201c raspola\u017ee sopstvenom bankom sjemena sa sjemenim stanicama donatora, koji se biraju prema veoma strogim kriterijama i kod kojih se vr\u0161i ispitivanje i testiranje prenosivih oboljenja.<\/p>\n\n\n\n<p><strong>Kada IUI za mene dolazi u obzir?<\/strong><\/p>\n\n\n\n<p>Postupak IUI tj., intrauterine inseminacije uostalom dolazi u obzir kada nalaz sjemena pokazuje umanjen broj funkcionalnih spermija, ali je pogodan za istospolne parove tj. \u017eene lezbejke, koje se odlu\u010de za donaciju sjemena.<\/p>\n\n\n\n<p>Za parove koji iz zdravstvenih tjelesnih razloga, kao \u0161to je invaliditet ili koji zbog drugih tjelesnih ograni\u010denja nemogu imati sno\u0161aj, navedeni postupak predstavlja relativno jednostavan put do \u017eeljenog djeteta.<\/p>\n\n\n\n<p>Kod navednog postupka se ponajprije sjeme mu\u0161karca u laboratoriju obra\u0111uje na taj na\u010din, da ostanu samo spermije optimalnog kvaliteta \u2013 to je ina\u010de postupak koji se prirodnim putem odvija tek u \u017eenskom tijelu. Da li je kod intrauterine inseminacije (IUI) potrebna stimulacija jajnika lijekovima, mo\u017ee se ustanoviti tek nakon opse\u017enih pregleda. Kod \u017eena kod kojih nije ograni\u010dena plodnost u pravilu to nije potrebno.<\/p>\n\n\n\n<figure class=\"wp-block-image size-full is-style-default\"><img loading=\"lazy\" decoding=\"async\" width=\"652\" height=\"551\" src=\"https:\/\/www.kinderwunsch-institut.at\/wp-content\/uploads\/2023\/12\/20231218_KIWI_WEB_Tabelle_kroatisch.png\" alt=\"\" class=\"wp-image-60020\" srcset=\"https:\/\/www.kinderwunsch-institut.at\/wp-content\/uploads\/2023\/12\/20231218_KIWI_WEB_Tabelle_kroatisch.png 652w, https:\/\/www.kinderwunsch-institut.at\/wp-content\/uploads\/2023\/12\/20231218_KIWI_WEB_Tabelle_kroatisch-300x254.png 300w\" sizes=\"auto, (max-width: 652px) 100vw, 652px\" \/><\/figure>\n\n\n\n<div class=\"wp-block-buttons is-layout-flex wp-block-buttons-is-layout-flex\">\n<div class=\"wp-block-button aligncenter\"><a class=\"wp-block-button__link wp-element-button\" href=\"https:\/\/www.kinderwunsch-institut.at\/erstgespraech\/\">UGOVORITE TERMIN ZA PRVI SPECIJALISTI\u010cKI RAZGOVOR<\/a><\/div>\n<\/div>\n<\/div><\/div>\n\n\n<style>.kadence-column_b2cd24-83 > .kt-inside-inner-col,.kadence-column_b2cd24-83 > .kt-inside-inner-col:before{border-top-left-radius:0px;border-top-right-radius:0px;border-bottom-right-radius:0px;border-bottom-left-radius:0px;}.kadence-column_b2cd24-83 > .kt-inside-inner-col{column-gap:var(--global-kb-gap-sm, 1rem);}.kadence-column_b2cd24-83 > .kt-inside-inner-col{flex-direction:column;}.kadence-column_b2cd24-83 > .kt-inside-inner-col > .aligncenter{width:100%;}.kadence-column_b2cd24-83 > .kt-inside-inner-col:before{opacity:0.3;}.kadence-column_b2cd24-83{position:relative;}@media all and (max-width: 1024px){.kadence-column_b2cd24-83 > .kt-inside-inner-col{flex-direction:column;justify-content:center;}}@media all and (max-width: 767px){.kadence-column_b2cd24-83 > .kt-inside-inner-col{flex-direction:column;justify-content:center;}}<\/style>\n<div class=\"wp-block-kadence-column kadence-column_b2cd24-83 inner-column-2\"><div class=\"kt-inside-inner-col\">\n<figure class=\"wp-block-image aligncenter size-large is-style-rounded\"><img loading=\"lazy\" decoding=\"async\" width=\"1024\" height=\"1024\" src=\"https:\/\/www.kinderwunsch-institut.at\/wp-content\/uploads\/2022\/07\/IUI-1024x1024.jpg\" alt=\"\" class=\"wp-image-1960\" srcset=\"https:\/\/www.kinderwunsch-institut.at\/wp-content\/uploads\/2022\/07\/IUI-1024x1024.jpg 1024w, https:\/\/www.kinderwunsch-institut.at\/wp-content\/uploads\/2022\/07\/IUI-300x300.jpg 300w, https:\/\/www.kinderwunsch-institut.at\/wp-content\/uploads\/2022\/07\/IUI-150x150.jpg 150w, https:\/\/www.kinderwunsch-institut.at\/wp-content\/uploads\/2022\/07\/IUI-768x768.jpg 768w, https:\/\/www.kinderwunsch-institut.at\/wp-content\/uploads\/2022\/07\/IUI-40x40.jpg 40w, https:\/\/www.kinderwunsch-institut.at\/wp-content\/uploads\/2022\/07\/IUI.jpg 1110w\" sizes=\"auto, (max-width: 1024px) 100vw, 1024px\" \/><\/figure>\n\n\n\n<div class=\"wp-block-buttons is-horizontal is-content-justification-center is-layout-flex wp-container-core-buttons-is-layout-499968f5 wp-block-buttons-is-layout-flex\">\n<div class=\"wp-block-button kiwi__back-button\"><a class=\"wp-block-button__link wp-element-button\" href=\"https:\/\/www.kinderwunsch-institut.at\/behandlungsmethoden\/\">NAZAD NA PREGLED<\/a><\/div>\n<\/div>\n<\/div><\/div>\n\n<\/div><\/div>","protected":false},"excerpt":{"rendered":"<p>Terapijasa IUI Kod postupka Interuterine inseminacije (IUI) se u najplodnijem vremenskom trenutku prirodnog ciklusa menstruacije unose sjemene stanice s tankim kateterom direktno u \u0161upljinu maternice. Tim postupkom se spermije nalazi bli\u017ee sazrijevaju\u0107ih jajnih stanica i postupak oplodnje se time olak\u0161ava. Za postupak se koriste ili sjeme partnera (homologna inseminacija) ili se vr\u0161i doniranim sjemenom (heterologna [&hellip;]<\/p>\n","protected":false},"author":1,"featured_media":0,"parent":57557,"menu_order":1,"comment_status":"closed","ping_status":"closed","template":"","meta":{"_acf_changed":false,"inline_featured_image":false,"_kad_blocks_custom_css":"","_kad_blocks_head_custom_js":"","_kad_blocks_body_custom_js":"","_kad_blocks_footer_custom_js":"","footnotes":""},"class_list":["post-57561","page","type-page","status-publish","hentry"],"acf":[],"featured_image_src_large":false,"author_info":{"display_name":"tronic","author_link":"https:\/\/www.kinderwunsch-institut.at\/hr\/author\/tronic\/"},"comment_info":0,"taxonomy_info":[],"_links":{"self":[{"href":"https:\/\/www.kinderwunsch-institut.at\/hr\/wp-json\/wp\/v2\/pages\/57561","targetHints":{"allow":["GET"]}}],"collection":[{"href":"https:\/\/www.kinderwunsch-institut.at\/hr\/wp-json\/wp\/v2\/pages"}],"about":[{"href":"https:\/\/www.kinderwunsch-institut.at\/hr\/wp-json\/wp\/v2\/types\/page"}],"author":[{"embeddable":true,"href":"https:\/\/www.kinderwunsch-institut.at\/hr\/wp-json\/wp\/v2\/users\/1"}],"replies":[{"embeddable":true,"href":"https:\/\/www.kinderwunsch-institut.at\/hr\/wp-json\/wp\/v2\/comments?post=57561"}],"version-history":[{"count":13,"href":"https:\/\/www.kinderwunsch-institut.at\/hr\/wp-json\/wp\/v2\/pages\/57561\/revisions"}],"predecessor-version":[{"id":60023,"href":"https:\/\/www.kinderwunsch-institut.at\/hr\/wp-json\/wp\/v2\/pages\/57561\/revisions\/60023"}],"up":[{"embeddable":true,"href":"https:\/\/www.kinderwunsch-institut.at\/hr\/wp-json\/wp\/v2\/pages\/57557"}],"wp:attachment":[{"href":"https:\/\/www.kinderwunsch-institut.at\/hr\/wp-json\/wp\/v2\/media?parent=57561"}],"curies":[{"name":"wp","href":"https:\/\/api.w.org\/{rel}","templated":true}]}}