{"id":57559,"date":"2021-12-21T15:08:22","date_gmt":"2021-12-21T14:08:22","guid":{"rendered":"https:\/\/www.kinderwunsch-institut.at\/behandlungsmethoden\/zyklusmonitoring\/"},"modified":"2023-09-14T12:01:12","modified_gmt":"2023-09-14T10:01:12","slug":"monitoring-ciklusa","status":"publish","type":"page","link":"https:\/\/www.kinderwunsch-institut.at\/hr\/metode-medicinski-potpomognute-oplodnje\/monitoring-ciklusa\/","title":{"rendered":"Monitoring ciklusa"},"content":{"rendered":"<style>.kb-row-layout-id_0b4dc0-f0 > .kt-row-column-wrap{align-content:start;}:where(.kb-row-layout-id_0b4dc0-f0 > .kt-row-column-wrap) > .wp-block-kadence-column{justify-content:start;}.kb-row-layout-id_0b4dc0-f0 > .kt-row-column-wrap{column-gap:80px;row-gap:var(--global-kb-gap-md, 2rem);padding-top:var(--global-kb-spacing-sm, 1.5rem);padding-bottom:var(--global-kb-spacing-sm, 1.5rem);grid-template-columns:minmax(0, calc(60% - ((80px * 1 )\/2)))minmax(0, calc(40% - ((80px * 1 )\/2)));}.kb-row-layout-id_0b4dc0-f0 > .kt-row-layout-overlay{opacity:0.30;}@media all and (max-width: 1024px){.kb-row-layout-id_0b4dc0-f0 > .kt-row-column-wrap{grid-template-columns:repeat(2, minmax(0, 1fr));}}@media all and (max-width: 767px){.kb-row-layout-id_0b4dc0-f0 > .kt-row-column-wrap{grid-template-columns:minmax(0, 1fr);}}<\/style><div class=\"kb-row-layout-wrap kb-row-layout-id_0b4dc0-f0 alignnone kiwi__fixed-right wp-block-kadence-rowlayout\"><div class=\"kt-row-column-wrap kt-has-2-columns kt-row-layout-equal kt-tab-layout-inherit kt-mobile-layout-row kt-row-valign-top\">\n<style>.kadence-column_ea176f-ce > .kt-inside-inner-col,.kadence-column_ea176f-ce > .kt-inside-inner-col:before{border-top-left-radius:0px;border-top-right-radius:0px;border-bottom-right-radius:0px;border-bottom-left-radius:0px;}.kadence-column_ea176f-ce > .kt-inside-inner-col{column-gap:var(--global-kb-gap-sm, 1rem);}.kadence-column_ea176f-ce > .kt-inside-inner-col{flex-direction:column;}.kadence-column_ea176f-ce > .kt-inside-inner-col > .aligncenter{width:100%;}.kadence-column_ea176f-ce > .kt-inside-inner-col:before{opacity:0.3;}.kadence-column_ea176f-ce{position:relative;}@media all and (max-width: 1024px){.kadence-column_ea176f-ce > .kt-inside-inner-col{flex-direction:column;justify-content:center;}}@media all and (max-width: 767px){.kadence-column_ea176f-ce > .kt-inside-inner-col{flex-direction:column;justify-content:center;}}<\/style>\n<div class=\"wp-block-kadence-column kadence-column_ea176f-ce inner-column-1\"><div class=\"kt-inside-inner-col\">\n<h1 class=\"wp-block-heading\">Monitoring ciklusa - Utvr\u0111ivanje <br>plodnih dana<\/h1>\n\n\n\n<p><strong>Na koji na\u010din funkcionira monitoring ciklusa?<\/strong><\/p>\n\n\n\n<p>Kod monitoringa ciklusa se putem ultrazvuka kontrolira rast folikula i izgled sluznice maternice. Na taj se na\u010din veoma to\u010dno mogu odrediti plodni dani, te Vam mo\u017eemo preporu\u010diti kada biste ta\u010dno trebali imati spolni sno\u0161aj. Na taj na\u010din se mogu uve\u0107ati Va\u0161e mogu\u0107nosti za\u010de\u0107a i trudno\u0107e.<\/p>\n\n\n\n<p>Plodni period \u017eenskog ciklusa ograni\u010den je na svege nekoliko dana prije i poslije ovulacije. Spermije mogu pod najpovoljnijim uvjetima pre\u017eivjeti do 2 dana, a jajna je stanica nakon ovulacije spremna za oplodnju samo od prilike 24 sata te ukoliko ne do\u0111e do oplodnje, jajna stanica odumire.<\/p>\n\n\n\n<p>Potrebno je ispitati, kada je navedeni vremenski raspon plodnosti i isti koristiti.<\/p>\n\n\n\n<p><strong>Da li je \u201eciljani spolni odnos\u201c i za nas opcija?<\/strong><\/p>\n\n\n\n<p>Najva\u017enija pretpostavka za uspje\u0161an \u201eciljani spolni odnos\u201c, tj. sno\u0161aj u optimalnom vremenu plodnosti, je prohodnost jajovoda i neupadljiv normalan ciklus menstruacije. Tako\u0111er i spermiogram mu\u0161karca ne smije biti upadljiv.<\/p>\n\n\n\n<p>Isto tako i dob \u017eene kod \u201eciljanog spolnog odnosa\u201c igra veliku ulogu, jer \u010dak i u slu\u010daju da, u optimalnom vremenu plodnosti i najplodnijim danima, do\u0111e do sno\u0161aja nema garancije da \u0107e do\u0107i do oplodnje. Kod \u017eene u starosnoj dobi izme\u0111u 20. i 25. godine \u017eivota, vjerojatnost za\u010de\u0107a i nastupanja trudno\u0107e po ciklusu le\u017ei kod od prilike 30 procenata.<\/p>\n\n\n\n<p>Od 35. godine, pa nadalje su mogu\u0107nosti i prilike za\u010de\u0107a upola manje i snizuju se do po\u010detka dobi od 40 godina na od prilike 10 procenata.<\/p>\n\n\n\n<p>Prilikom opse\u017enih zdravstvenih pregleda vezani za plodnost i analizu plodnosti u na\u0161em institutu \u201eKinderwunsch Institut\u201c mo\u017eemo ustanoviti da li metoda \u201eciljani spolni odnos\u201c, tj. sno\u0161aj u optimalnom vremenu plodnosti dolazi i za Vas u obzir, te na koji na\u010din Vas mo\u017eem podr\u017eati na Va\u0161em putu do Va\u0161eg \u017eeljenog djeteta.<\/p>\n\n\n\n<div style=\"height:50px\" aria-hidden=\"true\" class=\"wp-block-spacer\"><\/div>\n\n\n\n<div class=\"wp-block-buttons is-layout-flex wp-block-buttons-is-layout-flex\">\n<div class=\"wp-block-button\"><a class=\"wp-block-button__link wp-element-button\" href=\"https:\/\/www.kinderwunsch-institut.at\/erstgespraech\/\">UGOVORITE TERMIN ZA PRVI SPECIJALISTI\u010cKI RAZGOVOR<\/a><\/div>\n<\/div>\n<\/div><\/div>\n\n\n<style>.kadence-column_0daa77-7e > .kt-inside-inner-col,.kadence-column_0daa77-7e > .kt-inside-inner-col:before{border-top-left-radius:0px;border-top-right-radius:0px;border-bottom-right-radius:0px;border-bottom-left-radius:0px;}.kadence-column_0daa77-7e > .kt-inside-inner-col{column-gap:var(--global-kb-gap-sm, 1rem);}.kadence-column_0daa77-7e > .kt-inside-inner-col{flex-direction:column;}.kadence-column_0daa77-7e > .kt-inside-inner-col > .aligncenter{width:100%;}.kadence-column_0daa77-7e > .kt-inside-inner-col:before{opacity:0.3;}.kadence-column_0daa77-7e{position:relative;}@media all and (max-width: 1024px){.kadence-column_0daa77-7e > .kt-inside-inner-col{flex-direction:column;justify-content:center;}}@media all and (max-width: 767px){.kadence-column_0daa77-7e > .kt-inside-inner-col{flex-direction:column;justify-content:center;}}<\/style>\n<div class=\"wp-block-kadence-column kadence-column_0daa77-7e inner-column-2\"><div class=\"kt-inside-inner-col\">\n<figure class=\"wp-block-image aligncenter size-large is-resized is-style-rounded\"><img loading=\"lazy\" decoding=\"async\" src=\"https:\/\/www.kinderwunsch-institut.at\/wp-content\/uploads\/2022\/07\/Zyklusmonitoring-1024x1024.jpg\" alt=\"\" class=\"wp-image-1924\" width=\"400\" height=\"400\" srcset=\"https:\/\/www.kinderwunsch-institut.at\/wp-content\/uploads\/2022\/07\/Zyklusmonitoring-1024x1024.jpg 1024w, https:\/\/www.kinderwunsch-institut.at\/wp-content\/uploads\/2022\/07\/Zyklusmonitoring-300x300.jpg 300w, https:\/\/www.kinderwunsch-institut.at\/wp-content\/uploads\/2022\/07\/Zyklusmonitoring-150x150.jpg 150w, https:\/\/www.kinderwunsch-institut.at\/wp-content\/uploads\/2022\/07\/Zyklusmonitoring-768x768.jpg 768w, https:\/\/www.kinderwunsch-institut.at\/wp-content\/uploads\/2022\/07\/Zyklusmonitoring-40x40.jpg 40w, https:\/\/www.kinderwunsch-institut.at\/wp-content\/uploads\/2022\/07\/Zyklusmonitoring.jpg 1110w\" sizes=\"auto, (max-width: 400px) 100vw, 400px\" \/><\/figure>\n\n\n\n<div class=\"wp-block-buttons is-horizontal is-content-justification-center is-layout-flex wp-container-core-buttons-is-layout-499968f5 wp-block-buttons-is-layout-flex\">\n<div class=\"wp-block-button kiwi__back-button\"><a class=\"wp-block-button__link wp-element-button\" href=\"https:\/\/www.kinderwunsch-institut.at\/behandlungsmethoden\/\">NAZAD NA PREGLED<\/a><\/div>\n<\/div>\n<\/div><\/div>\n\n<\/div><\/div>","protected":false},"excerpt":{"rendered":"<p>Monitoring ciklusa - Utvr\u0111ivanje plodnih dana Na koji na\u010din funkcionira monitoring ciklusa? Kod monitoringa ciklusa se putem ultrazvuka kontrolira rast folikula i izgled sluznice maternice. Na taj se na\u010din veoma to\u010dno mogu odrediti plodni dani, te Vam mo\u017eemo preporu\u010diti kada biste ta\u010dno trebali imati spolni sno\u0161aj. Na taj na\u010din se mogu uve\u0107ati Va\u0161e mogu\u0107nosti za\u010de\u0107a [&hellip;]<\/p>\n","protected":false},"author":1,"featured_media":0,"parent":57557,"menu_order":0,"comment_status":"closed","ping_status":"closed","template":"","meta":{"_acf_changed":false,"inline_featured_image":false,"_kad_blocks_custom_css":"","_kad_blocks_head_custom_js":"","_kad_blocks_body_custom_js":"","_kad_blocks_footer_custom_js":"","footnotes":""},"class_list":["post-57559","page","type-page","status-publish","hentry"],"acf":[],"featured_image_src_large":false,"author_info":{"display_name":"tronic","author_link":"https:\/\/www.kinderwunsch-institut.at\/hr\/author\/tronic\/"},"comment_info":0,"taxonomy_info":[],"_links":{"self":[{"href":"https:\/\/www.kinderwunsch-institut.at\/hr\/wp-json\/wp\/v2\/pages\/57559","targetHints":{"allow":["GET"]}}],"collection":[{"href":"https:\/\/www.kinderwunsch-institut.at\/hr\/wp-json\/wp\/v2\/pages"}],"about":[{"href":"https:\/\/www.kinderwunsch-institut.at\/hr\/wp-json\/wp\/v2\/types\/page"}],"author":[{"embeddable":true,"href":"https:\/\/www.kinderwunsch-institut.at\/hr\/wp-json\/wp\/v2\/users\/1"}],"replies":[{"embeddable":true,"href":"https:\/\/www.kinderwunsch-institut.at\/hr\/wp-json\/wp\/v2\/comments?post=57559"}],"version-history":[{"count":16,"href":"https:\/\/www.kinderwunsch-institut.at\/hr\/wp-json\/wp\/v2\/pages\/57559\/revisions"}],"predecessor-version":[{"id":59632,"href":"https:\/\/www.kinderwunsch-institut.at\/hr\/wp-json\/wp\/v2\/pages\/57559\/revisions\/59632"}],"up":[{"embeddable":true,"href":"https:\/\/www.kinderwunsch-institut.at\/hr\/wp-json\/wp\/v2\/pages\/57557"}],"wp:attachment":[{"href":"https:\/\/www.kinderwunsch-institut.at\/hr\/wp-json\/wp\/v2\/media?parent=57559"}],"curies":[{"name":"wp","href":"https:\/\/api.w.org\/{rel}","templated":true}]}}