{"id":57555,"date":"2021-12-21T15:05:33","date_gmt":"2021-12-21T14:05:33","guid":{"rendered":"https:\/\/www.kinderwunsch-institut.at\/ursachen\/fertibot\/"},"modified":"2023-09-11T17:07:12","modified_gmt":"2023-09-11T15:07:12","slug":"fertibot","status":"publish","type":"page","link":"https:\/\/www.kinderwunsch-institut.at\/hr\/savjetovanje-dijagnoza\/fertibot\/","title":{"rendered":"FertiBot"},"content":{"rendered":"<style>.kb-row-layout-id_81dd1b-c8 > .kt-row-column-wrap{align-content:start;}:where(.kb-row-layout-id_81dd1b-c8 > .kt-row-column-wrap) > .wp-block-kadence-column{justify-content:start;}.kb-row-layout-id_81dd1b-c8 > .kt-row-column-wrap{column-gap:var(--global-kb-gap-md, 2rem);row-gap:var(--global-kb-gap-md, 2rem);padding-top:var(--global-kb-spacing-sm, 1.5rem);padding-bottom:var(--global-kb-spacing-sm, 1.5rem);grid-template-columns:repeat(2, minmax(0, 1fr));}.kb-row-layout-id_81dd1b-c8 > .kt-row-layout-overlay{opacity:0.30;}@media all and (max-width: 1024px){.kb-row-layout-id_81dd1b-c8 > .kt-row-column-wrap{grid-template-columns:repeat(2, minmax(0, 1fr));}}@media all and (max-width: 767px){.kb-row-layout-id_81dd1b-c8 > .kt-row-column-wrap{grid-template-columns:minmax(0, 1fr);}}<\/style><div class=\"kb-row-layout-wrap kb-row-layout-id_81dd1b-c8 alignnone wp-block-kadence-rowlayout\"><div class=\"kt-row-column-wrap kt-has-2-columns kt-row-layout-equal kt-tab-layout-inherit kt-mobile-layout-row kt-row-valign-top\">\n<style>.kadence-column_fe8b43-be > .kt-inside-inner-col,.kadence-column_fe8b43-be > .kt-inside-inner-col:before{border-top-left-radius:0px;border-top-right-radius:0px;border-bottom-right-radius:0px;border-bottom-left-radius:0px;}.kadence-column_fe8b43-be > .kt-inside-inner-col{column-gap:var(--global-kb-gap-sm, 1rem);}.kadence-column_fe8b43-be > .kt-inside-inner-col{flex-direction:column;}.kadence-column_fe8b43-be > .kt-inside-inner-col > .aligncenter{width:100%;}.kadence-column_fe8b43-be > .kt-inside-inner-col:before{opacity:0.3;}.kadence-column_fe8b43-be{position:relative;}@media all and (max-width: 1024px){.kadence-column_fe8b43-be > .kt-inside-inner-col{flex-direction:column;justify-content:center;}}@media all and (max-width: 767px){.kadence-column_fe8b43-be > .kt-inside-inner-col{flex-direction:column;justify-content:center;}}<\/style>\n<div class=\"wp-block-kadence-column kadence-column_fe8b43-be inner-column-1\"><div class=\"kt-inside-inner-col\">\n<figure class=\"wp-block-image size-large is-style-default\"><img loading=\"lazy\" decoding=\"async\" width=\"1024\" height=\"1024\" src=\"https:\/\/www.kinderwunsch-institut.at\/wp-content\/uploads\/2022\/02\/Fertibot_Fruchtbarkeitstest-1024x1024.png\" alt=\"\" class=\"wp-image-379\" srcset=\"https:\/\/www.kinderwunsch-institut.at\/wp-content\/uploads\/2022\/02\/Fertibot_Fruchtbarkeitstest-1024x1024.png 1024w, https:\/\/www.kinderwunsch-institut.at\/wp-content\/uploads\/2022\/02\/Fertibot_Fruchtbarkeitstest-300x300.png 300w, https:\/\/www.kinderwunsch-institut.at\/wp-content\/uploads\/2022\/02\/Fertibot_Fruchtbarkeitstest-150x150.png 150w, https:\/\/www.kinderwunsch-institut.at\/wp-content\/uploads\/2022\/02\/Fertibot_Fruchtbarkeitstest-768x768.png 768w, https:\/\/www.kinderwunsch-institut.at\/wp-content\/uploads\/2022\/02\/Fertibot_Fruchtbarkeitstest-1536x1536.png 1536w, https:\/\/www.kinderwunsch-institut.at\/wp-content\/uploads\/2022\/02\/Fertibot_Fruchtbarkeitstest-2048x2048.png 2048w, https:\/\/www.kinderwunsch-institut.at\/wp-content\/uploads\/2022\/02\/Fertibot_Fruchtbarkeitstest-40x40.png 40w\" sizes=\"auto, (max-width: 1024px) 100vw, 1024px\" \/><\/figure>\n<\/div><\/div>\n\n\n<style>.kadence-column_9a69c5-8f > .kt-inside-inner-col,.kadence-column_9a69c5-8f > .kt-inside-inner-col:before{border-top-left-radius:0px;border-top-right-radius:0px;border-bottom-right-radius:0px;border-bottom-left-radius:0px;}.kadence-column_9a69c5-8f > .kt-inside-inner-col{column-gap:var(--global-kb-gap-sm, 1rem);}.kadence-column_9a69c5-8f > .kt-inside-inner-col{flex-direction:column;}.kadence-column_9a69c5-8f > .kt-inside-inner-col > .aligncenter{width:100%;}.kadence-column_9a69c5-8f > .kt-inside-inner-col:before{opacity:0.3;}.kadence-column_9a69c5-8f{position:relative;}@media all and (max-width: 1024px){.kadence-column_9a69c5-8f > .kt-inside-inner-col{flex-direction:column;justify-content:center;}}@media all and (max-width: 767px){.kadence-column_9a69c5-8f > .kt-inside-inner-col{flex-direction:column;justify-content:center;}}<\/style>\n<div class=\"wp-block-kadence-column kadence-column_9a69c5-8f inner-column-2\"><div class=\"kt-inside-inner-col\">\n<h1 class=\"wp-block-heading\">FertiBot \u2013 <br>digitalni test <br>plodnostidigitale<\/h1>\n\n\n\n<p>Na\u0161im digitalnim chatbotom, testom plodnosti \u201eFertiBot\u201c postavili smo sasvim nove smjernice u ranom otkrivanju mogu\u0107ih pote\u0161ko\u0107a plodnosti. Specijalno za osobe koji imaju \u017eelju za djetetom razvijen je \u201eChatbot\u201c koji je prvi svoje vrste \u2013 i to \u0161irom svijeta!<\/p>\n\n\n\n<p>Preko slijede\u0107eg gumba direktno dolazite do digitalnog testa plodnosti \u201cFertiBot\u201d:<\/p>\n\n\n\n<div class=\"wp-block-buttons is-layout-flex wp-block-buttons-is-layout-flex\">\n<div class=\"wp-block-button\"><a class=\"wp-block-button__link wp-element-button\" href=\"http:\/\/m.me\/Fertibot\" target=\"_blank\" rel=\"noreferrer noopener\">KLIKNITE OVDJE ZA DIGITALNI TEST PLODNOSTI<\/a><\/div>\n<\/div>\n\n\n\n<p>FertiBot tada po\u010dinje koristiti Facebook Messenger. Nakon \u0161to odgovorite na sva pitanja, va\u0161a \u0107e se plodnost anonimno procijeniti.<br><\/p>\n<\/div><\/div>\n\n<\/div><\/div>\n\n\n<h2 class=\"has-text-align-center wp-block-heading\">\u0160to su ChatBotovi?<\/h2>\n\n\n\n<p class=\"has-text-align-center\">FertiBot se pokre\u0107e putem Facebook Messengera i nakon odgovora na nekoliko pitanja daje po\u010detnu procjenu plodnosti.<br>Ocjenjivanje se provodi uz strogo po\u0161tivanje propisa o za\u0161titi podataka i potpuno je anonimno.<\/p>\n","protected":false},"excerpt":{"rendered":"<p>FertiBot \u2013 digitalni test plodnostidigitale Na\u0161im digitalnim chatbotom, testom plodnosti \u201eFertiBot\u201c postavili smo sasvim nove smjernice u ranom otkrivanju mogu\u0107ih pote\u0161ko\u0107a plodnosti. Specijalno za osobe koji imaju \u017eelju za djetetom razvijen je \u201eChatbot\u201c koji je prvi svoje vrste \u2013 i to \u0161irom svijeta! Preko slijede\u0107eg gumba direktno dolazite do digitalnog testa plodnosti \u201cFertiBot\u201d: FertiBot tada [&hellip;]<\/p>\n","protected":false},"author":2,"featured_media":0,"parent":57462,"menu_order":0,"comment_status":"closed","ping_status":"closed","template":"","meta":{"_acf_changed":false,"inline_featured_image":false,"_kad_blocks_custom_css":"","_kad_blocks_head_custom_js":"","_kad_blocks_body_custom_js":"","_kad_blocks_footer_custom_js":"","footnotes":""},"class_list":["post-57555","page","type-page","status-publish","hentry"],"acf":[],"featured_image_src_large":false,"author_info":{"display_name":"content","author_link":"https:\/\/www.kinderwunsch-institut.at\/hr\/author\/content\/"},"comment_info":0,"taxonomy_info":[],"_links":{"self":[{"href":"https:\/\/www.kinderwunsch-institut.at\/hr\/wp-json\/wp\/v2\/pages\/57555","targetHints":{"allow":["GET"]}}],"collection":[{"href":"https:\/\/www.kinderwunsch-institut.at\/hr\/wp-json\/wp\/v2\/pages"}],"about":[{"href":"https:\/\/www.kinderwunsch-institut.at\/hr\/wp-json\/wp\/v2\/types\/page"}],"author":[{"embeddable":true,"href":"https:\/\/www.kinderwunsch-institut.at\/hr\/wp-json\/wp\/v2\/users\/2"}],"replies":[{"embeddable":true,"href":"https:\/\/www.kinderwunsch-institut.at\/hr\/wp-json\/wp\/v2\/comments?post=57555"}],"version-history":[{"count":7,"href":"https:\/\/www.kinderwunsch-institut.at\/hr\/wp-json\/wp\/v2\/pages\/57555\/revisions"}],"predecessor-version":[{"id":59573,"href":"https:\/\/www.kinderwunsch-institut.at\/hr\/wp-json\/wp\/v2\/pages\/57555\/revisions\/59573"}],"up":[{"embeddable":true,"href":"https:\/\/www.kinderwunsch-institut.at\/hr\/wp-json\/wp\/v2\/pages\/57462"}],"wp:attachment":[{"href":"https:\/\/www.kinderwunsch-institut.at\/hr\/wp-json\/wp\/v2\/media?parent=57555"}],"curies":[{"name":"wp","href":"https:\/\/api.w.org\/{rel}","templated":true}]}}